{"id":413232,"date":"2026-03-20T21:47:20","date_gmt":"2026-03-21T01:47:20","guid":{"rendered":"https:\/\/www.avenuedesigncanada.com\/product\/vitrine-mist\/"},"modified":"2026-03-20T21:49:19","modified_gmt":"2026-03-21T01:49:19","slug":"vitrine-mist","status":"publish","type":"product","link":"https:\/\/www.avenuedesigncanada.com\/fr\/product\/vitrine-mist\/","title":{"rendered":"Vitrine Mist"},"content":{"rendered":"<p><em>  L&rsquo;armoire d&rsquo;exposition Mist pr\u00e9sente les caract\u00e9ristiques suivantes : <em><br \/>\n 3 \u00e9tag\u00e8res r\u00e9glables<\/p>\n<p>1 \u00e9tag\u00e8re fixe<\/p>\n<p>Bande lumineuse LED<\/p>\n<p>Bo\u00eetier en finition Mist<\/p>\n<p>Portes m\u00e9talliques Smoked Gold<br \/>\nVous avez des questions sur ce produit ? Nos designers sont l\u00e0 pour vous aider. Appelez-nous au (514) 340-9351  <\/p>\n","protected":false},"excerpt":{"rendered":"<p>La vitrine Mist est une pi\u00e8ce haute et \u00e9l\u00e9gante, finie en ch\u00eane clair Mist avec de subtils accents m\u00e9talliques Smoked Gold. Son panneau arri\u00e8re en noyer flamm\u00e9 contrast\u00e9 offre une toile de fond riche et chaleureuse pour mettre en valeur les objets expos\u00e9s. <\/p>\n","protected":false},"featured_media":413018,"template":"","meta":{"_kad_blocks_custom_css":"","_kad_blocks_head_custom_js":"","_kad_blocks_body_custom_js":"","_kad_blocks_footer_custom_js":"","_kad_post_transparent":"","_kad_post_title":"","_kad_post_layout":"","_kad_post_sidebar_id":"","_kad_post_content_style":"","_kad_post_vertical_padding":"","_kad_post_feature":"","_kad_post_feature_position":"","_kad_post_header":false,"_kad_post_footer":false,"_kad_post_classname":""},"product_brand":[],"product_cat":[1309],"product_tag":[1513],"class_list":{"0":"post-413232","1":"product","2":"type-product","3":"status-publish","4":"has-post-thumbnail","6":"product_cat-rangement-fr","7":"product_tag-paramount-fr","9":"first","10":"instock","11":"taxable","12":"shipping-taxable","13":"product-type-simple","14":"entry","15":"content-bg","16":"loop-entry"},"taxonomy_info":{"product_cat":[{"value":1309,"label":"Rangement"}],"product_tag":[{"value":1513,"label":"Paramount"}]},"featured_image_src_large":["https:\/\/www.avenuedesigncanada.com\/wp-content\/uploads\/2026\/03\/U560A675_VM-1024x1024.jpg",1024,1024,true],"author_info":[],"comment_info":"","_links":{"self":[{"href":"https:\/\/www.avenuedesigncanada.com\/fr\/wp-json\/wp\/v2\/product\/413232","targetHints":{"allow":["GET"]}}],"collection":[{"href":"https:\/\/www.avenuedesigncanada.com\/fr\/wp-json\/wp\/v2\/product"}],"about":[{"href":"https:\/\/www.avenuedesigncanada.com\/fr\/wp-json\/wp\/v2\/types\/product"}],"wp:featuredmedia":[{"embeddable":true,"href":"https:\/\/www.avenuedesigncanada.com\/fr\/wp-json\/wp\/v2\/media\/413018"}],"wp:attachment":[{"href":"https:\/\/www.avenuedesigncanada.com\/fr\/wp-json\/wp\/v2\/media?parent=413232"}],"wp:term":[{"taxonomy":"product_brand","embeddable":true,"href":"https:\/\/www.avenuedesigncanada.com\/fr\/wp-json\/wp\/v2\/product_brand?post=413232"},{"taxonomy":"product_cat","embeddable":true,"href":"https:\/\/www.avenuedesigncanada.com\/fr\/wp-json\/wp\/v2\/product_cat?post=413232"},{"taxonomy":"product_tag","embeddable":true,"href":"https:\/\/www.avenuedesigncanada.com\/fr\/wp-json\/wp\/v2\/product_tag?post=413232"}],"curies":[{"name":"wp","href":"https:\/\/api.w.org\/{rel}","templated":true}]}}