{"id":413234,"date":"2026-03-20T21:47:23","date_gmt":"2026-03-21T01:47:23","guid":{"rendered":"https:\/\/www.avenuedesigncanada.com\/product\/banc-strata\/"},"modified":"2026-03-20T21:49:21","modified_gmt":"2026-03-21T01:49:21","slug":"banc-strata","status":"publish","type":"product","link":"https:\/\/www.avenuedesigncanada.com\/fr\/product\/banc-strata\/","title":{"rendered":"Banc Strata"},"content":{"rendered":"<p><em>  Le banc Strata pr\u00e9sente les caract\u00e9ristiques suivantes : <em><br \/>\n Tissu : Levi Oyster<\/p>\n<p>Finition base brume<br \/>\nVous avez des questions sur ce produit ? Nos designers sont l\u00e0 pour vous aider. Appelez-nous au (514) 340-9351  <\/p>\n","protected":false},"excerpt":{"rendered":"<p>La banquette Strata est une banquette de lit tapiss\u00e9e qui pr\u00e9sente des canalisations verticales frappantes dans un tissu Levi Oyster doux. Reposant sur un socle bas en Mist Oak, le Strata Bench est la pi\u00e8ce d&rsquo;accent parfaite pour compl\u00e9ter une chambre \u00e0 coucher sophistiqu\u00e9e. <\/p>\n","protected":false},"featured_media":413004,"template":"","meta":{"_kad_blocks_custom_css":"","_kad_blocks_head_custom_js":"","_kad_blocks_body_custom_js":"","_kad_blocks_footer_custom_js":"","_kad_post_transparent":"","_kad_post_title":"","_kad_post_layout":"","_kad_post_sidebar_id":"","_kad_post_content_style":"","_kad_post_vertical_padding":"","_kad_post_feature":"","_kad_post_feature_position":"","_kad_post_header":false,"_kad_post_footer":false,"_kad_post_classname":""},"product_brand":[],"product_cat":[1318],"product_tag":[1513],"class_list":{"0":"post-413234","1":"product","2":"type-product","3":"status-publish","4":"has-post-thumbnail","6":"product_cat-bancs-2","7":"product_tag-paramount-fr","9":"first","10":"instock","11":"taxable","12":"shipping-taxable","13":"product-type-simple","14":"entry","15":"content-bg","16":"loop-entry"},"taxonomy_info":{"product_cat":[{"value":1318,"label":"Bancs"}],"product_tag":[{"value":1513,"label":"Paramount"}]},"featured_image_src_large":["https:\/\/www.avenuedesigncanada.com\/wp-content\/uploads\/2026\/03\/U560A380_VM2-1024x1024.jpg",1024,1024,true],"author_info":[],"comment_info":"","_links":{"self":[{"href":"https:\/\/www.avenuedesigncanada.com\/fr\/wp-json\/wp\/v2\/product\/413234","targetHints":{"allow":["GET"]}}],"collection":[{"href":"https:\/\/www.avenuedesigncanada.com\/fr\/wp-json\/wp\/v2\/product"}],"about":[{"href":"https:\/\/www.avenuedesigncanada.com\/fr\/wp-json\/wp\/v2\/types\/product"}],"wp:featuredmedia":[{"embeddable":true,"href":"https:\/\/www.avenuedesigncanada.com\/fr\/wp-json\/wp\/v2\/media\/413004"}],"wp:attachment":[{"href":"https:\/\/www.avenuedesigncanada.com\/fr\/wp-json\/wp\/v2\/media?parent=413234"}],"wp:term":[{"taxonomy":"product_brand","embeddable":true,"href":"https:\/\/www.avenuedesigncanada.com\/fr\/wp-json\/wp\/v2\/product_brand?post=413234"},{"taxonomy":"product_cat","embeddable":true,"href":"https:\/\/www.avenuedesigncanada.com\/fr\/wp-json\/wp\/v2\/product_cat?post=413234"},{"taxonomy":"product_tag","embeddable":true,"href":"https:\/\/www.avenuedesigncanada.com\/fr\/wp-json\/wp\/v2\/product_tag?post=413234"}],"curies":[{"name":"wp","href":"https:\/\/api.w.org\/{rel}","templated":true}]}}