{"id":413235,"date":"2026-03-20T21:47:24","date_gmt":"2026-03-21T01:47:24","guid":{"rendered":"https:\/\/www.avenuedesigncanada.com\/product\/etagere-mist\/"},"modified":"2026-03-20T21:49:22","modified_gmt":"2026-03-21T01:49:22","slug":"etagere-mist","status":"publish","type":"product","link":"https:\/\/www.avenuedesigncanada.com\/fr\/product\/etagere-mist\/","title":{"rendered":"Etag\u00e8re Mist"},"content":{"rendered":"<p><em>  L&rsquo;\u00e9tag\u00e8re Mist pr\u00e9sente les caract\u00e9ristiques suivantes : <em><br \/>\n 5 \u00e9tag\u00e8res<\/p>\n<p>Finition brume<br \/>\nVous avez des questions sur ce produit ? Nos designers sont l\u00e0 pour vous aider. Appelez-nous au (514) 340-9351  <\/p>\n","protected":false},"excerpt":{"rendered":"<p>L&rsquo;\u00e9tag\u00e8re Mist est une haute biblioth\u00e8que \u00e0 cinq \u00e9tag\u00e8res enti\u00e8rement finie en ch\u00eane Mist clair. Sa forme ouverte et \u00e9pur\u00e9e offre une solution d&rsquo;exposition sophistiqu\u00e9e et a\u00e9r\u00e9e. <\/p>\n","protected":false},"featured_media":413042,"template":"","meta":{"_kad_blocks_custom_css":"","_kad_blocks_head_custom_js":"","_kad_blocks_body_custom_js":"","_kad_blocks_footer_custom_js":"","_kad_post_transparent":"","_kad_post_title":"","_kad_post_layout":"","_kad_post_sidebar_id":"","_kad_post_content_style":"","_kad_post_vertical_padding":"","_kad_post_feature":"","_kad_post_feature_position":"","_kad_post_header":false,"_kad_post_footer":false,"_kad_post_classname":""},"product_brand":[],"product_cat":[1309],"product_tag":[1513],"class_list":{"0":"post-413235","1":"product","2":"type-product","3":"status-publish","4":"has-post-thumbnail","6":"product_cat-rangement-fr","7":"product_tag-paramount-fr","9":"first","10":"instock","11":"taxable","12":"shipping-taxable","13":"product-type-simple","14":"entry","15":"content-bg","16":"loop-entry"},"taxonomy_info":{"product_cat":[{"value":1309,"label":"Rangement"}],"product_tag":[{"value":1513,"label":"Paramount"}]},"featured_image_src_large":["https:\/\/www.avenuedesigncanada.com\/wp-content\/uploads\/2026\/03\/U560A850_VM2_vm_001-1024x1024.jpg",1024,1024,true],"author_info":[],"comment_info":"","_links":{"self":[{"href":"https:\/\/www.avenuedesigncanada.com\/fr\/wp-json\/wp\/v2\/product\/413235","targetHints":{"allow":["GET"]}}],"collection":[{"href":"https:\/\/www.avenuedesigncanada.com\/fr\/wp-json\/wp\/v2\/product"}],"about":[{"href":"https:\/\/www.avenuedesigncanada.com\/fr\/wp-json\/wp\/v2\/types\/product"}],"wp:featuredmedia":[{"embeddable":true,"href":"https:\/\/www.avenuedesigncanada.com\/fr\/wp-json\/wp\/v2\/media\/413042"}],"wp:attachment":[{"href":"https:\/\/www.avenuedesigncanada.com\/fr\/wp-json\/wp\/v2\/media?parent=413235"}],"wp:term":[{"taxonomy":"product_brand","embeddable":true,"href":"https:\/\/www.avenuedesigncanada.com\/fr\/wp-json\/wp\/v2\/product_brand?post=413235"},{"taxonomy":"product_cat","embeddable":true,"href":"https:\/\/www.avenuedesigncanada.com\/fr\/wp-json\/wp\/v2\/product_cat?post=413235"},{"taxonomy":"product_tag","embeddable":true,"href":"https:\/\/www.avenuedesigncanada.com\/fr\/wp-json\/wp\/v2\/product_tag?post=413235"}],"curies":[{"name":"wp","href":"https:\/\/api.w.org\/{rel}","templated":true}]}}