{"id":413239,"date":"2026-03-20T16:17:15","date_gmt":"2026-03-20T20:17:15","guid":{"rendered":"https:\/\/www.avenuedesigncanada.com\/product\/lit-de-rangement-horizon\/"},"modified":"2026-03-20T21:51:54","modified_gmt":"2026-03-21T01:51:54","slug":"lit-de-rangement-horizon","status":"publish","type":"product","link":"https:\/\/www.avenuedesigncanada.com\/fr\/product\/lit-de-rangement-horizon\/","title":{"rendered":"Lit de rangement Horizon"},"content":{"rendered":"<p><em>  Le lit de rangement Horizon pr\u00e9sente les caract\u00e9ristiques suivantes : <em><br \/>\n Finition brume<\/p>\n<p>Tissu: Neve Linen<\/p>\n<p>Options de taille : Queen 70&Prime; x 92&Prime; x 48&Prime;<br \/>\nVous avez des questions sur ce produit ? Nos designers sont l\u00e0 pour vous aider. Appelez-nous au (514) 340-9351  <\/p>\n","protected":false},"excerpt":{"rendered":"<p>Le lit de rangement Horizon offre \u00e0 la fois un style \u00e9lev\u00e9 et une utilit\u00e9 pratique avec sa t\u00eate de lit tuft\u00e9e horizontalement en tissu doux. Les compartiments de rangement int\u00e9gr\u00e9s dans la base du lit King Horizon Storage Bed garantissent un espace de vie raffin\u00e9 et sans encombrement. <\/p>\n","protected":false},"featured_media":412550,"template":"","meta":{"_kad_blocks_custom_css":"","_kad_blocks_head_custom_js":"","_kad_blocks_body_custom_js":"","_kad_blocks_footer_custom_js":"","_kad_post_transparent":"","_kad_post_title":"","_kad_post_layout":"","_kad_post_sidebar_id":"","_kad_post_content_style":"","_kad_post_vertical_padding":"","_kad_post_feature":"","_kad_post_feature_position":"","_kad_post_header":false,"_kad_post_footer":false,"_kad_post_classname":""},"product_brand":[],"product_cat":[1296],"product_tag":[1513],"class_list":{"0":"post-413239","1":"product","2":"type-product","3":"status-publish","4":"has-post-thumbnail","6":"product_cat-lits","7":"product_tag-paramount-fr","9":"first","10":"instock","11":"taxable","12":"shipping-taxable","13":"product-type-simple","14":"entry","15":"content-bg","16":"loop-entry"},"taxonomy_info":{"product_cat":[{"value":1296,"label":"Lits"}],"product_tag":[{"value":1513,"label":"Paramount"}]},"featured_image_src_large":["https:\/\/www.avenuedesigncanada.com\/wp-content\/uploads\/2026\/03\/U560A320B_VM3-1024x1024.jpg",1024,1024,true],"author_info":[],"comment_info":"","_links":{"self":[{"href":"https:\/\/www.avenuedesigncanada.com\/fr\/wp-json\/wp\/v2\/product\/413239","targetHints":{"allow":["GET"]}}],"collection":[{"href":"https:\/\/www.avenuedesigncanada.com\/fr\/wp-json\/wp\/v2\/product"}],"about":[{"href":"https:\/\/www.avenuedesigncanada.com\/fr\/wp-json\/wp\/v2\/types\/product"}],"wp:featuredmedia":[{"embeddable":true,"href":"https:\/\/www.avenuedesigncanada.com\/fr\/wp-json\/wp\/v2\/media\/412550"}],"wp:attachment":[{"href":"https:\/\/www.avenuedesigncanada.com\/fr\/wp-json\/wp\/v2\/media?parent=413239"}],"wp:term":[{"taxonomy":"product_brand","embeddable":true,"href":"https:\/\/www.avenuedesigncanada.com\/fr\/wp-json\/wp\/v2\/product_brand?post=413239"},{"taxonomy":"product_cat","embeddable":true,"href":"https:\/\/www.avenuedesigncanada.com\/fr\/wp-json\/wp\/v2\/product_cat?post=413239"},{"taxonomy":"product_tag","embeddable":true,"href":"https:\/\/www.avenuedesigncanada.com\/fr\/wp-json\/wp\/v2\/product_tag?post=413239"}],"curies":[{"name":"wp","href":"https:\/\/api.w.org\/{rel}","templated":true}]}}