{"id":413241,"date":"2026-03-20T16:17:17","date_gmt":"2026-03-20T20:17:17","guid":{"rendered":"https:\/\/www.avenuedesigncanada.com\/product\/mist-panel-king-bed\/"},"modified":"2026-03-20T21:51:55","modified_gmt":"2026-03-21T01:51:55","slug":"mist-panel-king-bed","status":"publish","type":"product","link":"https:\/\/www.avenuedesigncanada.com\/fr\/product\/mist-panel-king-bed\/","title":{"rendered":"Mist Panel King Bed"},"content":{"rendered":"<p><em>  Le lit King \u00e0 panneaux Mist pr\u00e9sente les caract\u00e9ristiques suivantes : <em><br \/>\n Cadre en finition Mist<\/p>\n<p>Panneau en finition Haze  <\/p>\n<p>Options de taille : Queen 65&Prime; x 87&Prime; x 58&Prime;<br \/>\nVous avez des questions sur ce produit ? Nos concepteurs sont l\u00e0 pour vous aider. Appelez-nous au (514) 340-9351 <\/p>\n","protected":false},"excerpt":{"rendered":"<p>Le lit King \u00e0 panneaux Mist offre une base l\u00e9g\u00e8re et \u00e9l\u00e9gante, avec un cadre en ch\u00eane Mist et un panneau d&rsquo;accent en noyer Haze figur\u00e9 dans la t\u00eate de lit. Ses tons de bois sophistiqu\u00e9s et ses lignes \u00e9pur\u00e9es d\u00e9finissent un sanctuaire contemporain. <\/p>\n","protected":false},"featured_media":412534,"template":"","meta":{"_kad_blocks_custom_css":"","_kad_blocks_head_custom_js":"","_kad_blocks_body_custom_js":"","_kad_blocks_footer_custom_js":"","_kad_post_transparent":"","_kad_post_title":"","_kad_post_layout":"","_kad_post_sidebar_id":"","_kad_post_content_style":"","_kad_post_vertical_padding":"","_kad_post_feature":"","_kad_post_feature_position":"","_kad_post_header":false,"_kad_post_footer":false,"_kad_post_classname":""},"product_brand":[],"product_cat":[1296],"product_tag":[1513],"class_list":{"0":"post-413241","1":"product","2":"type-product","3":"status-publish","4":"has-post-thumbnail","6":"product_cat-lits","7":"product_tag-paramount-fr","9":"first","10":"instock","11":"taxable","12":"shipping-taxable","13":"product-type-simple","14":"entry","15":"content-bg","16":"loop-entry"},"taxonomy_info":{"product_cat":[{"value":1296,"label":"Lits"}],"product_tag":[{"value":1513,"label":"Paramount"}]},"featured_image_src_large":["https:\/\/www.avenuedesigncanada.com\/wp-content\/uploads\/2026\/03\/U560A265_VM2-1024x1024.jpg",1024,1024,true],"author_info":[],"comment_info":"","_links":{"self":[{"href":"https:\/\/www.avenuedesigncanada.com\/fr\/wp-json\/wp\/v2\/product\/413241","targetHints":{"allow":["GET"]}}],"collection":[{"href":"https:\/\/www.avenuedesigncanada.com\/fr\/wp-json\/wp\/v2\/product"}],"about":[{"href":"https:\/\/www.avenuedesigncanada.com\/fr\/wp-json\/wp\/v2\/types\/product"}],"wp:featuredmedia":[{"embeddable":true,"href":"https:\/\/www.avenuedesigncanada.com\/fr\/wp-json\/wp\/v2\/media\/412534"}],"wp:attachment":[{"href":"https:\/\/www.avenuedesigncanada.com\/fr\/wp-json\/wp\/v2\/media?parent=413241"}],"wp:term":[{"taxonomy":"product_brand","embeddable":true,"href":"https:\/\/www.avenuedesigncanada.com\/fr\/wp-json\/wp\/v2\/product_brand?post=413241"},{"taxonomy":"product_cat","embeddable":true,"href":"https:\/\/www.avenuedesigncanada.com\/fr\/wp-json\/wp\/v2\/product_cat?post=413241"},{"taxonomy":"product_tag","embeddable":true,"href":"https:\/\/www.avenuedesigncanada.com\/fr\/wp-json\/wp\/v2\/product_tag?post=413241"}],"curies":[{"name":"wp","href":"https:\/\/api.w.org\/{rel}","templated":true}]}}