{"id":413246,"date":"2026-03-20T21:46:36","date_gmt":"2026-03-21T01:46:36","guid":{"rendered":"https:\/\/www.avenuedesigncanada.com\/product\/table-console-cirrus\/"},"modified":"2026-03-20T21:52:00","modified_gmt":"2026-03-21T01:52:00","slug":"table-console-cirrus","status":"publish","type":"product","link":"https:\/\/www.avenuedesigncanada.com\/fr\/product\/table-console-cirrus\/","title":{"rendered":"Table console Cirrus"},"content":{"rendered":"<p><em>  La table console Cirrus pr\u00e9sente les caract\u00e9ristiques suivantes : <em><br \/>\n Plateau en verre moul\u00e9<\/p>\n<p>Base en aluminium moul\u00e9, finition laiton antique<br \/>\nVous avez des questions sur ce produit ? Nos designers sont l\u00e0 pour vous aider. Appelez-nous au (514) 340-9351  <\/p>\n","protected":false},"excerpt":{"rendered":"<p>La console Cirrus est une table d&rsquo;appoint \u00e9troite dot\u00e9e d&rsquo;un plateau en verre moul\u00e9 et d&rsquo;une base en aluminium moul\u00e9 de couleur laiton antique. Son profil mince et sa construction durable font de la console Cirrus la table id\u00e9ale pour les entr\u00e9es ou les couloirs. <\/p>\n","protected":false},"featured_media":413156,"template":"","meta":{"_kad_blocks_custom_css":"","_kad_blocks_head_custom_js":"","_kad_blocks_body_custom_js":"","_kad_blocks_footer_custom_js":"","_kad_post_transparent":"","_kad_post_title":"","_kad_post_layout":"","_kad_post_sidebar_id":"","_kad_post_content_style":"","_kad_post_vertical_padding":"","_kad_post_feature":"","_kad_post_feature_position":"","_kad_post_header":false,"_kad_post_footer":false,"_kad_post_classname":""},"product_brand":[],"product_cat":[1328],"product_tag":[1513],"class_list":{"0":"post-413246","1":"product","2":"type-product","3":"status-publish","4":"has-post-thumbnail","6":"product_cat-consoles","7":"product_tag-paramount-fr","9":"first","10":"instock","11":"taxable","12":"shipping-taxable","13":"product-type-simple","14":"entry","15":"content-bg","16":"loop-entry"},"taxonomy_info":{"product_cat":[{"value":1328,"label":"Consoles"}],"product_tag":[{"value":1513,"label":"Paramount"}]},"featured_image_src_large":["https:\/\/www.avenuedesigncanada.com\/wp-content\/uploads\/2026\/03\/U560826_VM-1024x1024.jpg",1024,1024,true],"author_info":[],"comment_info":"","_links":{"self":[{"href":"https:\/\/www.avenuedesigncanada.com\/fr\/wp-json\/wp\/v2\/product\/413246","targetHints":{"allow":["GET"]}}],"collection":[{"href":"https:\/\/www.avenuedesigncanada.com\/fr\/wp-json\/wp\/v2\/product"}],"about":[{"href":"https:\/\/www.avenuedesigncanada.com\/fr\/wp-json\/wp\/v2\/types\/product"}],"wp:featuredmedia":[{"embeddable":true,"href":"https:\/\/www.avenuedesigncanada.com\/fr\/wp-json\/wp\/v2\/media\/413156"}],"wp:attachment":[{"href":"https:\/\/www.avenuedesigncanada.com\/fr\/wp-json\/wp\/v2\/media?parent=413246"}],"wp:term":[{"taxonomy":"product_brand","embeddable":true,"href":"https:\/\/www.avenuedesigncanada.com\/fr\/wp-json\/wp\/v2\/product_brand?post=413246"},{"taxonomy":"product_cat","embeddable":true,"href":"https:\/\/www.avenuedesigncanada.com\/fr\/wp-json\/wp\/v2\/product_cat?post=413246"},{"taxonomy":"product_tag","embeddable":true,"href":"https:\/\/www.avenuedesigncanada.com\/fr\/wp-json\/wp\/v2\/product_tag?post=413246"}],"curies":[{"name":"wp","href":"https:\/\/api.w.org\/{rel}","templated":true}]}}