{"id":413446,"date":"2026-03-23T15:42:42","date_gmt":"2026-03-23T19:42:42","guid":{"rendered":"https:\/\/www.avenuedesigncanada.com\/product\/banc-dior\/"},"modified":"2026-03-23T15:45:36","modified_gmt":"2026-03-23T19:45:36","slug":"banc-dior","status":"publish","type":"product","link":"https:\/\/www.avenuedesigncanada.com\/fr\/product\/banc-dior\/","title":{"rendered":"Banc Dior"},"content":{"rendered":"<p><em>Les caract\u00e9ristiques du banc Dior :  <\/em> <\/p>\n<p>Options de finition et de tissu disponibles. Tel qu&rsquo;illustr\u00e9 en -Tissu : Worthy Indigo ; Envers du tissu*. Fini: Silverthorne. *Des frais suppl\u00e9mentaires peuvent s&rsquo;appliquer.<\/p>\n<p>Vous avez des questions sur ce produit ?<br \/>\nNos concepteurs sont l\u00e0 pour vous aider. Appelez-nous au (514) 340-9351 <\/p>\n","protected":false},"excerpt":{"rendered":"<p>Les caract\u00e9ristiques du banc Dior : Options de finition et de tissu disponibles. Tel qu&rsquo;illustr\u00e9 en -Tissu : Worthy Indigo ; Envers du tissu*. Fini: Silverthorne. *Des frais suppl\u00e9mentaires peuvent s&rsquo;appliquer. Vous avez des questions sur ce produit ? Nos concepteurs sont l\u00e0 pour vous aider. Appelez-nous au (514) 340-9351<\/p>\n","protected":false},"featured_media":413364,"template":"","meta":{"_kad_blocks_custom_css":"","_kad_blocks_head_custom_js":"","_kad_blocks_body_custom_js":"","_kad_blocks_footer_custom_js":"","_kad_post_transparent":"","_kad_post_title":"","_kad_post_layout":"","_kad_post_sidebar_id":"","_kad_post_content_style":"","_kad_post_vertical_padding":"","_kad_post_feature":"","_kad_post_feature_position":"","_kad_post_header":false,"_kad_post_footer":false,"_kad_post_classname":""},"product_brand":[],"product_cat":[1297,1318,2155],"product_tag":[1369],"class_list":{"0":"post-413446","1":"product","2":"type-product","3":"status-publish","4":"has-post-thumbnail","6":"product_cat-bancs","7":"product_cat-bancs-2","8":"product_cat-bancs-3","9":"product_tag-theodore-fr","11":"first","12":"instock","13":"taxable","14":"shipping-taxable","15":"product-type-simple","16":"entry","17":"content-bg","18":"loop-entry"},"taxonomy_info":{"product_cat":[{"value":1297,"label":"Bancs"},{"value":1318,"label":"Bancs"},{"value":2155,"label":"Bancs"}],"product_tag":[{"value":1369,"label":"THEODORE"}]},"featured_image_src_large":["https:\/\/www.avenuedesigncanada.com\/wp-content\/uploads\/2026\/03\/Dior-Bench-1024x1024.png",1024,1024,true],"author_info":[],"comment_info":"","_links":{"self":[{"href":"https:\/\/www.avenuedesigncanada.com\/fr\/wp-json\/wp\/v2\/product\/413446","targetHints":{"allow":["GET"]}}],"collection":[{"href":"https:\/\/www.avenuedesigncanada.com\/fr\/wp-json\/wp\/v2\/product"}],"about":[{"href":"https:\/\/www.avenuedesigncanada.com\/fr\/wp-json\/wp\/v2\/types\/product"}],"wp:featuredmedia":[{"embeddable":true,"href":"https:\/\/www.avenuedesigncanada.com\/fr\/wp-json\/wp\/v2\/media\/413364"}],"wp:attachment":[{"href":"https:\/\/www.avenuedesigncanada.com\/fr\/wp-json\/wp\/v2\/media?parent=413446"}],"wp:term":[{"taxonomy":"product_brand","embeddable":true,"href":"https:\/\/www.avenuedesigncanada.com\/fr\/wp-json\/wp\/v2\/product_brand?post=413446"},{"taxonomy":"product_cat","embeddable":true,"href":"https:\/\/www.avenuedesigncanada.com\/fr\/wp-json\/wp\/v2\/product_cat?post=413446"},{"taxonomy":"product_tag","embeddable":true,"href":"https:\/\/www.avenuedesigncanada.com\/fr\/wp-json\/wp\/v2\/product_tag?post=413446"}],"curies":[{"name":"wp","href":"https:\/\/api.w.org\/{rel}","templated":true}]}}