{"id":413453,"date":"2026-03-23T15:42:34","date_gmt":"2026-03-23T19:42:34","guid":{"rendered":"https:\/\/www.avenuedesigncanada.com\/product\/ottoman-rond-en-cuir-boyden-avec-plateau-en-bois\/"},"modified":"2026-03-23T15:45:50","modified_gmt":"2026-03-23T19:45:50","slug":"ottoman-rond-en-cuir-boyden-avec-plateau-en-bois","status":"publish","type":"product","link":"https:\/\/www.avenuedesigncanada.com\/fr\/product\/ottoman-rond-en-cuir-boyden-avec-plateau-en-bois\/","title":{"rendered":"Ottoman rond en cuir Boyden avec plateau en bois"},"content":{"rendered":"<p><em>Le pare-chocs Boyden pr\u00e9sente les caract\u00e9ristiques suivantes  <\/em> <\/p>\n<p>Options de finition et de tissu disponibles. Tel que montr\u00e9 en &#8211; Cuir : Belmont Dark Amber. Finition : Coventry sur plateau. <\/p>\n<p>Vous avez des questions sur ce produit ?<br \/>\nNos concepteurs sont l\u00e0 pour vous aider. Appelez-nous au (514) 340-9351 <\/p>\n","protected":false},"excerpt":{"rendered":"<p>Le pare-chocs Boyden pr\u00e9sente les caract\u00e9ristiques suivantes Options de finition et de tissu disponibles. Tel que montr\u00e9 en &#8211; Cuir : Belmont Dark Amber. Finition : Coventry sur plateau. Vous avez des questions sur ce produit ? Nos concepteurs sont l\u00e0 pour vous aider. Appelez-nous au (514) 340-9351<\/p>\n","protected":false},"featured_media":413304,"template":"","meta":{"_kad_blocks_custom_css":"","_kad_blocks_head_custom_js":"","_kad_blocks_body_custom_js":"","_kad_blocks_footer_custom_js":"","_kad_post_transparent":"","_kad_post_title":"","_kad_post_layout":"","_kad_post_sidebar_id":"","_kad_post_content_style":"","_kad_post_vertical_padding":"","_kad_post_feature":"","_kad_post_feature_position":"","_kad_post_header":false,"_kad_post_footer":false,"_kad_post_classname":""},"product_brand":[],"product_cat":[1325],"product_tag":[1369],"class_list":{"0":"post-413453","1":"product","2":"type-product","3":"status-publish","4":"has-post-thumbnail","6":"product_cat-poufs","7":"product_tag-theodore-fr","9":"first","10":"instock","11":"taxable","12":"shipping-taxable","13":"product-type-simple","14":"entry","15":"content-bg","16":"loop-entry"},"taxonomy_info":{"product_cat":[{"value":1325,"label":"Ottomans"}],"product_tag":[{"value":1369,"label":"THEODORE"}]},"featured_image_src_large":["https:\/\/www.avenuedesigncanada.com\/wp-content\/uploads\/2026\/03\/Boyden-Leather-Round-Ottoman-with-Wood-Tray-1024x1024.png",1024,1024,true],"author_info":[],"comment_info":"","_links":{"self":[{"href":"https:\/\/www.avenuedesigncanada.com\/fr\/wp-json\/wp\/v2\/product\/413453","targetHints":{"allow":["GET"]}}],"collection":[{"href":"https:\/\/www.avenuedesigncanada.com\/fr\/wp-json\/wp\/v2\/product"}],"about":[{"href":"https:\/\/www.avenuedesigncanada.com\/fr\/wp-json\/wp\/v2\/types\/product"}],"wp:featuredmedia":[{"embeddable":true,"href":"https:\/\/www.avenuedesigncanada.com\/fr\/wp-json\/wp\/v2\/media\/413304"}],"wp:attachment":[{"href":"https:\/\/www.avenuedesigncanada.com\/fr\/wp-json\/wp\/v2\/media?parent=413453"}],"wp:term":[{"taxonomy":"product_brand","embeddable":true,"href":"https:\/\/www.avenuedesigncanada.com\/fr\/wp-json\/wp\/v2\/product_brand?post=413453"},{"taxonomy":"product_cat","embeddable":true,"href":"https:\/\/www.avenuedesigncanada.com\/fr\/wp-json\/wp\/v2\/product_cat?post=413453"},{"taxonomy":"product_tag","embeddable":true,"href":"https:\/\/www.avenuedesigncanada.com\/fr\/wp-json\/wp\/v2\/product_tag?post=413453"}],"curies":[{"name":"wp","href":"https:\/\/api.w.org\/{rel}","templated":true}]}}