{"id":413456,"date":"2026-03-23T15:42:39","date_gmt":"2026-03-23T19:42:39","guid":{"rendered":"https:\/\/www.avenuedesigncanada.com\/product\/banc-dax\/"},"modified":"2026-03-23T15:46:03","modified_gmt":"2026-03-23T19:46:03","slug":"banc-dax","status":"publish","type":"product","link":"https:\/\/www.avenuedesigncanada.com\/fr\/product\/banc-dax\/","title":{"rendered":"Banc Dax"},"content":{"rendered":"<p><em>Le banc Dax pr\u00e9sente les caract\u00e9ristiques suivantes :  <\/em> <\/p>\n<p>Options de finition et de tissu disponibles. Tel qu&rsquo;illustr\u00e9 en &#8211; Tissu : Jesse Bisque. Finition : Macaron. <\/p>\n<p>Vous avez des questions sur ce produit ?<br \/>\nNos concepteurs sont l\u00e0 pour vous aider. Appelez-nous au (514) 340-9351 <\/p>\n","protected":false},"excerpt":{"rendered":"<p>Illustrant l&rsquo;attrait intemporel d&rsquo;une mat\u00e9rialit\u00e9 luxueuse, le banc Dax incarne un design raffin\u00e9. Son coussin rembourr\u00e9 est suspendu entre des supports lin\u00e9aires substantiels fabriqu\u00e9s en ch\u00eane blanc. Choisissez la combinaison de tissus et de finitions de votre choix pour personnaliser ce banc raffin\u00e9 et l&rsquo;adapter \u00e0 votre espace pr\u00e9f\u00e9r\u00e9.  <\/p>\n","protected":false},"featured_media":413340,"template":"","meta":{"_kad_blocks_custom_css":"","_kad_blocks_head_custom_js":"","_kad_blocks_body_custom_js":"","_kad_blocks_footer_custom_js":"","_kad_post_transparent":"","_kad_post_title":"","_kad_post_layout":"","_kad_post_sidebar_id":"","_kad_post_content_style":"","_kad_post_vertical_padding":"","_kad_post_feature":"","_kad_post_feature_position":"","_kad_post_header":false,"_kad_post_footer":false,"_kad_post_classname":""},"product_brand":[],"product_cat":[2155,1297,1318],"product_tag":[1369],"class_list":{"0":"post-413456","1":"product","2":"type-product","3":"status-publish","4":"has-post-thumbnail","6":"product_cat-bancs-3","7":"product_cat-bancs","8":"product_cat-bancs-2","9":"product_tag-theodore-fr","11":"first","12":"instock","13":"taxable","14":"shipping-taxable","15":"product-type-simple","16":"entry","17":"content-bg","18":"loop-entry"},"taxonomy_info":{"product_cat":[{"value":2155,"label":"Bancs"},{"value":1297,"label":"Bancs"},{"value":1318,"label":"Bancs"}],"product_tag":[{"value":1369,"label":"THEODORE"}]},"featured_image_src_large":["https:\/\/www.avenuedesigncanada.com\/wp-content\/uploads\/2026\/03\/Dax-Bench-1024x1024.png",1024,1024,true],"author_info":[],"comment_info":"","_links":{"self":[{"href":"https:\/\/www.avenuedesigncanada.com\/fr\/wp-json\/wp\/v2\/product\/413456","targetHints":{"allow":["GET"]}}],"collection":[{"href":"https:\/\/www.avenuedesigncanada.com\/fr\/wp-json\/wp\/v2\/product"}],"about":[{"href":"https:\/\/www.avenuedesigncanada.com\/fr\/wp-json\/wp\/v2\/types\/product"}],"wp:featuredmedia":[{"embeddable":true,"href":"https:\/\/www.avenuedesigncanada.com\/fr\/wp-json\/wp\/v2\/media\/413340"}],"wp:attachment":[{"href":"https:\/\/www.avenuedesigncanada.com\/fr\/wp-json\/wp\/v2\/media?parent=413456"}],"wp:term":[{"taxonomy":"product_brand","embeddable":true,"href":"https:\/\/www.avenuedesigncanada.com\/fr\/wp-json\/wp\/v2\/product_brand?post=413456"},{"taxonomy":"product_cat","embeddable":true,"href":"https:\/\/www.avenuedesigncanada.com\/fr\/wp-json\/wp\/v2\/product_cat?post=413456"},{"taxonomy":"product_tag","embeddable":true,"href":"https:\/\/www.avenuedesigncanada.com\/fr\/wp-json\/wp\/v2\/product_tag?post=413456"}],"curies":[{"name":"wp","href":"https:\/\/api.w.org\/{rel}","templated":true}]}}