{"id":413695,"date":"2026-03-24T16:31:21","date_gmt":"2026-03-24T20:31:21","guid":{"rendered":"https:\/\/www.avenuedesigncanada.com\/product\/chaise-a-bras-love-joy-bliss\/"},"modified":"2026-03-24T16:36:59","modified_gmt":"2026-03-24T20:36:59","slug":"chaise-a-bras-love-joy-bliss","status":"publish","type":"product","link":"https:\/\/www.avenuedesigncanada.com\/fr\/product\/chaise-a-bras-love-joy-bliss\/","title":{"rendered":"Chaise \u00e0 bras Love Joy Bliss"},"content":{"rendered":"<p><em>  Le fauteuil Bliss de Love Joy pr\u00e9sente les caract\u00e9ristiques suivantes : <em><br \/>\n Finition alb\u00e2tre<\/p>\n<p>Tissu : \u00c9tain tiss\u00e9 &#8211; 66 % polyester, 34 % rayonne<\/p>\n<p>Hauteur des bras : 25 pouces<br \/>\nVous avez des questions sur ce produit ? Nos designers sont l\u00e0 pour vous aider. Appelez-nous au (514) 340-9351  <\/p>\n","protected":false},"excerpt":{"rendered":"<p>Ajoutez du style \u00e0 votre table \u00e0 manger avec le fauteuil Bliss de Love Joy, qui est rev\u00eatu d&rsquo;un tissu Woven Pewter, pr\u00e9sente une finition Alabaster et est compl\u00e9t\u00e9 par des capuchons en m\u00e9tal dor\u00e9 sur chaque pied.<\/p>\n","protected":false},"featured_media":413586,"template":"","meta":{"_kad_blocks_custom_css":"","_kad_blocks_head_custom_js":"","_kad_blocks_body_custom_js":"","_kad_blocks_footer_custom_js":"","_kad_post_transparent":"","_kad_post_title":"","_kad_post_layout":"","_kad_post_sidebar_id":"","_kad_post_content_style":"","_kad_post_vertical_padding":"","_kad_post_feature":"","_kad_post_feature_position":"","_kad_post_header":false,"_kad_post_footer":false,"_kad_post_classname":""},"product_brand":[],"product_cat":[1302],"product_tag":[1513],"class_list":{"0":"post-413695","1":"product","2":"type-product","3":"status-publish","4":"has-post-thumbnail","6":"product_cat-chaises","7":"product_tag-paramount-fr","9":"first","10":"instock","11":"taxable","12":"shipping-taxable","13":"product-type-simple","14":"entry","15":"content-bg","16":"loop-entry"},"taxonomy_info":{"product_cat":[{"value":1302,"label":"Chaises"}],"product_tag":[{"value":1513,"label":"Paramount"}]},"featured_image_src_large":["https:\/\/www.avenuedesigncanada.com\/wp-content\/uploads\/2026\/03\/956A627_RTA_SILO-1024x1024.jpg",1024,1024,true],"author_info":[],"comment_info":"","_links":{"self":[{"href":"https:\/\/www.avenuedesigncanada.com\/fr\/wp-json\/wp\/v2\/product\/413695","targetHints":{"allow":["GET"]}}],"collection":[{"href":"https:\/\/www.avenuedesigncanada.com\/fr\/wp-json\/wp\/v2\/product"}],"about":[{"href":"https:\/\/www.avenuedesigncanada.com\/fr\/wp-json\/wp\/v2\/types\/product"}],"wp:featuredmedia":[{"embeddable":true,"href":"https:\/\/www.avenuedesigncanada.com\/fr\/wp-json\/wp\/v2\/media\/413586"}],"wp:attachment":[{"href":"https:\/\/www.avenuedesigncanada.com\/fr\/wp-json\/wp\/v2\/media?parent=413695"}],"wp:term":[{"taxonomy":"product_brand","embeddable":true,"href":"https:\/\/www.avenuedesigncanada.com\/fr\/wp-json\/wp\/v2\/product_brand?post=413695"},{"taxonomy":"product_cat","embeddable":true,"href":"https:\/\/www.avenuedesigncanada.com\/fr\/wp-json\/wp\/v2\/product_cat?post=413695"},{"taxonomy":"product_tag","embeddable":true,"href":"https:\/\/www.avenuedesigncanada.com\/fr\/wp-json\/wp\/v2\/product_tag?post=413695"}],"curies":[{"name":"wp","href":"https:\/\/api.w.org\/{rel}","templated":true}]}}