{"id":413704,"date":"2026-03-24T16:31:13","date_gmt":"2026-03-24T20:31:13","guid":{"rendered":"https:\/\/www.avenuedesigncanada.com\/product\/table-de-chevet-love-joy-bliss\/"},"modified":"2026-03-24T16:37:14","modified_gmt":"2026-03-24T20:37:14","slug":"table-de-chevet-love-joy-bliss","status":"publish","type":"product","link":"https:\/\/www.avenuedesigncanada.com\/fr\/product\/table-de-chevet-love-joy-bliss\/","title":{"rendered":"Table de chevet Love Joy Bliss"},"content":{"rendered":"<p><em>  La table de chevet Love Joy Bliss pr\u00e9sente les caract\u00e9ristiques suivantes : <em><br \/>\n Un tiroir  <\/p>\n<p>Finition laqu\u00e9e blanche<\/p>\n<p>Superposition de nacre sur le dessus et la fa\u00e7ade des tiroirs<\/p>\n<p>Soft Gold Metal Accents<br \/>\nVous avez des questions sur ce produit ? Nos designers sont l\u00e0 pour vous aider. Appelez-nous au (514) 340-9351  <\/p>\n","protected":false},"excerpt":{"rendered":"<p>La table de chevet Bliss de Love Joy pr\u00e9sente un m\u00e9lange harmonieux de textures, avec un rev\u00eatement en nacre sur le plateau et la fa\u00e7ade du tiroir, associ\u00e9 \u00e0 une base laqu\u00e9e blanche. Un design lin\u00e9aire et \u00e9l\u00e9gant en m\u00e9tal dor\u00e9 ajoute de l&rsquo;int\u00e9r\u00eat et du style \u00e0 la base. <\/p>\n","protected":false},"featured_media":413574,"template":"","meta":{"_kad_blocks_custom_css":"","_kad_blocks_head_custom_js":"","_kad_blocks_body_custom_js":"","_kad_blocks_footer_custom_js":"","_kad_post_transparent":"","_kad_post_title":"","_kad_post_layout":"","_kad_post_sidebar_id":"","_kad_post_content_style":"","_kad_post_vertical_padding":"","_kad_post_feature":"","_kad_post_feature_position":"","_kad_post_header":false,"_kad_post_footer":false,"_kad_post_classname":""},"product_brand":[],"product_cat":[1299],"product_tag":[1513],"class_list":{"0":"post-413704","1":"product","2":"type-product","3":"status-publish","4":"has-post-thumbnail","6":"product_cat-tables-de-nuit","7":"product_tag-paramount-fr","9":"first","10":"instock","11":"taxable","12":"shipping-taxable","13":"product-type-simple","14":"entry","15":"content-bg","16":"loop-entry"},"taxonomy_info":{"product_cat":[{"value":1299,"label":"Tables de chevet"}],"product_tag":[{"value":1513,"label":"Paramount"}]},"featured_image_src_large":["https:\/\/www.avenuedesigncanada.com\/wp-content\/uploads\/2026\/03\/956356_SILO-1024x1024.jpg",1024,1024,true],"author_info":[],"comment_info":"","_links":{"self":[{"href":"https:\/\/www.avenuedesigncanada.com\/fr\/wp-json\/wp\/v2\/product\/413704","targetHints":{"allow":["GET"]}}],"collection":[{"href":"https:\/\/www.avenuedesigncanada.com\/fr\/wp-json\/wp\/v2\/product"}],"about":[{"href":"https:\/\/www.avenuedesigncanada.com\/fr\/wp-json\/wp\/v2\/types\/product"}],"wp:featuredmedia":[{"embeddable":true,"href":"https:\/\/www.avenuedesigncanada.com\/fr\/wp-json\/wp\/v2\/media\/413574"}],"wp:attachment":[{"href":"https:\/\/www.avenuedesigncanada.com\/fr\/wp-json\/wp\/v2\/media?parent=413704"}],"wp:term":[{"taxonomy":"product_brand","embeddable":true,"href":"https:\/\/www.avenuedesigncanada.com\/fr\/wp-json\/wp\/v2\/product_brand?post=413704"},{"taxonomy":"product_cat","embeddable":true,"href":"https:\/\/www.avenuedesigncanada.com\/fr\/wp-json\/wp\/v2\/product_cat?post=413704"},{"taxonomy":"product_tag","embeddable":true,"href":"https:\/\/www.avenuedesigncanada.com\/fr\/wp-json\/wp\/v2\/product_tag?post=413704"}],"curies":[{"name":"wp","href":"https:\/\/api.w.org\/{rel}","templated":true}]}}