{"id":414003,"date":"2026-03-27T11:32:46","date_gmt":"2026-03-27T15:32:46","guid":{"rendered":"https:\/\/www.avenuedesigncanada.com\/product\/stockage-miy-de-pierson-3\/"},"modified":"2026-03-27T11:38:19","modified_gmt":"2026-03-27T15:38:19","slug":"stockage-miy-de-pierson-3","status":"publish","type":"product","link":"https:\/\/www.avenuedesigncanada.com\/fr\/product\/stockage-miy-de-pierson-3\/","title":{"rendered":"Stockage MIY de Pierson"},"content":{"rendered":"<p><em>Les caract\u00e9ristiques de l&rsquo;armoire MIY de Pierson :  <\/em> <\/p>\n<p>Options de finition disponibles. Tel qu&rsquo;illustr\u00e9 en &#8211; Finition : Casa Blanca. Embout de jambe en laiton satin\u00e9. (H38) Pendentif textur\u00e9 en laiton satin\u00e9 &#8211; (P3) centr\u00e9. *Des frais suppl\u00e9mentaires peuvent s&rsquo;appliquer.<\/p>\n<p>Vous avez des questions sur ce produit ?<br \/>\nNos designers sont l\u00e0 pour vous aider. Appelez-nous au (514) 340-9351<\/p>\n","protected":false},"excerpt":{"rendered":"<p>Les caract\u00e9ristiques de l&rsquo;armoire MIY de Pierson : Options de finition disponibles. Tel qu&rsquo;illustr\u00e9 en &#8211; Finition : Casa Blanca. Embout de jambe en laiton satin\u00e9. (H38) Pendentif textur\u00e9 en laiton satin\u00e9 &#8211; (P3) centr\u00e9. *Des frais suppl\u00e9mentaires peuvent s&rsquo;appliquer. Vous avez des questions sur ce produit ? Nos designers sont l\u00e0 pour vous aider&#8230;.<\/p>\n","protected":false},"featured_media":413906,"template":"","meta":{"_kad_blocks_custom_css":"","_kad_blocks_head_custom_js":"","_kad_blocks_body_custom_js":"","_kad_blocks_footer_custom_js":"","_kad_post_transparent":"","_kad_post_title":"","_kad_post_layout":"","_kad_post_sidebar_id":"","_kad_post_content_style":"","_kad_post_vertical_padding":"","_kad_post_feature":"","_kad_post_feature_position":"","_kad_post_header":false,"_kad_post_footer":false,"_kad_post_classname":""},"product_brand":[],"product_cat":[1326],"product_tag":[1369],"class_list":{"0":"post-414003","1":"product","2":"type-product","3":"status-publish","4":"has-post-thumbnail","6":"product_cat-cabinets-media","7":"product_tag-theodore-fr","9":"first","10":"instock","11":"taxable","12":"shipping-taxable","13":"product-type-simple","14":"entry","15":"content-bg","16":"loop-entry"},"taxonomy_info":{"product_cat":[{"value":1326,"label":"Meubles Media"}],"product_tag":[{"value":1369,"label":"THEODORE"}]},"featured_image_src_large":["https:\/\/www.avenuedesigncanada.com\/wp-content\/uploads\/2026\/03\/Pierson-MIY-Storage-CC110P-1024x1024.png",1024,1024,true],"author_info":[],"comment_info":"","_links":{"self":[{"href":"https:\/\/www.avenuedesigncanada.com\/fr\/wp-json\/wp\/v2\/product\/414003","targetHints":{"allow":["GET"]}}],"collection":[{"href":"https:\/\/www.avenuedesigncanada.com\/fr\/wp-json\/wp\/v2\/product"}],"about":[{"href":"https:\/\/www.avenuedesigncanada.com\/fr\/wp-json\/wp\/v2\/types\/product"}],"wp:featuredmedia":[{"embeddable":true,"href":"https:\/\/www.avenuedesigncanada.com\/fr\/wp-json\/wp\/v2\/media\/413906"}],"wp:attachment":[{"href":"https:\/\/www.avenuedesigncanada.com\/fr\/wp-json\/wp\/v2\/media?parent=414003"}],"wp:term":[{"taxonomy":"product_brand","embeddable":true,"href":"https:\/\/www.avenuedesigncanada.com\/fr\/wp-json\/wp\/v2\/product_brand?post=414003"},{"taxonomy":"product_cat","embeddable":true,"href":"https:\/\/www.avenuedesigncanada.com\/fr\/wp-json\/wp\/v2\/product_cat?post=414003"},{"taxonomy":"product_tag","embeddable":true,"href":"https:\/\/www.avenuedesigncanada.com\/fr\/wp-json\/wp\/v2\/product_tag?post=414003"}],"curies":[{"name":"wp","href":"https:\/\/api.w.org\/{rel}","templated":true}]}}