{"id":414008,"date":"2026-03-27T11:32:38","date_gmt":"2026-03-27T15:32:38","guid":{"rendered":"https:\/\/www.avenuedesigncanada.com\/product\/verge-console\/"},"modified":"2026-03-27T11:38:26","modified_gmt":"2026-03-27T15:38:26","slug":"verge-console","status":"publish","type":"product","link":"https:\/\/www.avenuedesigncanada.com\/fr\/product\/verge-console\/","title":{"rendered":"Verge Console"},"content":{"rendered":"<p><em>The Verge Console features :  <\/em> <\/p>\n<p>Options de finition disponibles. Une \u00e9tag\u00e8re r\u00e9glable en verre tremp\u00e9, socle encastr\u00e9. Illustr\u00e9 en &#8211; Finition : Saddle.  <\/p>\n<p>Vous avez des questions sur ce produit ?<br \/>\nNos concepteurs sont l\u00e0 pour vous aider. Appelez-nous au (514) 340-9351 <\/p>\n","protected":false},"excerpt":{"rendered":"<p>Verge se distingue par son placage exquis \u00ab\u00a0crazy-cut\u00a0\u00bb &#8211; un assemblage artistique de placages d&rsquo;acajou crotch et d&rsquo;acajou flat-cut d\u00e9coup\u00e9s au laser selon des motifs pr\u00e9cis et minutieusement assortis et assembl\u00e9s \u00e0 la main pour cr\u00e9er un motif artistiquement organique. La console Verge est envelopp\u00e9e d&rsquo;acajou crotch blanchi, coup\u00e9 \u00e0 la main. Son design ouvert comprend une \u00e9tag\u00e8re r\u00e9glable en verre tremp\u00e9 et une base en acajou blanchi.  <\/p>\n","protected":false},"featured_media":413980,"template":"","meta":{"_kad_blocks_custom_css":"","_kad_blocks_head_custom_js":"","_kad_blocks_body_custom_js":"","_kad_blocks_footer_custom_js":"","_kad_post_transparent":"","_kad_post_title":"","_kad_post_layout":"","_kad_post_sidebar_id":"","_kad_post_content_style":"","_kad_post_vertical_padding":"","_kad_post_feature":"","_kad_post_feature_position":"","_kad_post_header":false,"_kad_post_footer":false,"_kad_post_classname":""},"product_brand":[],"product_cat":[1328],"product_tag":[1369],"class_list":{"0":"post-414008","1":"product","2":"type-product","3":"status-publish","4":"has-post-thumbnail","6":"product_cat-consoles","7":"product_tag-theodore-fr","9":"first","10":"instock","11":"taxable","12":"shipping-taxable","13":"product-type-simple","14":"entry","15":"content-bg","16":"loop-entry"},"taxonomy_info":{"product_cat":[{"value":1328,"label":"Consoles"}],"product_tag":[{"value":1369,"label":"THEODORE"}]},"featured_image_src_large":["https:\/\/www.avenuedesigncanada.com\/wp-content\/uploads\/2026\/03\/Verge-Console-1024x1024.png",1024,1024,true],"author_info":[],"comment_info":"","_links":{"self":[{"href":"https:\/\/www.avenuedesigncanada.com\/fr\/wp-json\/wp\/v2\/product\/414008","targetHints":{"allow":["GET"]}}],"collection":[{"href":"https:\/\/www.avenuedesigncanada.com\/fr\/wp-json\/wp\/v2\/product"}],"about":[{"href":"https:\/\/www.avenuedesigncanada.com\/fr\/wp-json\/wp\/v2\/types\/product"}],"wp:featuredmedia":[{"embeddable":true,"href":"https:\/\/www.avenuedesigncanada.com\/fr\/wp-json\/wp\/v2\/media\/413980"}],"wp:attachment":[{"href":"https:\/\/www.avenuedesigncanada.com\/fr\/wp-json\/wp\/v2\/media?parent=414008"}],"wp:term":[{"taxonomy":"product_brand","embeddable":true,"href":"https:\/\/www.avenuedesigncanada.com\/fr\/wp-json\/wp\/v2\/product_brand?post=414008"},{"taxonomy":"product_cat","embeddable":true,"href":"https:\/\/www.avenuedesigncanada.com\/fr\/wp-json\/wp\/v2\/product_cat?post=414008"},{"taxonomy":"product_tag","embeddable":true,"href":"https:\/\/www.avenuedesigncanada.com\/fr\/wp-json\/wp\/v2\/product_tag?post=414008"}],"curies":[{"name":"wp","href":"https:\/\/api.w.org\/{rel}","templated":true}]}}