{"id":414260,"date":"2026-03-30T14:43:38","date_gmt":"2026-03-30T18:43:38","guid":{"rendered":"https:\/\/www.avenuedesigncanada.com\/product\/buffet-reflection\/"},"modified":"2026-03-30T15:01:55","modified_gmt":"2026-03-30T19:01:55","slug":"buffet-reflection","status":"publish","type":"product","link":"https:\/\/www.avenuedesigncanada.com\/fr\/product\/buffet-reflection\/","title":{"rendered":"Buffet Reflection"},"content":{"rendered":"<p><em>Le buffet Reflection pr\u00e9sente les caract\u00e9ristiques suivantes :  <\/em> <\/p>\n<p>Options de finition disponibles. Acajou plat blanchi sur le dessus et les c\u00f4t\u00e9s, portes en acajou croche blanchi avec correspondance radiale, une tablette r\u00e9glable au centre, une tablette r\u00e9glable sur chacun des c\u00f4t\u00e9s gauche et droit, placage \u00e0 motif de diamant sur le panneau sup\u00e9rieur, incrustation de perles en laiton laqu\u00e9 le long du bas du panneau sup\u00e9rieur. Tel qu&rsquo;illustr\u00e9 en &#8211; Finition : Moka.  <\/p>\n<p>Vous avez des questions sur ce produit ?<br \/>\nNos concepteurs sont l\u00e0 pour vous aider. Appelez-nous au (514) 340-9351 <\/p>\n","protected":false},"excerpt":{"rendered":"<p>S&rsquo;inspirant des classiques mais tout \u00e0 fait d&rsquo;actualit\u00e9, Reflection incarne la nouvelle \u00e8re du design raffin\u00e9. Cette pi\u00e8ce d&rsquo;apparat destin\u00e9e \u00e0 devenir le centre d&rsquo;attention, ce design \u00e0 la pointe de la tendance pr\u00e9sente des motifs de placage d&rsquo;acajou figur\u00e9, coup\u00e9s \u00e0 plat et assortis de mani\u00e8re experte, qui rayonnent vers l&rsquo;ext\u00e9rieur \u00e0 partir de ses quatre fa\u00e7ades de porte. Le panneau sup\u00e9rieur est orn\u00e9 d&rsquo;un \u00e9tonnant placage \u00e0 motif de diamant, tandis qu&rsquo;une incrustation de perles en laiton laqu\u00e9 met en valeur le bord inf\u00e9rieur du panneau sup\u00e9rieur. Les \u00e9tag\u00e8res r\u00e9glables \u00e0 l&rsquo;int\u00e9rieur facilitent le rangement, tandis que les ferrures, les pieds et les garnitures en laiton naturel laqu\u00e9 ajoutent une touche finale \u00e0 ce design incomparable.   <\/p>\n","protected":false},"featured_media":414150,"template":"","meta":{"_kad_blocks_custom_css":"","_kad_blocks_head_custom_js":"","_kad_blocks_body_custom_js":"","_kad_blocks_footer_custom_js":"","_kad_post_transparent":"","_kad_post_title":"","_kad_post_layout":"","_kad_post_sidebar_id":"","_kad_post_content_style":"","_kad_post_vertical_padding":"","_kad_post_feature":"","_kad_post_feature_position":"","_kad_post_header":false,"_kad_post_footer":false,"_kad_post_classname":""},"product_brand":[],"product_cat":[1326],"product_tag":[1369],"class_list":{"0":"post-414260","1":"product","2":"type-product","3":"status-publish","4":"has-post-thumbnail","6":"product_cat-cabinets-media","7":"product_tag-theodore-fr","9":"first","10":"instock","11":"taxable","12":"shipping-taxable","13":"product-type-simple","14":"entry","15":"content-bg","16":"loop-entry"},"taxonomy_info":{"product_cat":[{"value":1326,"label":"Meubles Media"}],"product_tag":[{"value":1369,"label":"THEODORE"}]},"featured_image_src_large":["https:\/\/www.avenuedesigncanada.com\/wp-content\/uploads\/2026\/03\/Reflection-SIDEBOARD-1024x1024.png",1024,1024,true],"author_info":[],"comment_info":"","_links":{"self":[{"href":"https:\/\/www.avenuedesigncanada.com\/fr\/wp-json\/wp\/v2\/product\/414260","targetHints":{"allow":["GET"]}}],"collection":[{"href":"https:\/\/www.avenuedesigncanada.com\/fr\/wp-json\/wp\/v2\/product"}],"about":[{"href":"https:\/\/www.avenuedesigncanada.com\/fr\/wp-json\/wp\/v2\/types\/product"}],"wp:featuredmedia":[{"embeddable":true,"href":"https:\/\/www.avenuedesigncanada.com\/fr\/wp-json\/wp\/v2\/media\/414150"}],"wp:attachment":[{"href":"https:\/\/www.avenuedesigncanada.com\/fr\/wp-json\/wp\/v2\/media?parent=414260"}],"wp:term":[{"taxonomy":"product_brand","embeddable":true,"href":"https:\/\/www.avenuedesigncanada.com\/fr\/wp-json\/wp\/v2\/product_brand?post=414260"},{"taxonomy":"product_cat","embeddable":true,"href":"https:\/\/www.avenuedesigncanada.com\/fr\/wp-json\/wp\/v2\/product_cat?post=414260"},{"taxonomy":"product_tag","embeddable":true,"href":"https:\/\/www.avenuedesigncanada.com\/fr\/wp-json\/wp\/v2\/product_tag?post=414260"}],"curies":[{"name":"wp","href":"https:\/\/api.w.org\/{rel}","templated":true}]}}