{"id":414265,"date":"2026-03-30T14:43:35","date_gmt":"2026-03-30T18:43:35","guid":{"rendered":"https:\/\/www.avenuedesigncanada.com\/product\/table-a-manger-splendor-2\/"},"modified":"2026-03-30T15:02:12","modified_gmt":"2026-03-30T19:02:12","slug":"table-a-manger-splendor-2","status":"publish","type":"product","link":"https:\/\/www.avenuedesigncanada.com\/fr\/product\/table-a-manger-splendor-2\/","title":{"rendered":"Table \u00e0 manger Splendor"},"content":{"rendered":"<p><em>La table de salle \u00e0 manger Splendor pr\u00e9sente les caract\u00e9ristiques suivantes :  <\/em> <\/p>\n<p>Options de finition disponibles. Tel qu&rsquo;illustr\u00e9 en &#8211; Finition : Silver Briar. Base en m\u00e9tal.  <\/p>\n<p>Vous avez des questions sur ce produit ?<br \/>\nNos concepteurs sont l\u00e0 pour vous aider. Appelez-nous au (514) 340-9351 <\/p>\n","protected":false},"excerpt":{"rendered":"<p>Luxueuse mais d\u00e9contract\u00e9e, la collection Splendor est l&rsquo;essence m\u00eame de l&rsquo;\u00e9l\u00e9gance \u00e9volu\u00e9e. Son esth\u00e9tique chic et organique s&rsquo;inspire des moments \u00ab\u00a0ah-ha\u00a0\u00bb de la nature &#8211; comme lorsqu&rsquo;un coucher de soleil hivernal irradie l&rsquo;horizon d&rsquo;une lueur chaude et dor\u00e9e ou que des gouttes d&rsquo;eau captur\u00e9es par le soleil projettent un prisme de lumi\u00e8re dans l&rsquo;air. Splendor capture cette magie gr\u00e2ce \u00e0 la brillance naturelle et \u00e0 l&rsquo;\u00e9clat doux de la s\u00e9l\u00e9nite polie, des placages d&rsquo;\u00e9rable figur\u00e9 blanchi et du m\u00e9tal bronze doux. Ses silhouettes audacieuses sont d\u00e9finies par une sensibilit\u00e9 minimaliste et transmettent une sophistication \u00e9lev\u00e9e et un caract\u00e8re avant-gardiste. Avec sa palette saisissante de mat\u00e9riaux \u00e9l\u00e9mentaires, Splendor incarne la beaut\u00e9 exquise cr\u00e9\u00e9e lorsque m\u00e8re nature s&rsquo;exhibe un peu.    <\/p>\n","protected":false},"featured_media":414160,"template":"","meta":{"_kad_blocks_custom_css":"","_kad_blocks_head_custom_js":"","_kad_blocks_body_custom_js":"","_kad_blocks_footer_custom_js":"","_kad_post_transparent":"","_kad_post_title":"","_kad_post_layout":"","_kad_post_sidebar_id":"","_kad_post_content_style":"","_kad_post_vertical_padding":"","_kad_post_feature":"","_kad_post_feature_position":"","_kad_post_header":false,"_kad_post_footer":false,"_kad_post_classname":""},"product_brand":[],"product_cat":[1306],"product_tag":[1369],"class_list":{"0":"post-414265","1":"product","2":"type-product","3":"status-publish","4":"has-post-thumbnail","6":"product_cat-tables-de-salle-a-manger","7":"product_tag-theodore-fr","9":"first","10":"instock","11":"taxable","12":"shipping-taxable","13":"product-type-simple","14":"entry","15":"content-bg","16":"loop-entry"},"taxonomy_info":{"product_cat":[{"value":1306,"label":"Tables"}],"product_tag":[{"value":1369,"label":"THEODORE"}]},"featured_image_src_large":["https:\/\/www.avenuedesigncanada.com\/wp-content\/uploads\/2026\/03\/Splendor-Dining-Table-6-1024x1024.png",1024,1024,true],"author_info":[],"comment_info":"","_links":{"self":[{"href":"https:\/\/www.avenuedesigncanada.com\/fr\/wp-json\/wp\/v2\/product\/414265","targetHints":{"allow":["GET"]}}],"collection":[{"href":"https:\/\/www.avenuedesigncanada.com\/fr\/wp-json\/wp\/v2\/product"}],"about":[{"href":"https:\/\/www.avenuedesigncanada.com\/fr\/wp-json\/wp\/v2\/types\/product"}],"wp:featuredmedia":[{"embeddable":true,"href":"https:\/\/www.avenuedesigncanada.com\/fr\/wp-json\/wp\/v2\/media\/414160"}],"wp:attachment":[{"href":"https:\/\/www.avenuedesigncanada.com\/fr\/wp-json\/wp\/v2\/media?parent=414265"}],"wp:term":[{"taxonomy":"product_brand","embeddable":true,"href":"https:\/\/www.avenuedesigncanada.com\/fr\/wp-json\/wp\/v2\/product_brand?post=414265"},{"taxonomy":"product_cat","embeddable":true,"href":"https:\/\/www.avenuedesigncanada.com\/fr\/wp-json\/wp\/v2\/product_cat?post=414265"},{"taxonomy":"product_tag","embeddable":true,"href":"https:\/\/www.avenuedesigncanada.com\/fr\/wp-json\/wp\/v2\/product_tag?post=414265"}],"curies":[{"name":"wp","href":"https:\/\/api.w.org\/{rel}","templated":true}]}}