{"id":414267,"date":"2026-03-30T14:43:39","date_gmt":"2026-03-30T18:43:39","guid":{"rendered":"https:\/\/www.avenuedesigncanada.com\/product\/commode-ashby\/"},"modified":"2026-03-30T15:02:13","modified_gmt":"2026-03-30T19:02:13","slug":"commode-ashby","status":"publish","type":"product","link":"https:\/\/www.avenuedesigncanada.com\/fr\/product\/commode-ashby\/","title":{"rendered":"Commode Ashby"},"content":{"rendered":"<p><em>La commode Ashby pr\u00e9sente les caract\u00e9ristiques suivantes :  <\/em> <\/p>\n<p>Options de finition disponibles. Tel qu&rsquo;illustr\u00e9 en &#8211; Finition : Lin. Face ext\u00e9rieure perl\u00e9e, grandes poign\u00e9es rondes en bois (une centr\u00e9e sur chaque tiroir).  <\/p>\n<p>Vous avez des questions sur ce produit ?<br \/>\nNos concepteurs sont l\u00e0 pour vous aider. Appelez-nous au (514) 340-9351 <\/p>\n","protected":false},"excerpt":{"rendered":"<p>Avec ses lignes \u00e9pur\u00e9es et sa base moderne, la commode Ashby rehausse le niveau de rangement de la chambre \u00e0 coucher. Des d\u00e9tails \u00e9l\u00e9gants d\u00e9finissent cet essentiel du rangement de la chambre \u00e0 coucher tandis que sa silhouette intemporelle fait une d\u00e9claration de sophistication. Exquis\u00e9ment fabriqu\u00e9e en placage de h\u00eatre, Ashby peut \u00eatre personnalis\u00e9e avec votre face de tiroir Make It Yours pr\u00e9f\u00e9r\u00e9e et des options de quincaillerie. Les six tiroirs spacieux de cette commode \u00e9l\u00e9gante garantissent que chaque chemise, pull et maillot de bain a son propre emplacement \u00e9l\u00e9gant.   <\/p>\n","protected":false},"featured_media":414054,"template":"","meta":{"_kad_blocks_custom_css":"","_kad_blocks_head_custom_js":"","_kad_blocks_body_custom_js":"","_kad_blocks_footer_custom_js":"","_kad_post_transparent":"","_kad_post_title":"","_kad_post_layout":"","_kad_post_sidebar_id":"","_kad_post_content_style":"","_kad_post_vertical_padding":"","_kad_post_feature":"","_kad_post_feature_position":"","_kad_post_header":false,"_kad_post_footer":false,"_kad_post_classname":""},"product_brand":[],"product_cat":[1326],"product_tag":[1369],"class_list":{"0":"post-414267","1":"product","2":"type-product","3":"status-publish","4":"has-post-thumbnail","6":"product_cat-cabinets-media","7":"product_tag-theodore-fr","9":"first","10":"instock","11":"taxable","12":"shipping-taxable","13":"product-type-simple","14":"entry","15":"content-bg","16":"loop-entry"},"taxonomy_info":{"product_cat":[{"value":1326,"label":"Meubles Media"}],"product_tag":[{"value":1369,"label":"THEODORE"}]},"featured_image_src_large":["https:\/\/www.avenuedesigncanada.com\/wp-content\/uploads\/2026\/03\/Ashby-Dresser-1024x1024.png",1024,1024,true],"author_info":[],"comment_info":"","_links":{"self":[{"href":"https:\/\/www.avenuedesigncanada.com\/fr\/wp-json\/wp\/v2\/product\/414267","targetHints":{"allow":["GET"]}}],"collection":[{"href":"https:\/\/www.avenuedesigncanada.com\/fr\/wp-json\/wp\/v2\/product"}],"about":[{"href":"https:\/\/www.avenuedesigncanada.com\/fr\/wp-json\/wp\/v2\/types\/product"}],"wp:featuredmedia":[{"embeddable":true,"href":"https:\/\/www.avenuedesigncanada.com\/fr\/wp-json\/wp\/v2\/media\/414054"}],"wp:attachment":[{"href":"https:\/\/www.avenuedesigncanada.com\/fr\/wp-json\/wp\/v2\/media?parent=414267"}],"wp:term":[{"taxonomy":"product_brand","embeddable":true,"href":"https:\/\/www.avenuedesigncanada.com\/fr\/wp-json\/wp\/v2\/product_brand?post=414267"},{"taxonomy":"product_cat","embeddable":true,"href":"https:\/\/www.avenuedesigncanada.com\/fr\/wp-json\/wp\/v2\/product_cat?post=414267"},{"taxonomy":"product_tag","embeddable":true,"href":"https:\/\/www.avenuedesigncanada.com\/fr\/wp-json\/wp\/v2\/product_tag?post=414267"}],"curies":[{"name":"wp","href":"https:\/\/api.w.org\/{rel}","templated":true}]}}