{"id":414269,"date":"2026-03-30T14:43:28","date_gmt":"2026-03-30T18:43:28","guid":{"rendered":"https:\/\/www.avenuedesigncanada.com\/product\/bureau-berkley-avec-base-geometrique-en-metal\/"},"modified":"2026-03-30T15:02:26","modified_gmt":"2026-03-30T19:02:26","slug":"bureau-berkley-avec-base-geometrique-en-metal","status":"publish","type":"product","link":"https:\/\/www.avenuedesigncanada.com\/fr\/product\/bureau-berkley-avec-base-geometrique-en-metal\/","title":{"rendered":"Bureau Berkley avec base g\u00e9om\u00e9trique en m\u00e9tal"},"content":{"rendered":"<p><em>Le bureau Berkley avec base g\u00e9om\u00e9trique en m\u00e9tal pr\u00e9sente les caract\u00e9ristiques suivantes :  <\/em> <\/p>\n<p>Options de finition disponibles. Trois tiroirs, pied en m\u00e9tal. Tel qu&rsquo;illustr\u00e9 en &#8211; Finition : n&rsquo;est plus disponible ; m\u00e9tal en laiton satin\u00e9. Face en velours c\u00f4tel\u00e9, petites poign\u00e9es Wallace en laiton satin\u00e9\/une centr\u00e9e sur chaque tiroir.   <\/p>\n<p>Vous avez des questions sur ce produit ?<br \/>\nNos concepteurs sont l\u00e0 pour vous aider. Appelez-nous au (514) 340-9351 <\/p>\n","protected":false},"excerpt":{"rendered":"<p>Le bureau Berkley avec base g\u00e9om\u00e9trique en m\u00e9tal pr\u00e9sente les caract\u00e9ristiques suivantes : Options de finition disponibles. Trois tiroirs, pied en m\u00e9tal. Tel qu&rsquo;illustr\u00e9 en &#8211; Finition : n&rsquo;est plus disponible ; m\u00e9tal en laiton satin\u00e9. Face en velours c\u00f4tel\u00e9, petites poign\u00e9es Wallace en laiton satin\u00e9\/une centr\u00e9e sur chaque tiroir. Vous avez des questions sur&#8230;<\/p>\n","protected":false},"featured_media":414116,"template":"","meta":{"_kad_blocks_custom_css":"","_kad_blocks_head_custom_js":"","_kad_blocks_body_custom_js":"","_kad_blocks_footer_custom_js":"","_kad_post_transparent":"","_kad_post_title":"","_kad_post_layout":"","_kad_post_sidebar_id":"","_kad_post_content_style":"","_kad_post_vertical_padding":"","_kad_post_feature":"","_kad_post_feature_position":"","_kad_post_header":false,"_kad_post_footer":false,"_kad_post_classname":""},"product_brand":[],"product_cat":[1310],"product_tag":[1369],"class_list":{"0":"post-414269","1":"product","2":"type-product","3":"status-publish","4":"has-post-thumbnail","6":"product_cat-bureaux","7":"product_tag-theodore-fr","9":"first","10":"instock","11":"taxable","12":"shipping-taxable","13":"product-type-simple","14":"entry","15":"content-bg","16":"loop-entry"},"taxonomy_info":{"product_cat":[{"value":1310,"label":"Bureaux"}],"product_tag":[{"value":1369,"label":"THEODORE"}]},"featured_image_src_large":["https:\/\/www.avenuedesigncanada.com\/wp-content\/uploads\/2026\/03\/Berkley-Desk-with-Metal-Geometric-Base-1024x1024.png",1024,1024,true],"author_info":[],"comment_info":"","_links":{"self":[{"href":"https:\/\/www.avenuedesigncanada.com\/fr\/wp-json\/wp\/v2\/product\/414269","targetHints":{"allow":["GET"]}}],"collection":[{"href":"https:\/\/www.avenuedesigncanada.com\/fr\/wp-json\/wp\/v2\/product"}],"about":[{"href":"https:\/\/www.avenuedesigncanada.com\/fr\/wp-json\/wp\/v2\/types\/product"}],"wp:featuredmedia":[{"embeddable":true,"href":"https:\/\/www.avenuedesigncanada.com\/fr\/wp-json\/wp\/v2\/media\/414116"}],"wp:attachment":[{"href":"https:\/\/www.avenuedesigncanada.com\/fr\/wp-json\/wp\/v2\/media?parent=414269"}],"wp:term":[{"taxonomy":"product_brand","embeddable":true,"href":"https:\/\/www.avenuedesigncanada.com\/fr\/wp-json\/wp\/v2\/product_brand?post=414269"},{"taxonomy":"product_cat","embeddable":true,"href":"https:\/\/www.avenuedesigncanada.com\/fr\/wp-json\/wp\/v2\/product_cat?post=414269"},{"taxonomy":"product_tag","embeddable":true,"href":"https:\/\/www.avenuedesigncanada.com\/fr\/wp-json\/wp\/v2\/product_tag?post=414269"}],"curies":[{"name":"wp","href":"https:\/\/api.w.org\/{rel}","templated":true}]}}