{"id":414270,"date":"2026-03-30T14:43:33","date_gmt":"2026-03-30T18:43:33","guid":{"rendered":"https:\/\/www.avenuedesigncanada.com\/product\/table-a-manger-verge\/"},"modified":"2026-03-30T15:02:27","modified_gmt":"2026-03-30T19:02:27","slug":"table-a-manger-verge","status":"publish","type":"product","link":"https:\/\/www.avenuedesigncanada.com\/fr\/product\/table-a-manger-verge\/","title":{"rendered":"Table \u00e0 manger Verge"},"content":{"rendered":"<p><em>La table \u00e0 manger Verge pr\u00e9sente les caract\u00e9ristiques suivantes :  <\/em> <\/p>\n<p>Options de finition disponibles. Le dessus est en acajou \u00e0 coupe folle, la base est en laiton textur\u00e9 et patin\u00e9. Tel qu&rsquo;illustr\u00e9 en &#8211; Finition : Peppercorn avec laiton textur\u00e9.  <\/p>\n<p>Vous avez des questions sur ce produit ?<br \/>\nNos concepteurs sont l\u00e0 pour vous aider. Appelez-nous au (514) 340-9351 <\/p>\n","protected":false},"excerpt":{"rendered":"<p>Verge se distingue par son placage exquis \u00ab\u00a0crazy-cut\u00a0\u00bb &#8211; un assemblage artistique de placages d&rsquo;acajou croch et d&rsquo;acajou flat-cut d\u00e9coup\u00e9s au laser selon des motifs pr\u00e9cis et minutieusement assortis \u00e0 la main pour cr\u00e9er un motif artistiquement organique. La table de salle \u00e0 manger Verge est dot\u00e9e d&rsquo;un plateau rectangulaire en acajou crochu blanchi, coup\u00e9 \u00e0 la main, et d&rsquo;une base textur\u00e9e en laiton vieilli. <\/p>\n","protected":false},"featured_media":414170,"template":"","meta":{"_kad_blocks_custom_css":"","_kad_blocks_head_custom_js":"","_kad_blocks_body_custom_js":"","_kad_blocks_footer_custom_js":"","_kad_post_transparent":"","_kad_post_title":"","_kad_post_layout":"","_kad_post_sidebar_id":"","_kad_post_content_style":"","_kad_post_vertical_padding":"","_kad_post_feature":"","_kad_post_feature_position":"","_kad_post_header":false,"_kad_post_footer":false,"_kad_post_classname":""},"product_brand":[],"product_cat":[15],"product_tag":[1369],"class_list":{"0":"post-414270","1":"product","2":"type-product","3":"status-publish","4":"has-post-thumbnail","6":"product_cat-uncategorized","7":"product_tag-theodore-fr","9":"first","10":"instock","11":"taxable","12":"shipping-taxable","13":"product-type-simple","14":"entry","15":"content-bg","16":"loop-entry"},"taxonomy_info":{"product_cat":[{"value":15,"label":"Uncategorized"}],"product_tag":[{"value":1369,"label":"THEODORE"}]},"featured_image_src_large":["https:\/\/www.avenuedesigncanada.com\/wp-content\/uploads\/2026\/03\/Verge-Dining-Table-1024x1024.png",1024,1024,true],"author_info":[],"comment_info":"","_links":{"self":[{"href":"https:\/\/www.avenuedesigncanada.com\/fr\/wp-json\/wp\/v2\/product\/414270","targetHints":{"allow":["GET"]}}],"collection":[{"href":"https:\/\/www.avenuedesigncanada.com\/fr\/wp-json\/wp\/v2\/product"}],"about":[{"href":"https:\/\/www.avenuedesigncanada.com\/fr\/wp-json\/wp\/v2\/types\/product"}],"wp:featuredmedia":[{"embeddable":true,"href":"https:\/\/www.avenuedesigncanada.com\/fr\/wp-json\/wp\/v2\/media\/414170"}],"wp:attachment":[{"href":"https:\/\/www.avenuedesigncanada.com\/fr\/wp-json\/wp\/v2\/media?parent=414270"}],"wp:term":[{"taxonomy":"product_brand","embeddable":true,"href":"https:\/\/www.avenuedesigncanada.com\/fr\/wp-json\/wp\/v2\/product_brand?post=414270"},{"taxonomy":"product_cat","embeddable":true,"href":"https:\/\/www.avenuedesigncanada.com\/fr\/wp-json\/wp\/v2\/product_cat?post=414270"},{"taxonomy":"product_tag","embeddable":true,"href":"https:\/\/www.avenuedesigncanada.com\/fr\/wp-json\/wp\/v2\/product_tag?post=414270"}],"curies":[{"name":"wp","href":"https:\/\/api.w.org\/{rel}","templated":true}]}}