{"id":414273,"date":"2026-03-30T14:43:37","date_gmt":"2026-03-30T18:43:37","guid":{"rendered":"https:\/\/www.avenuedesigncanada.com\/product\/armoire-de-rangement-cabana\/"},"modified":"2026-03-30T15:02:30","modified_gmt":"2026-03-30T19:02:30","slug":"armoire-de-rangement-cabana","status":"publish","type":"product","link":"https:\/\/www.avenuedesigncanada.com\/fr\/product\/armoire-de-rangement-cabana\/","title":{"rendered":"Armoire de rangement Cabana"},"content":{"rendered":"<p><em>L&rsquo;armoire de rangement Cabana pr\u00e9sente les caract\u00e9ristiques suivantes :  <\/em><\/p>\n<p>Options de finition disponibles. Quatre portes tiss\u00e9es, base en m\u00e9tal inoxydable poli &#8211; standard, deux \u00e9tag\u00e8res en verre r\u00e9glables. Tel qu&rsquo;illustr\u00e9 en &#8211; Finition : Greythorne.  <\/p>\n<p>Vous avez des questions sur ce produit ?<br \/>\nNos concepteurs sont l\u00e0 pour vous aider. Appelez-nous au (514) 340-9351 <\/p>\n","protected":false},"excerpt":{"rendered":"<p>L&rsquo;armoire de rangement Cabana pr\u00e9sente les caract\u00e9ristiques suivantes : Options de finition disponibles. Quatre portes tiss\u00e9es, base en m\u00e9tal inoxydable poli &#8211; standard, deux \u00e9tag\u00e8res en verre r\u00e9glables. Tel qu&rsquo;illustr\u00e9 en &#8211; Finition : Greythorne. Vous avez des questions sur ce produit ? Nos concepteurs sont l\u00e0 pour vous aider. Appelez-nous au (514) 340-9351<\/p>\n","protected":false},"featured_media":414134,"template":"","meta":{"_kad_blocks_custom_css":"","_kad_blocks_head_custom_js":"","_kad_blocks_body_custom_js":"","_kad_blocks_footer_custom_js":"","_kad_post_transparent":"","_kad_post_title":"","_kad_post_layout":"","_kad_post_sidebar_id":"","_kad_post_content_style":"","_kad_post_vertical_padding":"","_kad_post_feature":"","_kad_post_feature_position":"","_kad_post_header":false,"_kad_post_footer":false,"_kad_post_classname":""},"product_brand":[],"product_cat":[1326],"product_tag":[1369],"class_list":{"0":"post-414273","1":"product","2":"type-product","3":"status-publish","4":"has-post-thumbnail","6":"product_cat-cabinets-media","7":"product_tag-theodore-fr","9":"first","10":"instock","11":"taxable","12":"shipping-taxable","13":"product-type-simple","14":"entry","15":"content-bg","16":"loop-entry"},"taxonomy_info":{"product_cat":[{"value":1326,"label":"Meubles Media"}],"product_tag":[{"value":1369,"label":"THEODORE"}]},"featured_image_src_large":["https:\/\/www.avenuedesigncanada.com\/wp-content\/uploads\/2026\/03\/Cabana-Storage-Cabinet-1024x1024.png",1024,1024,true],"author_info":[],"comment_info":"","_links":{"self":[{"href":"https:\/\/www.avenuedesigncanada.com\/fr\/wp-json\/wp\/v2\/product\/414273","targetHints":{"allow":["GET"]}}],"collection":[{"href":"https:\/\/www.avenuedesigncanada.com\/fr\/wp-json\/wp\/v2\/product"}],"about":[{"href":"https:\/\/www.avenuedesigncanada.com\/fr\/wp-json\/wp\/v2\/types\/product"}],"wp:featuredmedia":[{"embeddable":true,"href":"https:\/\/www.avenuedesigncanada.com\/fr\/wp-json\/wp\/v2\/media\/414134"}],"wp:attachment":[{"href":"https:\/\/www.avenuedesigncanada.com\/fr\/wp-json\/wp\/v2\/media?parent=414273"}],"wp:term":[{"taxonomy":"product_brand","embeddable":true,"href":"https:\/\/www.avenuedesigncanada.com\/fr\/wp-json\/wp\/v2\/product_brand?post=414273"},{"taxonomy":"product_cat","embeddable":true,"href":"https:\/\/www.avenuedesigncanada.com\/fr\/wp-json\/wp\/v2\/product_cat?post=414273"},{"taxonomy":"product_tag","embeddable":true,"href":"https:\/\/www.avenuedesigncanada.com\/fr\/wp-json\/wp\/v2\/product_tag?post=414273"}],"curies":[{"name":"wp","href":"https:\/\/api.w.org\/{rel}","templated":true}]}}