{"id":414708,"date":"2026-04-01T16:10:07","date_gmt":"2026-04-01T20:10:07","guid":{"rendered":"https:\/\/www.avenuedesigncanada.com\/product\/table-de-nuit-essence\/"},"modified":"2026-04-01T16:16:40","modified_gmt":"2026-04-01T20:16:40","slug":"table-de-nuit-essence","status":"publish","type":"product","link":"https:\/\/www.avenuedesigncanada.com\/fr\/product\/table-de-nuit-essence\/","title":{"rendered":"Table de nuit Essence"},"content":{"rendered":"<p><em>La table de nuit Essence pr\u00e9sente les caract\u00e9ristiques suivantes :  <\/em> <\/p>\n<p>Options de finition disponibles. Ch\u00eane bross\u00e9, trois tiroirs, base et quincaillerie en m\u00e9tal bronze antique ou argent antique. Tel qu&rsquo;illustr\u00e9 en : Finition &#8211; Halo avec argent antique. <\/p>\n<p>Vous avez des questions sur ce produit ?<br \/>\nNos concepteurs sont l\u00e0 pour vous aider. Appelez-nous au (514) 340-9351 <\/p>\n","protected":false},"excerpt":{"rendered":"<p>Essence vous invite \u00e0 p\u00e9n\u00e9trer dans un monde o\u00f9 la mode rencontre le mobilier. \u00c9voquant un sens du glamour discret, Essence pr\u00e9sente des silhouettes qui refl\u00e8tent la forme f\u00e9minine avec des courbes gracieuses et une pr\u00e9sence l\u00e9g\u00e8re et a\u00e9rienne. Essence propose des silhouettes embl\u00e9matiques qui ont \u00e9t\u00e9 distill\u00e9es jusqu&rsquo;\u00e0 leur essence, et l&rsquo;encombrement r\u00e9duit de la collection la rend id\u00e9ale pour la vie d&rsquo;aujourd&rsquo;hui. Sa signature est inspir\u00e9e par l&rsquo;architecte visionnaire Peter Marino, connu pour son travail avec Chanel et son utilisation magistrale du noir et du blanc. Essence incarne la fusion parfaite de la sophistication classique et du flair moderne.    <\/p>\n","protected":false},"featured_media":414636,"template":"","meta":{"_kad_blocks_custom_css":"","_kad_blocks_head_custom_js":"","_kad_blocks_body_custom_js":"","_kad_blocks_footer_custom_js":"","_kad_post_transparent":"","_kad_post_title":"","_kad_post_layout":"","_kad_post_sidebar_id":"","_kad_post_content_style":"","_kad_post_vertical_padding":"","_kad_post_feature":"","_kad_post_feature_position":"","_kad_post_header":false,"_kad_post_footer":false,"_kad_post_classname":""},"product_brand":[],"product_cat":[1299],"product_tag":[1369],"class_list":{"0":"post-414708","1":"product","2":"type-product","3":"status-publish","4":"has-post-thumbnail","6":"product_cat-tables-de-nuit","7":"product_tag-theodore-fr","9":"first","10":"instock","11":"taxable","12":"shipping-taxable","13":"product-type-simple","14":"entry","15":"content-bg","16":"loop-entry"},"taxonomy_info":{"product_cat":[{"value":1299,"label":"Tables de chevet"}],"product_tag":[{"value":1369,"label":"THEODORE"}]},"featured_image_src_large":["https:\/\/www.avenuedesigncanada.com\/wp-content\/uploads\/2026\/04\/Essence-Nightstand-1024x1024.png",1024,1024,true],"author_info":[],"comment_info":"","_links":{"self":[{"href":"https:\/\/www.avenuedesigncanada.com\/fr\/wp-json\/wp\/v2\/product\/414708","targetHints":{"allow":["GET"]}}],"collection":[{"href":"https:\/\/www.avenuedesigncanada.com\/fr\/wp-json\/wp\/v2\/product"}],"about":[{"href":"https:\/\/www.avenuedesigncanada.com\/fr\/wp-json\/wp\/v2\/types\/product"}],"wp:featuredmedia":[{"embeddable":true,"href":"https:\/\/www.avenuedesigncanada.com\/fr\/wp-json\/wp\/v2\/media\/414636"}],"wp:attachment":[{"href":"https:\/\/www.avenuedesigncanada.com\/fr\/wp-json\/wp\/v2\/media?parent=414708"}],"wp:term":[{"taxonomy":"product_brand","embeddable":true,"href":"https:\/\/www.avenuedesigncanada.com\/fr\/wp-json\/wp\/v2\/product_brand?post=414708"},{"taxonomy":"product_cat","embeddable":true,"href":"https:\/\/www.avenuedesigncanada.com\/fr\/wp-json\/wp\/v2\/product_cat?post=414708"},{"taxonomy":"product_tag","embeddable":true,"href":"https:\/\/www.avenuedesigncanada.com\/fr\/wp-json\/wp\/v2\/product_tag?post=414708"}],"curies":[{"name":"wp","href":"https:\/\/api.w.org\/{rel}","templated":true}]}}