{"id":414712,"date":"2026-04-01T16:10:04","date_gmt":"2026-04-01T20:10:04","guid":{"rendered":"https:\/\/www.avenuedesigncanada.com\/product\/grande-table-de-nuit-a-3-tiroirs-devon\/"},"modified":"2026-04-01T16:16:43","modified_gmt":"2026-04-01T20:16:43","slug":"grande-table-de-nuit-a-3-tiroirs-devon","status":"publish","type":"product","link":"https:\/\/www.avenuedesigncanada.com\/fr\/product\/grande-table-de-nuit-a-3-tiroirs-devon\/","title":{"rendered":"Grande table de nuit \u00e0 3 tiroirs Devon"},"content":{"rendered":"<p><em>La grande table de nuit \u00e0 3 tiroirs Devon pr\u00e9sente les caract\u00e9ristiques suivantes :  <\/em> <\/p>\n<p>Options de finition disponibles. Trois tiroirs, entretoise en m\u00e9tal s\u00e9parant la bo\u00eete int\u00e9rieure de l&rsquo;enveloppe ext\u00e9rieure. Illustr\u00e9 en : Finition &#8211; Amarone. Face sculpt\u00e9e haut de gamme (suppl\u00e9ment), poign\u00e9es Namaste en bronze antique, entretoises m\u00e9talliques en bronze antique.<\/p>\n<p>Vous avez des questions sur ce produit ?<br \/>\nNos designers sont l\u00e0 pour vous aider.   Appelez-nous au (514) 340-9351<\/p>\n","protected":false},"excerpt":{"rendered":"<p>Avec la collection Devon, plus vous regardez de pr\u00e8s, plus il y a de choses \u00e0 aimer. Trois grands tiroirs flottent dans un cadre \u00e9l\u00e9gant pour transmettre un air de sophistication moderne qui illumine son design frappant. Devon peut \u00eatre personnalis\u00e9 avec votre face de tiroir Make It Yours pr\u00e9f\u00e9r\u00e9e et des options de quincaillerie. Le rangement n&rsquo;a jamais \u00e9t\u00e9 aussi \u00e0 la mode !   <\/p>\n","protected":false},"featured_media":414590,"template":"","meta":{"_kad_blocks_custom_css":"","_kad_blocks_head_custom_js":"","_kad_blocks_body_custom_js":"","_kad_blocks_footer_custom_js":"","_kad_post_transparent":"","_kad_post_title":"","_kad_post_layout":"","_kad_post_sidebar_id":"","_kad_post_content_style":"","_kad_post_vertical_padding":"","_kad_post_feature":"","_kad_post_feature_position":"","_kad_post_header":false,"_kad_post_footer":false,"_kad_post_classname":""},"product_brand":[],"product_cat":[1299],"product_tag":[1369],"class_list":{"0":"post-414712","1":"product","2":"type-product","3":"status-publish","4":"has-post-thumbnail","6":"product_cat-tables-de-nuit","7":"product_tag-theodore-fr","9":"first","10":"instock","11":"taxable","12":"shipping-taxable","13":"product-type-simple","14":"entry","15":"content-bg","16":"loop-entry"},"taxonomy_info":{"product_cat":[{"value":1299,"label":"Tables de chevet"}],"product_tag":[{"value":1369,"label":"THEODORE"}]},"featured_image_src_large":["https:\/\/www.avenuedesigncanada.com\/wp-content\/uploads\/2026\/04\/Devon-Large-3-Drawer-Nightstand-1024x1024.png",1024,1024,true],"author_info":[],"comment_info":"","_links":{"self":[{"href":"https:\/\/www.avenuedesigncanada.com\/fr\/wp-json\/wp\/v2\/product\/414712","targetHints":{"allow":["GET"]}}],"collection":[{"href":"https:\/\/www.avenuedesigncanada.com\/fr\/wp-json\/wp\/v2\/product"}],"about":[{"href":"https:\/\/www.avenuedesigncanada.com\/fr\/wp-json\/wp\/v2\/types\/product"}],"wp:featuredmedia":[{"embeddable":true,"href":"https:\/\/www.avenuedesigncanada.com\/fr\/wp-json\/wp\/v2\/media\/414590"}],"wp:attachment":[{"href":"https:\/\/www.avenuedesigncanada.com\/fr\/wp-json\/wp\/v2\/media?parent=414712"}],"wp:term":[{"taxonomy":"product_brand","embeddable":true,"href":"https:\/\/www.avenuedesigncanada.com\/fr\/wp-json\/wp\/v2\/product_brand?post=414712"},{"taxonomy":"product_cat","embeddable":true,"href":"https:\/\/www.avenuedesigncanada.com\/fr\/wp-json\/wp\/v2\/product_cat?post=414712"},{"taxonomy":"product_tag","embeddable":true,"href":"https:\/\/www.avenuedesigncanada.com\/fr\/wp-json\/wp\/v2\/product_tag?post=414712"}],"curies":[{"name":"wp","href":"https:\/\/api.w.org\/{rel}","templated":true}]}}