{"id":414715,"date":"2026-04-01T16:10:10","date_gmt":"2026-04-01T20:10:10","guid":{"rendered":"https:\/\/www.avenuedesigncanada.com\/product\/table-de-nuit-gottfried-2\/"},"modified":"2026-04-01T16:16:48","modified_gmt":"2026-04-01T20:16:48","slug":"table-de-nuit-gottfried-2","status":"publish","type":"product","link":"https:\/\/www.avenuedesigncanada.com\/fr\/product\/table-de-nuit-gottfried-2\/","title":{"rendered":"Table de nuit Gottfried"},"content":{"rendered":"<p><em>La table de nuit Gottfried pr\u00e9sente les caract\u00e9ristiques suivantes :  <\/em> <\/p>\n<p>Un tiroir. Une tablette fixe en verre, pied tubulaire en m\u00e9tal, pied tubulaire en m\u00e9tal laiton satin\u00e9, nickel bross\u00e9 ou bronze antique, disponible. Le choix de la finition doit \u00e9galement \u00eatre utilis\u00e9 pour la quincaillerie, option. Aucune autre option de finition n&rsquo;est disponible. Vous devez sp\u00e9cifier&#8230; Tel qu&rsquo;illustr\u00e9 en : Finition &#8211; Blanc pur. Pieds tubulaires en m\u00e9tal en laiton satin\u00e9, face nette, poign\u00e9es Casanova de premi\u00e8re qualit\u00e9 (suppl\u00e9ment) en laiton satin\u00e9\/deux sur le tiroir (suppl\u00e9ment).<\/p>\n<p>Vous avez des questions sur ce produit ?<br \/>\nNos concepteurs sont l\u00e0 pour vous aider. Appelez-nous au (514) 340-9351<\/p>\n","protected":false},"excerpt":{"rendered":"<p>La table de nuit Gottfried pr\u00e9sente les caract\u00e9ristiques suivantes : Un tiroir. Une tablette fixe en verre, pied tubulaire en m\u00e9tal, pied tubulaire en m\u00e9tal laiton satin\u00e9, nickel bross\u00e9 ou bronze antique, disponible. Le choix de la finition doit \u00e9galement \u00eatre utilis\u00e9 pour la quincaillerie, option. Aucune autre option de finition n&rsquo;est disponible. Vous devez&#8230;<\/p>\n","protected":false},"featured_media":414480,"template":"","meta":{"_kad_blocks_custom_css":"","_kad_blocks_head_custom_js":"","_kad_blocks_body_custom_js":"","_kad_blocks_footer_custom_js":"","_kad_post_transparent":"","_kad_post_title":"","_kad_post_layout":"","_kad_post_sidebar_id":"","_kad_post_content_style":"","_kad_post_vertical_padding":"","_kad_post_feature":"","_kad_post_feature_position":"","_kad_post_header":false,"_kad_post_footer":false,"_kad_post_classname":""},"product_brand":[],"product_cat":[1299],"product_tag":[1369],"class_list":{"0":"post-414715","1":"product","2":"type-product","3":"status-publish","4":"has-post-thumbnail","6":"product_cat-tables-de-nuit","7":"product_tag-theodore-fr","9":"first","10":"instock","11":"taxable","12":"shipping-taxable","13":"product-type-simple","14":"entry","15":"content-bg","16":"loop-entry"},"taxonomy_info":{"product_cat":[{"value":1299,"label":"Tables de chevet"}],"product_tag":[{"value":1369,"label":"THEODORE"}]},"featured_image_src_large":["https:\/\/www.avenuedesigncanada.com\/wp-content\/uploads\/2026\/04\/Gottfried-Nightstand-CC07G-1024x1024.png",1024,1024,true],"author_info":[],"comment_info":"","_links":{"self":[{"href":"https:\/\/www.avenuedesigncanada.com\/fr\/wp-json\/wp\/v2\/product\/414715","targetHints":{"allow":["GET"]}}],"collection":[{"href":"https:\/\/www.avenuedesigncanada.com\/fr\/wp-json\/wp\/v2\/product"}],"about":[{"href":"https:\/\/www.avenuedesigncanada.com\/fr\/wp-json\/wp\/v2\/types\/product"}],"wp:featuredmedia":[{"embeddable":true,"href":"https:\/\/www.avenuedesigncanada.com\/fr\/wp-json\/wp\/v2\/media\/414480"}],"wp:attachment":[{"href":"https:\/\/www.avenuedesigncanada.com\/fr\/wp-json\/wp\/v2\/media?parent=414715"}],"wp:term":[{"taxonomy":"product_brand","embeddable":true,"href":"https:\/\/www.avenuedesigncanada.com\/fr\/wp-json\/wp\/v2\/product_brand?post=414715"},{"taxonomy":"product_cat","embeddable":true,"href":"https:\/\/www.avenuedesigncanada.com\/fr\/wp-json\/wp\/v2\/product_cat?post=414715"},{"taxonomy":"product_tag","embeddable":true,"href":"https:\/\/www.avenuedesigncanada.com\/fr\/wp-json\/wp\/v2\/product_tag?post=414715"}],"curies":[{"name":"wp","href":"https:\/\/api.w.org\/{rel}","templated":true}]}}