{"id":414718,"date":"2026-04-01T16:10:20","date_gmt":"2026-04-01T20:10:20","guid":{"rendered":"https:\/\/www.avenuedesigncanada.com\/product\/table-de-nuit-nova\/"},"modified":"2026-04-01T16:16:49","modified_gmt":"2026-04-01T20:16:49","slug":"table-de-nuit-nova","status":"publish","type":"product","link":"https:\/\/www.avenuedesigncanada.com\/fr\/product\/table-de-nuit-nova\/","title":{"rendered":"Table de nuit Nova"},"content":{"rendered":"<p><em>La table de nuit Nova pr\u00e9sente les caract\u00e9ristiques suivantes :  <\/em> <\/p>\n<p>Trois tiroirs, placage de ronce de Mapa assortie sur les fa\u00e7ades, quincaillerie en laiton satin\u00e9. Tel qu&rsquo;illustr\u00e9 en : Finition &#8211; Saddle. <\/p>\n<p>Vous avez des questions sur ce produit ?<br \/>\nNos concepteurs sont l\u00e0 pour vous aider. Appelez-nous au (514) 340-9351 <\/p>\n","protected":false},"excerpt":{"rendered":"<p>Parfaite \u00e0 c\u00f4t\u00e9 d&rsquo;un lit de marque, la table de nuit Nova rend le rangement de chevet \u00e0 la mode. Fabriqu\u00e9e en placage de loupe de Mappa, elle apporte un style moderne et organique \u00e0 n&rsquo;importe quelle pi\u00e8ce. Les \u00e9l\u00e9gantes poign\u00e9es lin\u00e9aires en laiton satin\u00e9 ajoutent du raffinement et une touche de chaleur m\u00e9tallique. Aussi fonctionnelle que belle, cette remarquable table de chevet garde les objets essentiels \u00e0 port\u00e9e de main gr\u00e2ce \u00e0 ses trois tiroirs de rangement. Choisissez votre finition pr\u00e9f\u00e9r\u00e9e pour personnaliser cette table de nuit &#8211; ses placages de loupe sont magnifiques dans une teinture claire ou fonc\u00e9e.    <\/p>\n","protected":false},"featured_media":414540,"template":"","meta":{"_kad_blocks_custom_css":"","_kad_blocks_head_custom_js":"","_kad_blocks_body_custom_js":"","_kad_blocks_footer_custom_js":"","_kad_post_transparent":"","_kad_post_title":"","_kad_post_layout":"","_kad_post_sidebar_id":"","_kad_post_content_style":"","_kad_post_vertical_padding":"","_kad_post_feature":"","_kad_post_feature_position":"","_kad_post_header":false,"_kad_post_footer":false,"_kad_post_classname":""},"product_brand":[],"product_cat":[1299],"product_tag":[1369],"class_list":{"0":"post-414718","1":"product","2":"type-product","3":"status-publish","4":"has-post-thumbnail","6":"product_cat-tables-de-nuit","7":"product_tag-theodore-fr","9":"first","10":"instock","11":"taxable","12":"shipping-taxable","13":"product-type-simple","14":"entry","15":"content-bg","16":"loop-entry"},"taxonomy_info":{"product_cat":[{"value":1299,"label":"Tables de chevet"}],"product_tag":[{"value":1369,"label":"THEODORE"}]},"featured_image_src_large":["https:\/\/www.avenuedesigncanada.com\/wp-content\/uploads\/2026\/04\/Nova-Nightstand-1024x1024.png",1024,1024,true],"author_info":[],"comment_info":"","_links":{"self":[{"href":"https:\/\/www.avenuedesigncanada.com\/fr\/wp-json\/wp\/v2\/product\/414718","targetHints":{"allow":["GET"]}}],"collection":[{"href":"https:\/\/www.avenuedesigncanada.com\/fr\/wp-json\/wp\/v2\/product"}],"about":[{"href":"https:\/\/www.avenuedesigncanada.com\/fr\/wp-json\/wp\/v2\/types\/product"}],"wp:featuredmedia":[{"embeddable":true,"href":"https:\/\/www.avenuedesigncanada.com\/fr\/wp-json\/wp\/v2\/media\/414540"}],"wp:attachment":[{"href":"https:\/\/www.avenuedesigncanada.com\/fr\/wp-json\/wp\/v2\/media?parent=414718"}],"wp:term":[{"taxonomy":"product_brand","embeddable":true,"href":"https:\/\/www.avenuedesigncanada.com\/fr\/wp-json\/wp\/v2\/product_brand?post=414718"},{"taxonomy":"product_cat","embeddable":true,"href":"https:\/\/www.avenuedesigncanada.com\/fr\/wp-json\/wp\/v2\/product_cat?post=414718"},{"taxonomy":"product_tag","embeddable":true,"href":"https:\/\/www.avenuedesigncanada.com\/fr\/wp-json\/wp\/v2\/product_tag?post=414718"}],"curies":[{"name":"wp","href":"https:\/\/api.w.org\/{rel}","templated":true}]}}