{"id":414720,"date":"2026-04-01T16:10:21","date_gmt":"2026-04-01T20:10:21","guid":{"rendered":"https:\/\/www.avenuedesigncanada.com\/product\/paloma-large-3-drawer-nightstand\/"},"modified":"2026-04-01T16:16:51","modified_gmt":"2026-04-01T20:16:51","slug":"paloma-large-3-drawer-nightstand","status":"publish","type":"product","link":"https:\/\/www.avenuedesigncanada.com\/fr\/product\/paloma-large-3-drawer-nightstand\/","title":{"rendered":"Paloma Large 3 Drawer Nightstand"},"content":{"rendered":"<p><em>La grande table de nuit \u00e0 3 tiroirs Paloma pr\u00e9sente les caract\u00e9ristiques suivantes :  <\/em> <\/p>\n<p>Trois tiroirs, toutes les fa\u00e7ades de tiroirs MIY et les options de quincaillerie sont disponibles. Tel qu&rsquo;illustr\u00e9 en : Fini &#8211; Moulure de fa\u00e7ade en velours c\u00f4tel\u00e9. Poign\u00e9e \u00e0 boule ronde en bronze antique &#8211; centr\u00e9e.  <\/p>\n<p>Vous avez des questions sur ce produit ?<br \/>\nNos concepteurs sont l\u00e0 pour vous aider. Appelez-nous au (514) 340-9351 <\/p>\n","protected":false},"excerpt":{"rendered":"<p>Paloma est l&rsquo;essence m\u00eame du raffinement haut de gamme. Destin\u00e9e \u00e0 rehausser votre chevet, son caract\u00e8re remarquable prend vie au fur et \u00e0 mesure que vous la personnalisez. Dot\u00e9e d&rsquo;une silhouette raffin\u00e9e avec un soup\u00e7on de courbe, la grande table de nuit \u00e0 trois tiroirs Paloma comporte trois tiroirs de rangement spacieux pour garder le d\u00e9sordre \u00e0 l&rsquo;abri des regards. Faisant partie de notre collection Make It Yours Bedroom, Paloma est fabriqu\u00e9e en placages de h\u00eatre et peut \u00eatre personnalis\u00e9e avec votre choix d&rsquo;options de face de tiroir et de quincaillerie Make It Yours.   <\/p>\n","protected":false},"featured_media":414546,"template":"","meta":{"_kad_blocks_custom_css":"","_kad_blocks_head_custom_js":"","_kad_blocks_body_custom_js":"","_kad_blocks_footer_custom_js":"","_kad_post_transparent":"","_kad_post_title":"","_kad_post_layout":"","_kad_post_sidebar_id":"","_kad_post_content_style":"","_kad_post_vertical_padding":"","_kad_post_feature":"","_kad_post_feature_position":"","_kad_post_header":false,"_kad_post_footer":false,"_kad_post_classname":""},"product_brand":[],"product_cat":[1299],"product_tag":[1369],"class_list":{"0":"post-414720","1":"product","2":"type-product","3":"status-publish","4":"has-post-thumbnail","6":"product_cat-tables-de-nuit","7":"product_tag-theodore-fr","9":"first","10":"instock","11":"taxable","12":"shipping-taxable","13":"product-type-simple","14":"entry","15":"content-bg","16":"loop-entry"},"taxonomy_info":{"product_cat":[{"value":1299,"label":"Tables de chevet"}],"product_tag":[{"value":1369,"label":"THEODORE"}]},"featured_image_src_large":["https:\/\/www.avenuedesigncanada.com\/wp-content\/uploads\/2026\/04\/Paloma-Large-3-Drawer-Nightstand-1024x1024.png",1024,1024,true],"author_info":[],"comment_info":"","_links":{"self":[{"href":"https:\/\/www.avenuedesigncanada.com\/fr\/wp-json\/wp\/v2\/product\/414720","targetHints":{"allow":["GET"]}}],"collection":[{"href":"https:\/\/www.avenuedesigncanada.com\/fr\/wp-json\/wp\/v2\/product"}],"about":[{"href":"https:\/\/www.avenuedesigncanada.com\/fr\/wp-json\/wp\/v2\/types\/product"}],"wp:featuredmedia":[{"embeddable":true,"href":"https:\/\/www.avenuedesigncanada.com\/fr\/wp-json\/wp\/v2\/media\/414546"}],"wp:attachment":[{"href":"https:\/\/www.avenuedesigncanada.com\/fr\/wp-json\/wp\/v2\/media?parent=414720"}],"wp:term":[{"taxonomy":"product_brand","embeddable":true,"href":"https:\/\/www.avenuedesigncanada.com\/fr\/wp-json\/wp\/v2\/product_brand?post=414720"},{"taxonomy":"product_cat","embeddable":true,"href":"https:\/\/www.avenuedesigncanada.com\/fr\/wp-json\/wp\/v2\/product_cat?post=414720"},{"taxonomy":"product_tag","embeddable":true,"href":"https:\/\/www.avenuedesigncanada.com\/fr\/wp-json\/wp\/v2\/product_tag?post=414720"}],"curies":[{"name":"wp","href":"https:\/\/api.w.org\/{rel}","templated":true}]}}