{"id":414722,"date":"2026-04-01T16:10:21","date_gmt":"2026-04-01T20:10:21","guid":{"rendered":"https:\/\/www.avenuedesigncanada.com\/product\/table-de-nuit-nova-2\/"},"modified":"2026-04-01T16:16:52","modified_gmt":"2026-04-01T20:16:52","slug":"table-de-nuit-nova-2","status":"publish","type":"product","link":"https:\/\/www.avenuedesigncanada.com\/fr\/product\/table-de-nuit-nova-2\/","title":{"rendered":"Table de nuit Nova"},"content":{"rendered":"<p><em>La table de nuit Nova pr\u00e9sente les caract\u00e9ristiques suivantes :  <\/em> <\/p>\n<p>Trois tiroirs, placage de ronce de Mapa assortie sur les fa\u00e7ades, quincaillerie en laiton satin\u00e9. Tel qu&rsquo;illustr\u00e9 en : Fini &#8211; Lin. <\/p>\n<p>Vous avez des questions sur ce produit ?<br \/>\nNos concepteurs sont l\u00e0 pour vous aider. Appelez-nous au (514) 340-9351 <\/p>\n","protected":false},"excerpt":{"rendered":"<p>Compagnon \u00e9l\u00e9gant d&rsquo;un lit de prestige, la table de nuit Nova \u00e9l\u00e8ve le niveau de rangement au chevet du lit. Ses superbes surfaces en placage de ronce de Mappa apportent un style organique moderne \u00e0 l&rsquo;esth\u00e9tique d&rsquo;une pi\u00e8ce, tandis que les \u00e9l\u00e9gantes poign\u00e9es lin\u00e9aires en laiton satin\u00e9 chaleureux ajoutent une touche de raffinement. Aussi belle que fonctionnelle, cette table de nuit chic est dot\u00e9e de trois tiroirs pour ranger les accessoires de chevet. Choisissez votre finition pr\u00e9f\u00e9r\u00e9e pour personnaliser cette table de nuit.   <\/p>\n","protected":false},"featured_media":414534,"template":"","meta":{"_kad_blocks_custom_css":"","_kad_blocks_head_custom_js":"","_kad_blocks_body_custom_js":"","_kad_blocks_footer_custom_js":"","_kad_post_transparent":"","_kad_post_title":"","_kad_post_layout":"","_kad_post_sidebar_id":"","_kad_post_content_style":"","_kad_post_vertical_padding":"","_kad_post_feature":"","_kad_post_feature_position":"","_kad_post_header":false,"_kad_post_footer":false,"_kad_post_classname":""},"product_brand":[],"product_cat":[1299],"product_tag":[1369],"class_list":{"0":"post-414722","1":"product","2":"type-product","3":"status-publish","4":"has-post-thumbnail","6":"product_cat-tables-de-nuit","7":"product_tag-theodore-fr","9":"first","10":"instock","11":"taxable","12":"shipping-taxable","13":"product-type-simple","14":"entry","15":"content-bg","16":"loop-entry"},"taxonomy_info":{"product_cat":[{"value":1299,"label":"Tables de chevet"}],"product_tag":[{"value":1369,"label":"THEODORE"}]},"featured_image_src_large":["https:\/\/www.avenuedesigncanada.com\/wp-content\/uploads\/2026\/04\/Nova-Nightstand-4-1024x1024.png",1024,1024,true],"author_info":[],"comment_info":"","_links":{"self":[{"href":"https:\/\/www.avenuedesigncanada.com\/fr\/wp-json\/wp\/v2\/product\/414722","targetHints":{"allow":["GET"]}}],"collection":[{"href":"https:\/\/www.avenuedesigncanada.com\/fr\/wp-json\/wp\/v2\/product"}],"about":[{"href":"https:\/\/www.avenuedesigncanada.com\/fr\/wp-json\/wp\/v2\/types\/product"}],"wp:featuredmedia":[{"embeddable":true,"href":"https:\/\/www.avenuedesigncanada.com\/fr\/wp-json\/wp\/v2\/media\/414534"}],"wp:attachment":[{"href":"https:\/\/www.avenuedesigncanada.com\/fr\/wp-json\/wp\/v2\/media?parent=414722"}],"wp:term":[{"taxonomy":"product_brand","embeddable":true,"href":"https:\/\/www.avenuedesigncanada.com\/fr\/wp-json\/wp\/v2\/product_brand?post=414722"},{"taxonomy":"product_cat","embeddable":true,"href":"https:\/\/www.avenuedesigncanada.com\/fr\/wp-json\/wp\/v2\/product_cat?post=414722"},{"taxonomy":"product_tag","embeddable":true,"href":"https:\/\/www.avenuedesigncanada.com\/fr\/wp-json\/wp\/v2\/product_tag?post=414722"}],"curies":[{"name":"wp","href":"https:\/\/api.w.org\/{rel}","templated":true}]}}