{"id":414724,"date":"2026-04-01T16:10:22","date_gmt":"2026-04-01T20:10:22","guid":{"rendered":"https:\/\/www.avenuedesigncanada.com\/product\/table-de-nuit-rendition\/"},"modified":"2026-04-01T16:16:53","modified_gmt":"2026-04-01T20:16:53","slug":"table-de-nuit-rendition","status":"publish","type":"product","link":"https:\/\/www.avenuedesigncanada.com\/fr\/product\/table-de-nuit-rendition\/","title":{"rendered":"Table de nuit Rendition"},"content":{"rendered":"<p><em>La table de nuit Rendition pr\u00e9sente les caract\u00e9ristiques suivantes :  <\/em> <\/p>\n<p>Trois tiroirs, quincaillerie et ferrures en laiton naturel laqu\u00e9. Tel qu&rsquo;illustr\u00e9 en : Finition &#8211; Mocha. <\/p>\n<p>Vous avez des questions sur ce produit ?<br \/>\nNos concepteurs sont l\u00e0 pour vous aider. Appelez-nous au (514) 340-9351 <\/p>\n","protected":false},"excerpt":{"rendered":"<p>Bienvenue chez Rendition &#8211; o\u00f9 l&rsquo;h\u00e9ritage se marie harmonieusement avec le monde moderne. Les formes raffin\u00e9es et les placages \u00e9tonnants de Rendition revigorent les silhouettes intemporelles en leur donnant un caract\u00e8re frais et un attrait moderne. Cette collection intemporelle offre des silhouettes \u00e9l\u00e9gantes aux proportions idylliques qui s&rsquo;adaptent parfaitement d&rsquo;une pi\u00e8ce \u00e0 l&rsquo;autre tout en s&rsquo;harmonisant avec des meubles neufs ou anciens. Son caract\u00e8re inn\u00e9 s&rsquo;adresse \u00e0 la nouvelle g\u00e9n\u00e9ration de connaisseurs de meubles, tout en honorant ses racines dans notre collection Compendium et son cr\u00e9ateur John Black. Rendition fait le lien entre le pass\u00e9 et le pr\u00e9sent avec la simplicit\u00e9 d&rsquo;un design exceptionnel.    <\/p>\n","protected":false},"featured_media":414454,"template":"","meta":{"_kad_blocks_custom_css":"","_kad_blocks_head_custom_js":"","_kad_blocks_body_custom_js":"","_kad_blocks_footer_custom_js":"","_kad_post_transparent":"","_kad_post_title":"","_kad_post_layout":"","_kad_post_sidebar_id":"","_kad_post_content_style":"","_kad_post_vertical_padding":"","_kad_post_feature":"","_kad_post_feature_position":"","_kad_post_header":false,"_kad_post_footer":false,"_kad_post_classname":""},"product_brand":[],"product_cat":[1299],"product_tag":[1369],"class_list":{"0":"post-414724","1":"product","2":"type-product","3":"status-publish","4":"has-post-thumbnail","6":"product_cat-tables-de-nuit","7":"product_tag-theodore-fr","9":"first","10":"instock","11":"taxable","12":"shipping-taxable","13":"product-type-simple","14":"entry","15":"content-bg","16":"loop-entry"},"taxonomy_info":{"product_cat":[{"value":1299,"label":"Tables de chevet"}],"product_tag":[{"value":1369,"label":"THEODORE"}]},"featured_image_src_large":["https:\/\/www.avenuedesigncanada.com\/wp-content\/uploads\/2026\/04\/Rendition-Nightstand-4-1024x1024.png",1024,1024,true],"author_info":[],"comment_info":"","_links":{"self":[{"href":"https:\/\/www.avenuedesigncanada.com\/fr\/wp-json\/wp\/v2\/product\/414724","targetHints":{"allow":["GET"]}}],"collection":[{"href":"https:\/\/www.avenuedesigncanada.com\/fr\/wp-json\/wp\/v2\/product"}],"about":[{"href":"https:\/\/www.avenuedesigncanada.com\/fr\/wp-json\/wp\/v2\/types\/product"}],"wp:featuredmedia":[{"embeddable":true,"href":"https:\/\/www.avenuedesigncanada.com\/fr\/wp-json\/wp\/v2\/media\/414454"}],"wp:attachment":[{"href":"https:\/\/www.avenuedesigncanada.com\/fr\/wp-json\/wp\/v2\/media?parent=414724"}],"wp:term":[{"taxonomy":"product_brand","embeddable":true,"href":"https:\/\/www.avenuedesigncanada.com\/fr\/wp-json\/wp\/v2\/product_brand?post=414724"},{"taxonomy":"product_cat","embeddable":true,"href":"https:\/\/www.avenuedesigncanada.com\/fr\/wp-json\/wp\/v2\/product_cat?post=414724"},{"taxonomy":"product_tag","embeddable":true,"href":"https:\/\/www.avenuedesigncanada.com\/fr\/wp-json\/wp\/v2\/product_tag?post=414724"}],"curies":[{"name":"wp","href":"https:\/\/api.w.org\/{rel}","templated":true}]}}