{"id":414738,"date":"2026-04-01T16:09:44","date_gmt":"2026-04-01T20:09:44","guid":{"rendered":"https:\/\/www.avenuedesigncanada.com\/product\/coffre-de-reflexion\/"},"modified":"2026-04-01T16:20:49","modified_gmt":"2026-04-01T20:20:49","slug":"coffre-de-reflexion","status":"publish","type":"product","link":"https:\/\/www.avenuedesigncanada.com\/fr\/product\/coffre-de-reflexion\/","title":{"rendered":"Coffre de r\u00e9flexion"},"content":{"rendered":"<p><em>Le coffre Reflection pr\u00e9sente les caract\u00e9ristiques suivantes :  <\/em> <\/p>\n<p>Options de finition disponibles. Trois tiroirs avec quincaillerie en laiton naturel laqu\u00e9, inserts m\u00e9talliques dans les pieds et les ferrures Standard laqu\u00e9, laiton naturel. Tel que montr\u00e9 en &#8211; Finition : Amande. <\/p>\n<p>Vous avez des questions sur ce produit ?<br \/>\nNos concepteurs sont l\u00e0 pour vous aider. Appelez-nous au (514) 340-9351 <\/p>\n","protected":false},"excerpt":{"rendered":"<p>S&rsquo;inspirant des classiques mais tout \u00e0 fait d&rsquo;actualit\u00e9, Reflection incarne la nouvelle \u00e8re du design raffin\u00e9. La commode Reflection est fabriqu\u00e9e en acajou blanchi, coup\u00e9 \u00e0 plat et r\u00e9colt\u00e9 de mani\u00e8re durable. Chaque montant est orn\u00e9 d&rsquo;une incrustation en laiton naturel laqu\u00e9. La quincaillerie personnalis\u00e9e, cr\u00e9\u00e9e avec un motif g\u00e9om\u00e9trique en relief en laiton naturel laqu\u00e9, est minutieusement fabriqu\u00e9e \u00e0 l&rsquo;aide d&rsquo;une technique de cire perdue, tandis que les viroles en laiton naturel laqu\u00e9 compl\u00e8tent l&rsquo;apparence du coffre.  <\/p>\n","protected":false},"featured_media":414442,"template":"","meta":{"_kad_blocks_custom_css":"","_kad_blocks_head_custom_js":"","_kad_blocks_body_custom_js":"","_kad_blocks_footer_custom_js":"","_kad_post_transparent":"","_kad_post_title":"","_kad_post_layout":"","_kad_post_sidebar_id":"","_kad_post_content_style":"","_kad_post_vertical_padding":"","_kad_post_feature":"","_kad_post_feature_position":"","_kad_post_header":false,"_kad_post_footer":false,"_kad_post_classname":""},"product_brand":[],"product_cat":[1298],"product_tag":[1369],"class_list":{"0":"post-414738","1":"product","2":"type-product","3":"status-publish","4":"has-post-thumbnail","6":"product_cat-commodes","7":"product_tag-theodore-fr","9":"first","10":"instock","11":"taxable","12":"shipping-taxable","13":"product-type-simple","14":"entry","15":"content-bg","16":"loop-entry"},"taxonomy_info":{"product_cat":[{"value":1298,"label":"Commodes"}],"product_tag":[{"value":1369,"label":"THEODORE"}]},"featured_image_src_large":["https:\/\/www.avenuedesigncanada.com\/wp-content\/uploads\/2026\/04\/Reflection-Chest-1024x1024.png",1024,1024,true],"author_info":[],"comment_info":"","_links":{"self":[{"href":"https:\/\/www.avenuedesigncanada.com\/fr\/wp-json\/wp\/v2\/product\/414738","targetHints":{"allow":["GET"]}}],"collection":[{"href":"https:\/\/www.avenuedesigncanada.com\/fr\/wp-json\/wp\/v2\/product"}],"about":[{"href":"https:\/\/www.avenuedesigncanada.com\/fr\/wp-json\/wp\/v2\/types\/product"}],"wp:featuredmedia":[{"embeddable":true,"href":"https:\/\/www.avenuedesigncanada.com\/fr\/wp-json\/wp\/v2\/media\/414442"}],"wp:attachment":[{"href":"https:\/\/www.avenuedesigncanada.com\/fr\/wp-json\/wp\/v2\/media?parent=414738"}],"wp:term":[{"taxonomy":"product_brand","embeddable":true,"href":"https:\/\/www.avenuedesigncanada.com\/fr\/wp-json\/wp\/v2\/product_brand?post=414738"},{"taxonomy":"product_cat","embeddable":true,"href":"https:\/\/www.avenuedesigncanada.com\/fr\/wp-json\/wp\/v2\/product_cat?post=414738"},{"taxonomy":"product_tag","embeddable":true,"href":"https:\/\/www.avenuedesigncanada.com\/fr\/wp-json\/wp\/v2\/product_tag?post=414738"}],"curies":[{"name":"wp","href":"https:\/\/api.w.org\/{rel}","templated":true}]}}