{"id":414743,"date":"2026-04-01T16:09:55","date_gmt":"2026-04-01T20:09:55","guid":{"rendered":"https:\/\/www.avenuedesigncanada.com\/product\/grande-table-de-nuit-a-3-tiroirs-ashby\/"},"modified":"2026-04-01T16:20:54","modified_gmt":"2026-04-01T20:20:54","slug":"grande-table-de-nuit-a-3-tiroirs-ashby","status":"publish","type":"product","link":"https:\/\/www.avenuedesigncanada.com\/fr\/product\/grande-table-de-nuit-a-3-tiroirs-ashby\/","title":{"rendered":"Grande table de nuit \u00e0 3 tiroirs Ashby"},"content":{"rendered":"<p><em>La grande table de nuit \u00e0 3 tiroirs Ashby pr\u00e9sente les caract\u00e9ristiques suivantes :  <\/em> <\/p>\n<p>Options de finition disponibles. Tel qu&rsquo;illustr\u00e9 en : Finition &#8211; Lin. Fa\u00e7ade en toile de gazon, petites poign\u00e9es rondes en bois (une au centre de chaque tiroir). <\/p>\n<p>Vous avez des questions sur ce produit ?<br \/>\nNos concepteurs sont l\u00e0 pour vous aider. Appelez-nous au (514) 340-9351 <\/p>\n","protected":false},"excerpt":{"rendered":"<p>Classique moderne, la table de nuit Ashby est le partenaire id\u00e9al d&rsquo;un lit de marque. Sa silhouette intemporelle est \u00e0 la fois audacieuse et intemporelle avec une base moderne et un cadre biseaut\u00e9. De plus, cette pi\u00e8ce peut \u00eatre personnalis\u00e9e avec n&rsquo;importe laquelle de nos options de face de tiroir et de quincaillerie Make It Yours. Faisant partie de notre collection de chambres \u00e0 coucher Make It Yours, Ashby est fabriqu\u00e9 en placages de h\u00eatre. Il offre trois tiroirs avec un espace de rangement g\u00e9n\u00e9reux pour garder les objets de chevet \u00e0 port\u00e9e de main.    <\/p>\n","protected":false},"featured_media":414330,"template":"","meta":{"_kad_blocks_custom_css":"","_kad_blocks_head_custom_js":"","_kad_blocks_body_custom_js":"","_kad_blocks_footer_custom_js":"","_kad_post_transparent":"","_kad_post_title":"","_kad_post_layout":"","_kad_post_sidebar_id":"","_kad_post_content_style":"","_kad_post_vertical_padding":"","_kad_post_feature":"","_kad_post_feature_position":"","_kad_post_header":false,"_kad_post_footer":false,"_kad_post_classname":""},"product_brand":[],"product_cat":[1298],"product_tag":[1369],"class_list":{"0":"post-414743","1":"product","2":"type-product","3":"status-publish","4":"has-post-thumbnail","6":"product_cat-commodes","7":"product_tag-theodore-fr","9":"first","10":"instock","11":"taxable","12":"shipping-taxable","13":"product-type-simple","14":"entry","15":"content-bg","16":"loop-entry"},"taxonomy_info":{"product_cat":[{"value":1298,"label":"Commodes"}],"product_tag":[{"value":1369,"label":"THEODORE"}]},"featured_image_src_large":["https:\/\/www.avenuedesigncanada.com\/wp-content\/uploads\/2026\/04\/Ashby-Large-3-Drawer-Nightstand-1024x1024.png",1024,1024,true],"author_info":[],"comment_info":"","_links":{"self":[{"href":"https:\/\/www.avenuedesigncanada.com\/fr\/wp-json\/wp\/v2\/product\/414743","targetHints":{"allow":["GET"]}}],"collection":[{"href":"https:\/\/www.avenuedesigncanada.com\/fr\/wp-json\/wp\/v2\/product"}],"about":[{"href":"https:\/\/www.avenuedesigncanada.com\/fr\/wp-json\/wp\/v2\/types\/product"}],"wp:featuredmedia":[{"embeddable":true,"href":"https:\/\/www.avenuedesigncanada.com\/fr\/wp-json\/wp\/v2\/media\/414330"}],"wp:attachment":[{"href":"https:\/\/www.avenuedesigncanada.com\/fr\/wp-json\/wp\/v2\/media?parent=414743"}],"wp:term":[{"taxonomy":"product_brand","embeddable":true,"href":"https:\/\/www.avenuedesigncanada.com\/fr\/wp-json\/wp\/v2\/product_brand?post=414743"},{"taxonomy":"product_cat","embeddable":true,"href":"https:\/\/www.avenuedesigncanada.com\/fr\/wp-json\/wp\/v2\/product_cat?post=414743"},{"taxonomy":"product_tag","embeddable":true,"href":"https:\/\/www.avenuedesigncanada.com\/fr\/wp-json\/wp\/v2\/product_tag?post=414743"}],"curies":[{"name":"wp","href":"https:\/\/api.w.org\/{rel}","templated":true}]}}