{"id":414744,"date":"2026-04-01T16:09:50","date_gmt":"2026-04-01T20:09:50","guid":{"rendered":"https:\/\/www.avenuedesigncanada.com\/product\/commode-vance-4\/"},"modified":"2026-04-01T16:20:56","modified_gmt":"2026-04-01T20:20:56","slug":"commode-vance-4","status":"publish","type":"product","link":"https:\/\/www.avenuedesigncanada.com\/fr\/product\/commode-vance-4\/","title":{"rendered":"Commode Vance"},"content":{"rendered":"<p><em>La commode Vance pr\u00e9sente les caract\u00e9ristiques suivantes :  <\/em> <\/p>\n<p>Options de finition disponibles. Tel qu&rsquo;illustr\u00e9 en : Fini &#8211; n&rsquo;est plus disponible. Base allong\u00e9e, face crois\u00e9e, poign\u00e9es Cupola de qualit\u00e9 sup\u00e9rieure (suppl\u00e9ment) \/ une centr\u00e9e sur chaque tiroir. <\/p>\n<p>Vous avez des questions sur ce produit ?<br \/>\nNos concepteurs sont l\u00e0 pour vous aider. Appelez-nous au (514) 340-9351 <\/p>\n","protected":false},"excerpt":{"rendered":"<p>La commode Vance pr\u00e9sente les caract\u00e9ristiques suivantes : Options de finition disponibles. Tel qu&rsquo;illustr\u00e9 en : Fini &#8211; n&rsquo;est plus disponible. Base allong\u00e9e, face crois\u00e9e, poign\u00e9es Cupola de qualit\u00e9 sup\u00e9rieure (suppl\u00e9ment) \/ une centr\u00e9e sur chaque tiroir. Vous avez des questions sur ce produit ? Nos concepteurs sont l\u00e0 pour vous aider. Appelez-nous au (514)&#8230;<\/p>\n","protected":false},"featured_media":414374,"template":"","meta":{"_kad_blocks_custom_css":"","_kad_blocks_head_custom_js":"","_kad_blocks_body_custom_js":"","_kad_blocks_footer_custom_js":"","_kad_post_transparent":"","_kad_post_title":"","_kad_post_layout":"","_kad_post_sidebar_id":"","_kad_post_content_style":"","_kad_post_vertical_padding":"","_kad_post_feature":"","_kad_post_feature_position":"","_kad_post_header":false,"_kad_post_footer":false,"_kad_post_classname":""},"product_brand":[],"product_cat":[1298],"product_tag":[1369],"class_list":{"0":"post-414744","1":"product","2":"type-product","3":"status-publish","4":"has-post-thumbnail","6":"product_cat-commodes","7":"product_tag-theodore-fr","9":"first","10":"instock","11":"taxable","12":"shipping-taxable","13":"product-type-simple","14":"entry","15":"content-bg","16":"loop-entry"},"taxonomy_info":{"product_cat":[{"value":1298,"label":"Commodes"}],"product_tag":[{"value":1369,"label":"THEODORE"}]},"featured_image_src_large":["https:\/\/www.avenuedesigncanada.com\/wp-content\/uploads\/2026\/04\/Vance-Dresser-CC14H-1024x1024.png",1024,1024,true],"author_info":[],"comment_info":"","_links":{"self":[{"href":"https:\/\/www.avenuedesigncanada.com\/fr\/wp-json\/wp\/v2\/product\/414744","targetHints":{"allow":["GET"]}}],"collection":[{"href":"https:\/\/www.avenuedesigncanada.com\/fr\/wp-json\/wp\/v2\/product"}],"about":[{"href":"https:\/\/www.avenuedesigncanada.com\/fr\/wp-json\/wp\/v2\/types\/product"}],"wp:featuredmedia":[{"embeddable":true,"href":"https:\/\/www.avenuedesigncanada.com\/fr\/wp-json\/wp\/v2\/media\/414374"}],"wp:attachment":[{"href":"https:\/\/www.avenuedesigncanada.com\/fr\/wp-json\/wp\/v2\/media?parent=414744"}],"wp:term":[{"taxonomy":"product_brand","embeddable":true,"href":"https:\/\/www.avenuedesigncanada.com\/fr\/wp-json\/wp\/v2\/product_brand?post=414744"},{"taxonomy":"product_cat","embeddable":true,"href":"https:\/\/www.avenuedesigncanada.com\/fr\/wp-json\/wp\/v2\/product_cat?post=414744"},{"taxonomy":"product_tag","embeddable":true,"href":"https:\/\/www.avenuedesigncanada.com\/fr\/wp-json\/wp\/v2\/product_tag?post=414744"}],"curies":[{"name":"wp","href":"https:\/\/api.w.org\/{rel}","templated":true}]}}