{"id":414761,"date":"2026-04-01T16:09:39","date_gmt":"2026-04-01T20:09:39","guid":{"rendered":"https:\/\/www.avenuedesigncanada.com\/product\/commode-nova\/"},"modified":"2026-04-01T16:21:21","modified_gmt":"2026-04-01T20:21:21","slug":"commode-nova","status":"publish","type":"product","link":"https:\/\/www.avenuedesigncanada.com\/fr\/product\/commode-nova\/","title":{"rendered":"Commode Nova"},"content":{"rendered":"<p><em>La commode Nova pr\u00e9sente les caract\u00e9ristiques suivantes :  <\/em> <\/p>\n<p>Options de finition disponibles. Six tiroirs, placage de ronce de Mapa assortie sur les fa\u00e7ades, quincaillerie en laiton satin\u00e9. Tel qu&rsquo;illustr\u00e9 en : Finition : Saddle<\/p>\n<p>Vous avez des questions sur ce produit ?<br \/>\nNos designers sont l\u00e0 pour vous aider.  Appelez-nous au (514) 340-9351<\/p>\n","protected":false},"excerpt":{"rendered":"<p>Exceptionnelle \u00e0 tous points de vue, la commode Nova place la barre tr\u00e8s haut en mati\u00e8re d&rsquo;ameublement de chambre \u00e0 coucher. Sa silhouette \u00e9pur\u00e9e est classique et raffin\u00e9e, et ses placages en loupe de Mappa exquis rehaussent son caract\u00e8re visuel. Les \u00e9l\u00e9gantes poign\u00e9es lin\u00e9aires ajoutent la chaleur du laiton satin\u00e9 sans nuire \u00e0 la beaut\u00e9 des fa\u00e7ades des tiroirs en loupe. Choisissez votre finition pr\u00e9f\u00e9r\u00e9e pour personnaliser la commode &#8211; ses placages en loupe naturelle sont tout aussi \u00e9tonnants dans une teinture claire ou fonc\u00e9e.   <\/p>\n","protected":false},"featured_media":414408,"template":"","meta":{"_kad_blocks_custom_css":"","_kad_blocks_head_custom_js":"","_kad_blocks_body_custom_js":"","_kad_blocks_footer_custom_js":"","_kad_post_transparent":"","_kad_post_title":"","_kad_post_layout":"","_kad_post_sidebar_id":"","_kad_post_content_style":"","_kad_post_vertical_padding":"","_kad_post_feature":"","_kad_post_feature_position":"","_kad_post_header":false,"_kad_post_footer":false,"_kad_post_classname":""},"product_brand":[],"product_cat":[1298],"product_tag":[1369],"class_list":{"0":"post-414761","1":"product","2":"type-product","3":"status-publish","4":"has-post-thumbnail","6":"product_cat-commodes","7":"product_tag-theodore-fr","9":"first","10":"instock","11":"taxable","12":"shipping-taxable","13":"product-type-simple","14":"entry","15":"content-bg","16":"loop-entry"},"taxonomy_info":{"product_cat":[{"value":1298,"label":"Commodes"}],"product_tag":[{"value":1369,"label":"THEODORE"}]},"featured_image_src_large":["https:\/\/www.avenuedesigncanada.com\/wp-content\/uploads\/2026\/04\/Nova-Dresser-1024x1024.png",1024,1024,true],"author_info":[],"comment_info":"","_links":{"self":[{"href":"https:\/\/www.avenuedesigncanada.com\/fr\/wp-json\/wp\/v2\/product\/414761","targetHints":{"allow":["GET"]}}],"collection":[{"href":"https:\/\/www.avenuedesigncanada.com\/fr\/wp-json\/wp\/v2\/product"}],"about":[{"href":"https:\/\/www.avenuedesigncanada.com\/fr\/wp-json\/wp\/v2\/types\/product"}],"wp:featuredmedia":[{"embeddable":true,"href":"https:\/\/www.avenuedesigncanada.com\/fr\/wp-json\/wp\/v2\/media\/414408"}],"wp:attachment":[{"href":"https:\/\/www.avenuedesigncanada.com\/fr\/wp-json\/wp\/v2\/media?parent=414761"}],"wp:term":[{"taxonomy":"product_brand","embeddable":true,"href":"https:\/\/www.avenuedesigncanada.com\/fr\/wp-json\/wp\/v2\/product_brand?post=414761"},{"taxonomy":"product_cat","embeddable":true,"href":"https:\/\/www.avenuedesigncanada.com\/fr\/wp-json\/wp\/v2\/product_cat?post=414761"},{"taxonomy":"product_tag","embeddable":true,"href":"https:\/\/www.avenuedesigncanada.com\/fr\/wp-json\/wp\/v2\/product_tag?post=414761"}],"curies":[{"name":"wp","href":"https:\/\/api.w.org\/{rel}","templated":true}]}}