{"id":414764,"date":"2026-04-01T16:09:36","date_gmt":"2026-04-01T20:09:36","guid":{"rendered":"https:\/\/www.avenuedesigncanada.com\/product\/commode-milburn-4\/"},"modified":"2026-04-01T16:21:23","modified_gmt":"2026-04-01T20:21:23","slug":"commode-milburn-4","status":"publish","type":"product","link":"https:\/\/www.avenuedesigncanada.com\/fr\/product\/commode-milburn-4\/","title":{"rendered":"Commode Milburn"},"content":{"rendered":"<p><em>La commode Milburn pr\u00e9sente les caract\u00e9ristiques suivantes :  <\/em> <\/p>\n<p>Options de finition disponibles. Tel qu&rsquo;illustr\u00e9 en : Finition &#8211; pierre de lin. Pattes de sabre, face int\u00e9rieure et ext\u00e9rieure perl\u00e9e, poign\u00e9es Midas de premi\u00e8re qualit\u00e9 en bronze antique (suppl\u00e9ment) \/ une centr\u00e9e sur chaque tiroir. <\/p>\n<p>Vous avez des questions sur ce produit ?<br \/>\nNos concepteurs sont l\u00e0 pour vous aider. Appelez-nous au (514) 340-9351 <\/p>\n","protected":false},"excerpt":{"rendered":"<p>La commode Milburn pr\u00e9sente les caract\u00e9ristiques suivantes : Options de finition disponibles. Tel qu&rsquo;illustr\u00e9 en : Finition &#8211; pierre de lin. Pattes de sabre, face int\u00e9rieure et ext\u00e9rieure perl\u00e9e, poign\u00e9es Midas de premi\u00e8re qualit\u00e9 en bronze antique (suppl\u00e9ment) \/ une centr\u00e9e sur chaque tiroir. Vous avez des questions sur ce produit ? Nos concepteurs sont&#8230;<\/p>\n","protected":false},"featured_media":414392,"template":"","meta":{"_kad_blocks_custom_css":"","_kad_blocks_head_custom_js":"","_kad_blocks_body_custom_js":"","_kad_blocks_footer_custom_js":"","_kad_post_transparent":"","_kad_post_title":"","_kad_post_layout":"","_kad_post_sidebar_id":"","_kad_post_content_style":"","_kad_post_vertical_padding":"","_kad_post_feature":"","_kad_post_feature_position":"","_kad_post_header":false,"_kad_post_footer":false,"_kad_post_classname":""},"product_brand":[],"product_cat":[1298],"product_tag":[1369],"class_list":{"0":"post-414764","1":"product","2":"type-product","3":"status-publish","4":"has-post-thumbnail","6":"product_cat-commodes","7":"product_tag-theodore-fr","9":"first","10":"instock","11":"taxable","12":"shipping-taxable","13":"product-type-simple","14":"entry","15":"content-bg","16":"loop-entry"},"taxonomy_info":{"product_cat":[{"value":1298,"label":"Commodes"}],"product_tag":[{"value":1369,"label":"THEODORE"}]},"featured_image_src_large":["https:\/\/www.avenuedesigncanada.com\/wp-content\/uploads\/2026\/04\/Milburn-Dresser-CC13C-1024x1024.png",1024,1024,true],"author_info":[],"comment_info":"","_links":{"self":[{"href":"https:\/\/www.avenuedesigncanada.com\/fr\/wp-json\/wp\/v2\/product\/414764","targetHints":{"allow":["GET"]}}],"collection":[{"href":"https:\/\/www.avenuedesigncanada.com\/fr\/wp-json\/wp\/v2\/product"}],"about":[{"href":"https:\/\/www.avenuedesigncanada.com\/fr\/wp-json\/wp\/v2\/types\/product"}],"wp:featuredmedia":[{"embeddable":true,"href":"https:\/\/www.avenuedesigncanada.com\/fr\/wp-json\/wp\/v2\/media\/414392"}],"wp:attachment":[{"href":"https:\/\/www.avenuedesigncanada.com\/fr\/wp-json\/wp\/v2\/media?parent=414764"}],"wp:term":[{"taxonomy":"product_brand","embeddable":true,"href":"https:\/\/www.avenuedesigncanada.com\/fr\/wp-json\/wp\/v2\/product_brand?post=414764"},{"taxonomy":"product_cat","embeddable":true,"href":"https:\/\/www.avenuedesigncanada.com\/fr\/wp-json\/wp\/v2\/product_cat?post=414764"},{"taxonomy":"product_tag","embeddable":true,"href":"https:\/\/www.avenuedesigncanada.com\/fr\/wp-json\/wp\/v2\/product_tag?post=414764"}],"curies":[{"name":"wp","href":"https:\/\/api.w.org\/{rel}","templated":true}]}}