{"id":415531,"date":"2026-04-02T14:19:57","date_gmt":"2026-04-02T18:19:57","guid":{"rendered":"https:\/\/www.avenuedesigncanada.com\/product\/chaise-longue-carilo\/"},"modified":"2026-04-02T14:27:54","modified_gmt":"2026-04-02T18:27:54","slug":"chaise-longue-carilo","status":"publish","type":"product","link":"https:\/\/www.avenuedesigncanada.com\/fr\/product\/chaise-longue-carilo\/","title":{"rendered":"Chaise longue Carilo"},"content":{"rendered":"<p><em>  La chaise longue Carilo pr\u00e9sente les caract\u00e9ristiques suivantes : <em><br \/>\n Fabriqu\u00e9e en bois de teck de grade A certifi\u00e9 SVLK provenant de for\u00eats indon\u00e9siennes g\u00e9r\u00e9es de mani\u00e8re responsable.<\/p>\n<p>Base en bois de teck &#8211; Le bois de teck est durable et prend une teinte gris argent\u00e9 avec le temps.<\/p>\n<p>Les fines fissures sont naturelles et peuvent appara\u00eetre au fur et \u00e0 mesure que le bois vieillit.<\/p>\n<p>Les huiles naturelles du teck emp\u00eachent le pourrissement et offrent une r\u00e9sistance aux champignons, aux termites et aux parasites xylophages.<\/p>\n<p>Le rev\u00eatement par poudre du cadre en aluminium ajoute une r\u00e9sistance \u00e0 la corrosion et aux intemp\u00e9ries.<\/p>\n<p>Les coussins en mousse durable \u00e0 s\u00e9chage rapide sont antimicrobiens et respectueux de l&rsquo;environnement.<\/p>\n<p>Canne en osier tress\u00e9 en poly\u00e9thyl\u00e8ne &#8211; Le tressage synth\u00e9tique de la corde est r\u00e9sistant \u00e0 la d\u00e9coloration et facile \u00e0 nettoyer.<\/p>\n<p>Les coussins en maille textil\u00e8ne sont r\u00e9sistants \u00e0 l&rsquo;\u00e9tirement et \u00e0 la d\u00e9chirure.<\/p>\n<p>Le tissu ext\u00e9rieur en ol\u00e9fine enduite de PVC offre une r\u00e9sistance extr\u00eame aux intemp\u00e9ries et une protection contre la d\u00e9coloration et les dommages caus\u00e9s par les UV.<\/p>\n<p>Tissu : Stinson Cream &#8211; Le tissu de performance ext\u00e9rieure certifi\u00e9 Oeko-tex est exempt de substances nocives pour l&rsquo;homme et les \u00e9cosyst\u00e8mes.<\/p>\n<p>Appliquez des housses de protection ou rangez-les \u00e0 l&rsquo;int\u00e9rieur lorsqu&rsquo;ils ne sont pas utilis\u00e9s et en cas de mauvais temps, afin de prolonger la dur\u00e9e de vie des meubles d&rsquo;ext\u00e9rieur.<br \/>\nVous avez des questions sur ce produit ? Nos concepteurs sont l\u00e0 pour vous aider. Appelez-nous au (514) 340-9351  <\/p>\n","protected":false},"excerpt":{"rendered":"<p>Un cadre incurv\u00e9 et d\u00e9contract\u00e9 conf\u00e8re \u00e0 la chaise longue Carilo sa forme moderne et ludique. Pr\u00e9sentant un savant m\u00e9lange de mat\u00e9riaux r\u00e9sistants aux intemp\u00e9ries, ce mod\u00e8le est dot\u00e9 de pieds en teck associ\u00e9s \u00e0 un cadre en aluminium peint par poudrage, avec un motif sophistiqu\u00e9 tress\u00e9 \u00e0 la main en osier synth\u00e9tique. Les coussins durables remplis de mousse et recouverts d&rsquo;un tissu performant offrent un confort exceptionnel et sont amovibles pour un nettoyage sans effort, faisant de cette chaise longue d&rsquo;ext\u00e9rieur un parfait compagnon de patio.  <\/p>\n","protected":false},"featured_media":415212,"template":"","meta":{"_kad_blocks_custom_css":"","_kad_blocks_head_custom_js":"","_kad_blocks_body_custom_js":"","_kad_blocks_footer_custom_js":"","_kad_post_transparent":"","_kad_post_title":"","_kad_post_layout":"","_kad_post_sidebar_id":"","_kad_post_content_style":"","_kad_post_vertical_padding":"","_kad_post_feature":"","_kad_post_feature_position":"","_kad_post_header":false,"_kad_post_footer":false,"_kad_post_classname":""},"product_brand":[],"product_cat":[2190],"product_tag":[1824],"class_list":{"0":"post-415531","1":"product","2":"type-product","3":"status-publish","4":"has-post-thumbnail","6":"product_cat-fauteuils-dexterieur","7":"product_tag-sol-fr","9":"first","10":"instock","11":"taxable","12":"shipping-taxable","13":"product-type-simple","14":"entry","15":"content-bg","16":"loop-entry"},"taxonomy_info":{"product_cat":[{"value":2190,"label":"Fauteuils d'ext\u00e9rieur"}],"product_tag":[{"value":1824,"label":"SOL"}]},"featured_image_src_large":["https:\/\/www.avenuedesigncanada.com\/wp-content\/uploads\/2026\/04\/112115_21-1024x1024.jpg",1024,1024,true],"author_info":[],"comment_info":"","_links":{"self":[{"href":"https:\/\/www.avenuedesigncanada.com\/fr\/wp-json\/wp\/v2\/product\/415531","targetHints":{"allow":["GET"]}}],"collection":[{"href":"https:\/\/www.avenuedesigncanada.com\/fr\/wp-json\/wp\/v2\/product"}],"about":[{"href":"https:\/\/www.avenuedesigncanada.com\/fr\/wp-json\/wp\/v2\/types\/product"}],"wp:featuredmedia":[{"embeddable":true,"href":"https:\/\/www.avenuedesigncanada.com\/fr\/wp-json\/wp\/v2\/media\/415212"}],"wp:attachment":[{"href":"https:\/\/www.avenuedesigncanada.com\/fr\/wp-json\/wp\/v2\/media?parent=415531"}],"wp:term":[{"taxonomy":"product_brand","embeddable":true,"href":"https:\/\/www.avenuedesigncanada.com\/fr\/wp-json\/wp\/v2\/product_brand?post=415531"},{"taxonomy":"product_cat","embeddable":true,"href":"https:\/\/www.avenuedesigncanada.com\/fr\/wp-json\/wp\/v2\/product_cat?post=415531"},{"taxonomy":"product_tag","embeddable":true,"href":"https:\/\/www.avenuedesigncanada.com\/fr\/wp-json\/wp\/v2\/product_tag?post=415531"}],"curies":[{"name":"wp","href":"https:\/\/api.w.org\/{rel}","templated":true}]}}