{"id":415537,"date":"2026-04-02T14:20:03","date_gmt":"2026-04-02T18:20:03","guid":{"rendered":"https:\/\/www.avenuedesigncanada.com\/product\/chaise-sans-accoudoirs-ibiza-naturel\/"},"modified":"2026-04-02T14:28:00","modified_gmt":"2026-04-02T18:28:00","slug":"chaise-sans-accoudoirs-ibiza-naturel","status":"publish","type":"product","link":"https:\/\/www.avenuedesigncanada.com\/fr\/product\/chaise-sans-accoudoirs-ibiza-naturel\/","title":{"rendered":"Chaise sans accoudoirs Ibiza &#8211; Naturel"},"content":{"rendered":"<p><em>  La chaise sans accoudoirs Ibiza &#8211; Naturelle pr\u00e9sente les caract\u00e9ristiques suivantes : <em><br \/>\n Fabriqu\u00e9e en bois de teck de grade A, certifi\u00e9 SVLK, provenant de for\u00eats indon\u00e9siennes g\u00e9r\u00e9es de mani\u00e8re responsable.<\/p>\n<p>  Tissage du rotin en poly\u00e9thyl\u00e8ne torsad\u00e9<\/p>\n<p>Le rev\u00eatement par poudre du cadre en aluminium ajoute une r\u00e9sistance \u00e0 la corrosion et aux intemp\u00e9ries.<\/p>\n<p>La construction du coussin en maille de Textil\u00e8ne est extensible et r\u00e9sistante \u00e0 la d\u00e9chirure.<\/p>\n<p>Les coussins en mousse durable \u00e0 s\u00e9chage rapide sont antimicrobiens et respectueux de l&rsquo;environnement.<\/p>\n<p>Tissu : Palazzo Cream &#8211; Le tissu Performance est hydrofuge, durable et facile \u00e0 nettoyer.<\/p>\n<p>Appliquez des housses de protection ou rangez-les \u00e0 l&rsquo;int\u00e9rieur lorsqu&rsquo;ils ne sont pas utilis\u00e9s et en cas de mauvais temps, afin de prolonger la dur\u00e9e de vie des meubles d&rsquo;ext\u00e9rieur.<br \/>\nVous avez des questions sur ce produit ? Nos concepteurs sont l\u00e0 pour vous aider. Appelez-nous au (514) 340-9351  <\/p>\n","protected":false},"excerpt":{"rendered":"<p>Cr\u00e9ez un salon d&rsquo;ext\u00e9rieur \u00e9l\u00e9gant avec ce fauteuil d&rsquo;ext\u00e9rieur moderne sans accoudoirs de notre collection Outdoor. Con\u00e7ue avec une confortable assise Stinson blanche et un dossier en tissage Greymix, les invit\u00e9s ne voudront plus s&rsquo;en aller. Un cadre en bois de teck massif compl\u00e8te le design. Convient aux espaces int\u00e9rieurs et ext\u00e9rieurs couverts.   <\/p>\n","protected":false},"featured_media":415074,"template":"","meta":{"_kad_blocks_custom_css":"","_kad_blocks_head_custom_js":"","_kad_blocks_body_custom_js":"","_kad_blocks_footer_custom_js":"","_kad_post_transparent":"","_kad_post_title":"","_kad_post_layout":"","_kad_post_sidebar_id":"","_kad_post_content_style":"","_kad_post_vertical_padding":"","_kad_post_feature":"","_kad_post_feature_position":"","_kad_post_header":false,"_kad_post_footer":false,"_kad_post_classname":""},"product_brand":[],"product_cat":[2190],"product_tag":[1824],"class_list":{"0":"post-415537","1":"product","2":"type-product","3":"status-publish","4":"has-post-thumbnail","6":"product_cat-fauteuils-dexterieur","7":"product_tag-sol-fr","9":"first","10":"instock","11":"taxable","12":"shipping-taxable","13":"product-type-simple","14":"entry","15":"content-bg","16":"loop-entry"},"taxonomy_info":{"product_cat":[{"value":2190,"label":"Fauteuils d'ext\u00e9rieur"}],"product_tag":[{"value":1824,"label":"SOL"}]},"featured_image_src_large":["https:\/\/www.avenuedesigncanada.com\/wp-content\/uploads\/2026\/04\/109499_1-1024x1024.jpg",1024,1024,true],"author_info":[],"comment_info":"","_links":{"self":[{"href":"https:\/\/www.avenuedesigncanada.com\/fr\/wp-json\/wp\/v2\/product\/415537","targetHints":{"allow":["GET"]}}],"collection":[{"href":"https:\/\/www.avenuedesigncanada.com\/fr\/wp-json\/wp\/v2\/product"}],"about":[{"href":"https:\/\/www.avenuedesigncanada.com\/fr\/wp-json\/wp\/v2\/types\/product"}],"wp:featuredmedia":[{"embeddable":true,"href":"https:\/\/www.avenuedesigncanada.com\/fr\/wp-json\/wp\/v2\/media\/415074"}],"wp:attachment":[{"href":"https:\/\/www.avenuedesigncanada.com\/fr\/wp-json\/wp\/v2\/media?parent=415537"}],"wp:term":[{"taxonomy":"product_brand","embeddable":true,"href":"https:\/\/www.avenuedesigncanada.com\/fr\/wp-json\/wp\/v2\/product_brand?post=415537"},{"taxonomy":"product_cat","embeddable":true,"href":"https:\/\/www.avenuedesigncanada.com\/fr\/wp-json\/wp\/v2\/product_cat?post=415537"},{"taxonomy":"product_tag","embeddable":true,"href":"https:\/\/www.avenuedesigncanada.com\/fr\/wp-json\/wp\/v2\/product_tag?post=415537"}],"curies":[{"name":"wp","href":"https:\/\/api.w.org\/{rel}","templated":true}]}}