{"id":415540,"date":"2026-04-02T14:20:15","date_gmt":"2026-04-02T18:20:15","guid":{"rendered":"https:\/\/www.avenuedesigncanada.com\/product\/chaise-longue-palermo-charcoal\/"},"modified":"2026-04-02T14:28:01","modified_gmt":"2026-04-02T18:28:01","slug":"chaise-longue-palermo-charcoal","status":"publish","type":"product","link":"https:\/\/www.avenuedesigncanada.com\/fr\/product\/chaise-longue-palermo-charcoal\/","title":{"rendered":"Chaise longue Palermo &#8211; Charcoal"},"content":{"rendered":"<p><em>  La chaise longue Palermo &#8211; Charcoal pr\u00e9sente les caract\u00e9ristiques suivantes : <em><br \/>\n Le rev\u00eatement en poudre de la structure en aluminium ajoute une r\u00e9sistance \u00e0 la corrosion et aux intemp\u00e9ries.<\/p>\n<p>Rotin en poly\u00e9thyl\u00e8ne torsad\u00e9 naturel &#8211; Le tressage synth\u00e9tique de l&rsquo;osier tout temps r\u00e9siste \u00e0 la d\u00e9coloration et est facile \u00e0 nettoyer.<\/p>\n<p>Fabriqu\u00e9 en bois de teck de grade A, certifi\u00e9 SVLK, provenant de for\u00eats indon\u00e9siennes g\u00e9r\u00e9es de mani\u00e8re responsable.<\/p>\n<p>Tissu : Cr\u00e8me Stinson<\/p>\n<p>La construction du coussin en maille de Textil\u00e8ne est extensible et r\u00e9sistante \u00e0 la d\u00e9chirure.<\/p>\n<p>Les coussins en mousse durable \u00e0 s\u00e9chage rapide sont antimicrobiens et respectueux de l&rsquo;environnement.<\/p>\n<p>Le tissu ext\u00e9rieur en polyester recycl\u00e9 offre une r\u00e9sistance extr\u00eame aux intemp\u00e9ries et une protection contre la d\u00e9coloration et les dommages caus\u00e9s par les UV.<\/p>\n<p>Les tissus outdoor certifi\u00e9s Oeko-tex sont exempts de substances nocives pour l&rsquo;homme et les \u00e9cosyst\u00e8mes.<\/p>\n<p>Le tissu performant pour l&rsquo;ext\u00e9rieur est teint\u00e9 dans la masse \u00e0 100 %, un proc\u00e9d\u00e9 \u00e9cologique qui utilise moins d&rsquo;eau et r\u00e9duit les d\u00e9chets polluants.<\/p>\n<p>Fabriqu\u00e9 avec des mat\u00e9riaux 100 % recyclables.<\/p>\n<p>Appliquez des housses de protection ou rangez-les \u00e0 l&rsquo;int\u00e9rieur lorsqu&rsquo;ils ne sont pas utilis\u00e9s et en cas de mauvais temps, afin de prolonger la dur\u00e9e de vie des meubles d&rsquo;ext\u00e9rieur.<br \/>\nVous avez des questions sur ce produit ? Nos concepteurs sont l\u00e0 pour vous aider. Appelez-nous au (514) 340-9351  <\/p>\n","protected":false},"excerpt":{"rendered":"<p>La silhouette incurv\u00e9e de la chaise longue Palermo attirera tous les regards dans votre espace ext\u00e9rieur. Le dossier en forme de tonneau pr\u00e9sente un contraste de mat\u00e9riaux et de couleurs avec une combinaison de cannage en poly\u00e9thyl\u00e8ne et de bois de teck charcoal. Le rembourrage confortable est rev\u00eatu de notre tissu cr\u00e8me Stinson et les accoudoirs inclin\u00e9s lui donnent l&rsquo;aspect d&rsquo;une chaise flottante. Convient aux espaces int\u00e9rieurs et ext\u00e9rieurs couverts.   <\/p>\n","protected":false},"featured_media":415320,"template":"","meta":{"_kad_blocks_custom_css":"","_kad_blocks_head_custom_js":"","_kad_blocks_body_custom_js":"","_kad_blocks_footer_custom_js":"","_kad_post_transparent":"","_kad_post_title":"","_kad_post_layout":"","_kad_post_sidebar_id":"","_kad_post_content_style":"","_kad_post_vertical_padding":"","_kad_post_feature":"","_kad_post_feature_position":"","_kad_post_header":false,"_kad_post_footer":false,"_kad_post_classname":""},"product_brand":[],"product_cat":[2190],"product_tag":[1824],"class_list":{"0":"post-415540","1":"product","2":"type-product","3":"status-publish","4":"has-post-thumbnail","6":"product_cat-fauteuils-dexterieur","7":"product_tag-sol-fr","9":"first","10":"instock","11":"taxable","12":"shipping-taxable","13":"product-type-simple","14":"entry","15":"content-bg","16":"loop-entry"},"taxonomy_info":{"product_cat":[{"value":2190,"label":"Fauteuils d'ext\u00e9rieur"}],"product_tag":[{"value":1824,"label":"SOL"}]},"featured_image_src_large":["https:\/\/www.avenuedesigncanada.com\/wp-content\/uploads\/2026\/04\/111044_1-1024x1024.jpg",1024,1024,true],"author_info":[],"comment_info":"","_links":{"self":[{"href":"https:\/\/www.avenuedesigncanada.com\/fr\/wp-json\/wp\/v2\/product\/415540","targetHints":{"allow":["GET"]}}],"collection":[{"href":"https:\/\/www.avenuedesigncanada.com\/fr\/wp-json\/wp\/v2\/product"}],"about":[{"href":"https:\/\/www.avenuedesigncanada.com\/fr\/wp-json\/wp\/v2\/types\/product"}],"wp:featuredmedia":[{"embeddable":true,"href":"https:\/\/www.avenuedesigncanada.com\/fr\/wp-json\/wp\/v2\/media\/415320"}],"wp:attachment":[{"href":"https:\/\/www.avenuedesigncanada.com\/fr\/wp-json\/wp\/v2\/media?parent=415540"}],"wp:term":[{"taxonomy":"product_brand","embeddable":true,"href":"https:\/\/www.avenuedesigncanada.com\/fr\/wp-json\/wp\/v2\/product_brand?post=415540"},{"taxonomy":"product_cat","embeddable":true,"href":"https:\/\/www.avenuedesigncanada.com\/fr\/wp-json\/wp\/v2\/product_cat?post=415540"},{"taxonomy":"product_tag","embeddable":true,"href":"https:\/\/www.avenuedesigncanada.com\/fr\/wp-json\/wp\/v2\/product_tag?post=415540"}],"curies":[{"name":"wp","href":"https:\/\/api.w.org\/{rel}","templated":true}]}}