{"id":415554,"date":"2026-04-02T14:19:06","date_gmt":"2026-04-02T18:19:06","guid":{"rendered":"https:\/\/www.avenuedesigncanada.com\/product\/canape-tavira-charcoal\/"},"modified":"2026-04-02T14:34:16","modified_gmt":"2026-04-02T18:34:16","slug":"canape-tavira-charcoal","status":"publish","type":"product","link":"https:\/\/www.avenuedesigncanada.com\/fr\/product\/canape-tavira-charcoal\/","title":{"rendered":"Canap\u00e9 Tavira &#8211; Charcoal"},"content":{"rendered":"<p><em>  Le canap\u00e9 Tavira &#8211; Charcoal pr\u00e9sente les caract\u00e9ristiques suivantes : <em><br \/>\n Le rev\u00eatement en poudre de la structure en aluminium ajoute une r\u00e9sistance \u00e0 la corrosion et aux intemp\u00e9ries.<\/p>\n<p>La construction du coussin en maille de Textil\u00e8ne est extensible et r\u00e9sistante \u00e0 la d\u00e9chirure.<\/p>\n<p>Les coussins en mousse durable \u00e0 s\u00e9chage rapide sont antimicrobiens et respectueux de l&rsquo;environnement.<\/p>\n<p>Le tissu ext\u00e9rieur en ol\u00e9fine enduite de PVC offre une r\u00e9sistance extr\u00eame aux intemp\u00e9ries et une protection contre la d\u00e9coloration et les dommages caus\u00e9s par les UV.<\/p>\n<p>Tissu : Lanikai sel et poivre &#8211; Le tissu de performance ext\u00e9rieure certifi\u00e9 Oeko-tex est exempt de substances nocives pour l&rsquo;homme et les \u00e9cosyst\u00e8mes.<\/p>\n<p>Fabriqu\u00e9 avec des mat\u00e9riaux 100 % recyclables.<\/p>\n<p>Appliquez des housses de protection ou rangez-les \u00e0 l&rsquo;int\u00e9rieur lorsqu&rsquo;ils ne sont pas utilis\u00e9s et en cas de mauvais temps, afin de prolonger la dur\u00e9e de vie des meubles d&rsquo;ext\u00e9rieur.<br \/>\nVous avez des questions sur ce produit ? Nos concepteurs sont l\u00e0 pour vous aider. Appelez-nous au (514) 340-9351  <\/p>\n","protected":false},"excerpt":{"rendered":"<p>Ch\u00e9rissez l&rsquo;ext\u00e9rieur avec ce canap\u00e9 moderne de notre collection Outdoor qui offre un style confortable et d\u00e9contract\u00e9. Ce canap\u00e9 est disponible en tissu Lanikai poivre et sel et est compl\u00e9t\u00e9 par un cadre en aluminium anthracite enduit de poudre. <\/p>\n","protected":false},"featured_media":415104,"template":"","meta":{"_kad_blocks_custom_css":"","_kad_blocks_head_custom_js":"","_kad_blocks_body_custom_js":"","_kad_blocks_footer_custom_js":"","_kad_post_transparent":"","_kad_post_title":"","_kad_post_layout":"","_kad_post_sidebar_id":"","_kad_post_content_style":"","_kad_post_vertical_padding":"","_kad_post_feature":"","_kad_post_feature_position":"","_kad_post_header":false,"_kad_post_footer":false,"_kad_post_classname":""},"product_brand":[],"product_cat":[2191],"product_tag":[1824],"class_list":{"0":"post-415554","1":"product","2":"type-product","3":"status-publish","4":"has-post-thumbnail","6":"product_cat-canapes-dexterieur","7":"product_tag-sol-fr","9":"first","10":"instock","11":"taxable","12":"shipping-taxable","13":"product-type-simple","14":"entry","15":"content-bg","16":"loop-entry"},"taxonomy_info":{"product_cat":[{"value":2191,"label":"Canap\u00e9s d'ext\u00e9rieur"}],"product_tag":[{"value":1824,"label":"SOL"}]},"featured_image_src_large":["https:\/\/www.avenuedesigncanada.com\/wp-content\/uploads\/2026\/04\/109656_1-1024x1024.jpg",1024,1024,true],"author_info":[],"comment_info":"","_links":{"self":[{"href":"https:\/\/www.avenuedesigncanada.com\/fr\/wp-json\/wp\/v2\/product\/415554","targetHints":{"allow":["GET"]}}],"collection":[{"href":"https:\/\/www.avenuedesigncanada.com\/fr\/wp-json\/wp\/v2\/product"}],"about":[{"href":"https:\/\/www.avenuedesigncanada.com\/fr\/wp-json\/wp\/v2\/types\/product"}],"wp:featuredmedia":[{"embeddable":true,"href":"https:\/\/www.avenuedesigncanada.com\/fr\/wp-json\/wp\/v2\/media\/415104"}],"wp:attachment":[{"href":"https:\/\/www.avenuedesigncanada.com\/fr\/wp-json\/wp\/v2\/media?parent=415554"}],"wp:term":[{"taxonomy":"product_brand","embeddable":true,"href":"https:\/\/www.avenuedesigncanada.com\/fr\/wp-json\/wp\/v2\/product_brand?post=415554"},{"taxonomy":"product_cat","embeddable":true,"href":"https:\/\/www.avenuedesigncanada.com\/fr\/wp-json\/wp\/v2\/product_cat?post=415554"},{"taxonomy":"product_tag","embeddable":true,"href":"https:\/\/www.avenuedesigncanada.com\/fr\/wp-json\/wp\/v2\/product_tag?post=415554"}],"curies":[{"name":"wp","href":"https:\/\/api.w.org\/{rel}","templated":true}]}}