{"id":415560,"date":"2026-04-02T14:19:11","date_gmt":"2026-04-02T18:19:11","guid":{"rendered":"https:\/\/www.avenuedesigncanada.com\/product\/fauteuil-tavira-greige\/"},"modified":"2026-04-02T14:34:19","modified_gmt":"2026-04-02T18:34:19","slug":"fauteuil-tavira-greige","status":"publish","type":"product","link":"https:\/\/www.avenuedesigncanada.com\/fr\/product\/fauteuil-tavira-greige\/","title":{"rendered":"Fauteuil Tavira &#8211; Greige"},"content":{"rendered":"<p> <em> Le fauteuil Tavira &#8211; Greige pr\u00e9sente les caract\u00e9ristiques suivantes :<br \/>\n<em><br \/>\n<\/em> La structure en aluminium est recouverte d&rsquo;un rev\u00eatement en poudre qui la rend r\u00e9sistante \u00e0 la corrosion et aux intemp\u00e9ries.<\/em><em><em><br \/>\n<\/em><\/em>La construction des coussins en maille Textilene est extensible et r\u00e9sistante aux d\u00e9chirures.<br \/>\nLes coussins en mousse durable \u00e0 s\u00e9chage rapide sont antimicrobiens et respectueux de l&rsquo;environnement.<br \/>\nLe tissu d&rsquo;ext\u00e9rieur en ol\u00e9fine enduite de PVC offre une r\u00e9sistance extr\u00eame aux intemp\u00e9ries et une protection contre la d\u00e9coloration et les dommages caus\u00e9s par les UV.<br \/>\nTissu : Stinson White &#8211; Le tissu d&rsquo;ext\u00e9rieur certifi\u00e9 Oeko-tex est exempt de substances nocives pour l&rsquo;homme et les \u00e9cosyst\u00e8mes.<br \/>\nFabriqu\u00e9 avec des mat\u00e9riaux 100 % recyclables.<br \/>\nAppliquez des housses de protection ou rangez-les \u00e0 l&rsquo;int\u00e9rieur lorsque vous ne les utilisez pas et en cas de mauvais temps pour prolonger la dur\u00e9e de vie des meubles d&rsquo;ext\u00e9rieur.<\/p>\n<p>Vous avez des questions sur ce produit ? Nos concepteurs sont l\u00e0 pour vous aider. Appelez-nous au (514) 340-9351  <\/p>\n","protected":false},"excerpt":{"rendered":"<p>Ch\u00e9rissez l&rsquo;ext\u00e9rieur avec ce fauteuil moderne de la collection Outdoor by SUNPAN qui offre un style confortable et d\u00e9contract\u00e9. Ce fauteuil est disponible en tissu blanc Stinson et est compl\u00e9t\u00e9 par un cadre en aluminium gris peint par poudrage. <\/p>\n","protected":false},"featured_media":415306,"template":"","meta":{"_kad_blocks_custom_css":"","_kad_blocks_head_custom_js":"","_kad_blocks_body_custom_js":"","_kad_blocks_footer_custom_js":"","_kad_post_transparent":"","_kad_post_title":"","_kad_post_layout":"","_kad_post_sidebar_id":"","_kad_post_content_style":"","_kad_post_vertical_padding":"","_kad_post_feature":"","_kad_post_feature_position":"","_kad_post_header":false,"_kad_post_footer":false,"_kad_post_classname":""},"product_brand":[],"product_cat":[2173],"product_tag":[1824],"class_list":{"0":"post-415560","1":"product","2":"type-product","3":"status-publish","4":"has-post-thumbnail","6":"product_cat-chaises-dexterieur","7":"product_tag-sol-fr","9":"first","10":"instock","11":"taxable","12":"shipping-taxable","13":"product-type-simple","14":"entry","15":"content-bg","16":"loop-entry"},"taxonomy_info":{"product_cat":[{"value":2173,"label":"Chaises d'ext\u00e9rieur"}],"product_tag":[{"value":1824,"label":"SOL"}]},"featured_image_src_large":["https:\/\/www.avenuedesigncanada.com\/wp-content\/uploads\/2026\/04\/110478_1-1024x1024.jpg",1024,1024,true],"author_info":[],"comment_info":"","_links":{"self":[{"href":"https:\/\/www.avenuedesigncanada.com\/fr\/wp-json\/wp\/v2\/product\/415560","targetHints":{"allow":["GET"]}}],"collection":[{"href":"https:\/\/www.avenuedesigncanada.com\/fr\/wp-json\/wp\/v2\/product"}],"about":[{"href":"https:\/\/www.avenuedesigncanada.com\/fr\/wp-json\/wp\/v2\/types\/product"}],"wp:featuredmedia":[{"embeddable":true,"href":"https:\/\/www.avenuedesigncanada.com\/fr\/wp-json\/wp\/v2\/media\/415306"}],"wp:attachment":[{"href":"https:\/\/www.avenuedesigncanada.com\/fr\/wp-json\/wp\/v2\/media?parent=415560"}],"wp:term":[{"taxonomy":"product_brand","embeddable":true,"href":"https:\/\/www.avenuedesigncanada.com\/fr\/wp-json\/wp\/v2\/product_brand?post=415560"},{"taxonomy":"product_cat","embeddable":true,"href":"https:\/\/www.avenuedesigncanada.com\/fr\/wp-json\/wp\/v2\/product_cat?post=415560"},{"taxonomy":"product_tag","embeddable":true,"href":"https:\/\/www.avenuedesigncanada.com\/fr\/wp-json\/wp\/v2\/product_tag?post=415560"}],"curies":[{"name":"wp","href":"https:\/\/api.w.org\/{rel}","templated":true}]}}