{"id":415565,"date":"2026-04-02T14:19:28","date_gmt":"2026-04-02T18:19:28","guid":{"rendered":"https:\/\/www.avenuedesigncanada.com\/product\/chaise-modulaire-sans-accoudoirs-nimbus\/"},"modified":"2026-04-02T14:34:24","modified_gmt":"2026-04-02T18:34:24","slug":"chaise-modulaire-sans-accoudoirs-nimbus","status":"publish","type":"product","link":"https:\/\/www.avenuedesigncanada.com\/fr\/product\/chaise-modulaire-sans-accoudoirs-nimbus\/","title":{"rendered":"Chaise modulaire sans accoudoirs Nimbus"},"content":{"rendered":"<p><em>  La chaise sans bras modulaire Nimbus pr\u00e9sente les caract\u00e9ristiques suivantes : <em><br \/>\n La base en aluminium est recouverte d&rsquo;un rev\u00eatement en poudre qui la rend r\u00e9sistante \u00e0 la corrosion et aux intemp\u00e9ries.<\/p>\n<p>Le tissu ext\u00e9rieur en polyester recycl\u00e9 offre une r\u00e9sistance extr\u00eame aux intemp\u00e9ries et une protection contre la d\u00e9coloration et les dommages caus\u00e9s par les UV.<\/p>\n<p>Les coussins en mousse durable \u00e0 s\u00e9chage rapide sont antimicrobiens et respectueux de l&rsquo;environnement.<\/p>\n<p>Les coussins d&rsquo;assise et de dossier sont remplis de mousse et de fibres pour un confort durable.<\/p>\n<p>Tissu : Louis Cream &#8211; Le tissu de performance ext\u00e9rieure certifi\u00e9 Oeko-tex est exempt de substances nocives pour l&rsquo;homme et les \u00e9cosyst\u00e8mes.<\/p>\n<p>Le tissu performant pour l&rsquo;ext\u00e9rieur est teint\u00e9 dans la masse \u00e0 100 %, un proc\u00e9d\u00e9 \u00e9cologique qui utilise moins d&rsquo;eau et r\u00e9duit les d\u00e9chets polluants.<\/p>\n<p>Appliquez des housses de protection ou rangez-les \u00e0 l&rsquo;int\u00e9rieur lorsqu&rsquo;ils ne sont pas utilis\u00e9s et en cas de mauvais temps, afin de prolonger la dur\u00e9e de vie des meubles d&rsquo;ext\u00e9rieur.<br \/>\nVous avez des questions sur ce produit ? Nos concepteurs sont l\u00e0 pour vous aider. Appelez-nous au (514) 340-9351  <\/p>\n","protected":false},"excerpt":{"rendered":"<p>La chaise sans bras Nimbus Modular pr\u00e9sente des courbes sculpturales douces qui \u00e9pousent d\u00e9licatement le corps pour un confort sans effort. Envelopp\u00e9e d&rsquo;un tissu louis cream performance, elle offre une texture raffin\u00e9e et une durabilit\u00e9 convenant \u00e0 la fois \u00e0 l&rsquo;int\u00e9rieur et \u00e0 l&rsquo;ext\u00e9rieur. Con\u00e7ue dans le cadre d&rsquo;une collection modulaire, la chaise Louis peut \u00eatre utilis\u00e9e seule comme une pi\u00e8ce d&rsquo;apparat frappante ou \u00eatre reli\u00e9e \u00e0 d&rsquo;autres sections pour cr\u00e9er un arrangement de si\u00e8ges personnalis\u00e9.  <\/p>\n","protected":false},"featured_media":414806,"template":"","meta":{"_kad_blocks_custom_css":"","_kad_blocks_head_custom_js":"","_kad_blocks_body_custom_js":"","_kad_blocks_footer_custom_js":"","_kad_post_transparent":"","_kad_post_title":"","_kad_post_layout":"","_kad_post_sidebar_id":"","_kad_post_content_style":"","_kad_post_vertical_padding":"","_kad_post_feature":"","_kad_post_feature_position":"","_kad_post_header":false,"_kad_post_footer":false,"_kad_post_classname":""},"product_brand":[],"product_cat":[2190],"product_tag":[1824],"class_list":{"0":"post-415565","1":"product","2":"type-product","3":"status-publish","4":"has-post-thumbnail","6":"product_cat-fauteuils-dexterieur","7":"product_tag-sol-fr","9":"first","10":"instock","11":"taxable","12":"shipping-taxable","13":"product-type-simple","14":"entry","15":"content-bg","16":"loop-entry"},"taxonomy_info":{"product_cat":[{"value":2190,"label":"Fauteuils d'ext\u00e9rieur"}],"product_tag":[{"value":1824,"label":"SOL"}]},"featured_image_src_large":["https:\/\/www.avenuedesigncanada.com\/wp-content\/uploads\/2026\/04\/112167_21-1024x1024.jpg",1024,1024,true],"author_info":[],"comment_info":"","_links":{"self":[{"href":"https:\/\/www.avenuedesigncanada.com\/fr\/wp-json\/wp\/v2\/product\/415565","targetHints":{"allow":["GET"]}}],"collection":[{"href":"https:\/\/www.avenuedesigncanada.com\/fr\/wp-json\/wp\/v2\/product"}],"about":[{"href":"https:\/\/www.avenuedesigncanada.com\/fr\/wp-json\/wp\/v2\/types\/product"}],"wp:featuredmedia":[{"embeddable":true,"href":"https:\/\/www.avenuedesigncanada.com\/fr\/wp-json\/wp\/v2\/media\/414806"}],"wp:attachment":[{"href":"https:\/\/www.avenuedesigncanada.com\/fr\/wp-json\/wp\/v2\/media?parent=415565"}],"wp:term":[{"taxonomy":"product_brand","embeddable":true,"href":"https:\/\/www.avenuedesigncanada.com\/fr\/wp-json\/wp\/v2\/product_brand?post=415565"},{"taxonomy":"product_cat","embeddable":true,"href":"https:\/\/www.avenuedesigncanada.com\/fr\/wp-json\/wp\/v2\/product_cat?post=415565"},{"taxonomy":"product_tag","embeddable":true,"href":"https:\/\/www.avenuedesigncanada.com\/fr\/wp-json\/wp\/v2\/product_tag?post=415565"}],"curies":[{"name":"wp","href":"https:\/\/api.w.org\/{rel}","templated":true}]}}