{"id":415736,"date":"2026-04-06T13:33:16","date_gmt":"2026-04-06T17:33:16","guid":{"rendered":"https:\/\/www.avenuedesigncanada.com\/product\/lustre-led-rond-amalfi-light\/"},"modified":"2026-04-06T13:50:50","modified_gmt":"2026-04-06T17:50:50","slug":"lustre-led-rond-amalfi-light","status":"publish","type":"product","link":"https:\/\/www.avenuedesigncanada.com\/fr\/product\/lustre-led-rond-amalfi-light\/","title":{"rendered":"Lustre LED rond Amalfi Light"},"content":{"rendered":"<p><em>  Le lustre LED Amalfi Light Round pr\u00e9sente les caract\u00e9ristiques suivantes : <em><br \/>\nLongueur du c\u00e2ble : 144&Prime;<br \/>\nRallonges : Des tubes d&rsquo;extension illumin\u00e9s (12&Prime;, 24&Prime;, 48&Prime;) sont disponibles. Jusqu&rsquo;\u00e0 96&Prime; (8ft) d&rsquo;extension suppl\u00e9mentaire.<br \/>\nDimension de l&rsquo;auvent : 9&Prime; D x 2&Prime; H. D x 2&Prime; H<br \/>\nFinition : Noir mat<br \/>\nMat\u00e9riau de l&rsquo;abat-jour : Cristal<br \/>\nCouleur de l&rsquo;abat-jour : Clair\/fum\u00e9<br \/>\nNombre d&rsquo;abat-jour : 6<br \/>\nPoids du produit : 30 lbs.<br \/>\nAvez-vous des questions sur ce produit ?<br \/>\nNos designers sont l\u00e0 pour vous aider. Appelez-nous au (514) 340-9351<\/p>\n","protected":false},"excerpt":{"rendered":"<p>Des tubes de lumi\u00e8re suspendus dans des manchons m\u00e9talliques altern\u00e9s cr\u00e9ent un effet \u00e0 plusieurs niveaux. Une collection visuellement \u00e9tonnante qui ajoutera un air de sophistication \u00e0 n&rsquo;importe quel espace.<br \/>\nDisponible en noir mat, plaqu\u00e9 or bross\u00e9, ou une combinaison des deux finitions.<br \/>\nR\u00e9glable pour s&rsquo;adapter \u00e0 n&rsquo;importe quel espace avec des soulagements de tension de hauteur facile. <\/p>\n","protected":false},"featured_media":415720,"template":"","meta":{"_kad_blocks_custom_css":"","_kad_blocks_head_custom_js":"","_kad_blocks_body_custom_js":"","_kad_blocks_footer_custom_js":"","_kad_post_transparent":"","_kad_post_title":"","_kad_post_layout":"","_kad_post_sidebar_id":"","_kad_post_content_style":"","_kad_post_vertical_padding":"","_kad_post_feature":"","_kad_post_feature_position":"","_kad_post_header":false,"_kad_post_footer":false,"_kad_post_classname":""},"product_brand":[],"product_cat":[2195],"product_tag":[2196],"class_list":{"0":"post-415736","1":"product","2":"type-product","3":"status-publish","4":"has-post-thumbnail","6":"product_cat-chandelier","7":"product_tag-enlighten-fr","9":"first","10":"instock","11":"taxable","12":"shipping-taxable","13":"product-type-simple","14":"entry","15":"content-bg","16":"loop-entry"},"taxonomy_info":{"product_cat":[{"value":2195,"label":"Chandelier"}],"product_tag":[{"value":2196,"label":"ENLIGHTEN"}]},"featured_image_src_large":["https:\/\/www.avenuedesigncanada.com\/wp-content\/uploads\/2026\/04\/AMALFI-10143-07-11-LIGHT-ROUND-LED-CHANDELIER-1024x1024.png",1024,1024,true],"author_info":[],"comment_info":"","_links":{"self":[{"href":"https:\/\/www.avenuedesigncanada.com\/fr\/wp-json\/wp\/v2\/product\/415736","targetHints":{"allow":["GET"]}}],"collection":[{"href":"https:\/\/www.avenuedesigncanada.com\/fr\/wp-json\/wp\/v2\/product"}],"about":[{"href":"https:\/\/www.avenuedesigncanada.com\/fr\/wp-json\/wp\/v2\/types\/product"}],"wp:featuredmedia":[{"embeddable":true,"href":"https:\/\/www.avenuedesigncanada.com\/fr\/wp-json\/wp\/v2\/media\/415720"}],"wp:attachment":[{"href":"https:\/\/www.avenuedesigncanada.com\/fr\/wp-json\/wp\/v2\/media?parent=415736"}],"wp:term":[{"taxonomy":"product_brand","embeddable":true,"href":"https:\/\/www.avenuedesigncanada.com\/fr\/wp-json\/wp\/v2\/product_brand?post=415736"},{"taxonomy":"product_cat","embeddable":true,"href":"https:\/\/www.avenuedesigncanada.com\/fr\/wp-json\/wp\/v2\/product_cat?post=415736"},{"taxonomy":"product_tag","embeddable":true,"href":"https:\/\/www.avenuedesigncanada.com\/fr\/wp-json\/wp\/v2\/product_tag?post=415736"}],"curies":[{"name":"wp","href":"https:\/\/api.w.org\/{rel}","templated":true}]}}