{"id":415737,"date":"2026-04-06T13:33:22","date_gmt":"2026-04-06T17:33:22","guid":{"rendered":"https:\/\/www.avenuedesigncanada.com\/product\/aveah-light-linear-led-chandelier\/"},"modified":"2026-04-06T13:50:51","modified_gmt":"2026-04-06T17:50:51","slug":"aveah-light-linear-led-chandelier","status":"publish","type":"product","link":"https:\/\/www.avenuedesigncanada.com\/fr\/product\/aveah-light-linear-led-chandelier\/","title":{"rendered":"Aveah Light Linear LED Chandelier"},"content":{"rendered":"<p><em>  Le lustre Aveah Light Linear LED pr\u00e9sente les caract\u00e9ristiques suivantes : <em><br \/>\nLongueur du c\u00e2ble : 144&Prime;<br \/>\nDimension de l&rsquo;abat-jour : 18&Prime; L x 6&Prime; L Finition : noir sable Mati\u00e8re de l&rsquo;abat-jour : acier inoxydable L x 6&Prime; L<br \/>\nFinition : noir sable<br \/>\nMat\u00e9riau de l&rsquo;abat-jour : Verre<br \/>\nCouleur de l&rsquo;abat-jour : Texture claire<br \/>\nNombre d&rsquo;abat-jour : 5<br \/>\nDimension de l&rsquo;abat-jour : 12&Prime; L x 10&Prime; l x 6&Prime; l L x 10&Prime; W x 6&Prime; H<br \/>\nPoids du produit : 31.3 lbs.<br \/>\nAvez-vous des questions sur ce produit ?<br \/>\nNos designers sont l\u00e0 pour vous aider. Appelez-nous au (514) 340-9351<\/p>\n","protected":false},"excerpt":{"rendered":"<p>Le verre textur\u00e9 diffuse magnifiquement la lumi\u00e8re, cr\u00e9ant une ambiance chaleureuse et accueillante dans n&rsquo;importe quel espace.<br \/>\nLa source de lumi\u00e8re est int\u00e9gr\u00e9e de mani\u00e8re transparente dans le cadre noir \u00e9l\u00e9gant, illuminant les bols en verre souffl\u00e9 \u00e0 la main de l&rsquo;int\u00e9rieur et mettant en valeur leurs textures uniques et leur clart\u00e9.<br \/>\nLe design \u00e9l\u00e9gant est rehauss\u00e9 par l&rsquo;art du travail du verre et la sophistication du cadre noir, cr\u00e9ant une pi\u00e8ce ma\u00eetresse \u00e9blouissante.<br \/>\nDes lignes \u00e9pur\u00e9es et une beaut\u00e9 discr\u00e8te en font un ajout harmonieux \u00e0 n&rsquo;importe quelle pi\u00e8ce, ajoutant une touche de sophistication raffin\u00e9e.<\/p>\n","protected":false},"featured_media":415660,"template":"","meta":{"_kad_blocks_custom_css":"","_kad_blocks_head_custom_js":"","_kad_blocks_body_custom_js":"","_kad_blocks_footer_custom_js":"","_kad_post_transparent":"","_kad_post_title":"","_kad_post_layout":"","_kad_post_sidebar_id":"","_kad_post_content_style":"","_kad_post_vertical_padding":"","_kad_post_feature":"","_kad_post_feature_position":"","_kad_post_header":false,"_kad_post_footer":false,"_kad_post_classname":""},"product_brand":[],"product_cat":[2195],"product_tag":[2196],"class_list":{"0":"post-415737","1":"product","2":"type-product","3":"status-publish","4":"has-post-thumbnail","6":"product_cat-chandelier","7":"product_tag-enlighten-fr","9":"first","10":"instock","11":"taxable","12":"shipping-taxable","13":"product-type-simple","14":"entry","15":"content-bg","16":"loop-entry"},"taxonomy_info":{"product_cat":[{"value":2195,"label":"Chandelier"}],"product_tag":[{"value":2196,"label":"ENLIGHTEN"}]},"featured_image_src_large":["https:\/\/www.avenuedesigncanada.com\/wp-content\/uploads\/2026\/04\/AVEAH-12236-08-4-Light-LED-Chandelier-1024x1024.png",1024,1024,true],"author_info":[],"comment_info":"","_links":{"self":[{"href":"https:\/\/www.avenuedesigncanada.com\/fr\/wp-json\/wp\/v2\/product\/415737","targetHints":{"allow":["GET"]}}],"collection":[{"href":"https:\/\/www.avenuedesigncanada.com\/fr\/wp-json\/wp\/v2\/product"}],"about":[{"href":"https:\/\/www.avenuedesigncanada.com\/fr\/wp-json\/wp\/v2\/types\/product"}],"wp:featuredmedia":[{"embeddable":true,"href":"https:\/\/www.avenuedesigncanada.com\/fr\/wp-json\/wp\/v2\/media\/415660"}],"wp:attachment":[{"href":"https:\/\/www.avenuedesigncanada.com\/fr\/wp-json\/wp\/v2\/media?parent=415737"}],"wp:term":[{"taxonomy":"product_brand","embeddable":true,"href":"https:\/\/www.avenuedesigncanada.com\/fr\/wp-json\/wp\/v2\/product_brand?post=415737"},{"taxonomy":"product_cat","embeddable":true,"href":"https:\/\/www.avenuedesigncanada.com\/fr\/wp-json\/wp\/v2\/product_cat?post=415737"},{"taxonomy":"product_tag","embeddable":true,"href":"https:\/\/www.avenuedesigncanada.com\/fr\/wp-json\/wp\/v2\/product_tag?post=415737"}],"curies":[{"name":"wp","href":"https:\/\/api.w.org\/{rel}","templated":true}]}}