{"id":415739,"date":"2026-04-06T13:33:08","date_gmt":"2026-04-06T17:33:08","guid":{"rendered":"https:\/\/www.avenuedesigncanada.com\/product\/lustre-led-rond-adelfia\/"},"modified":"2026-04-06T13:50:51","modified_gmt":"2026-04-06T17:50:51","slug":"lustre-led-rond-adelfia","status":"publish","type":"product","link":"https:\/\/www.avenuedesigncanada.com\/fr\/product\/lustre-led-rond-adelfia\/","title":{"rendered":"Lustre LED rond Adelfia"},"content":{"rendered":"<p><em>  Le lustre LED Adelfia Light Round pr\u00e9sente les caract\u00e9ristiques suivantes : <em><br \/>\nLongueur du c\u00e2ble : 96&Prime;<br \/>\nDimension de l&rsquo;abat-jour : 1.8&Prime; H x 24&Prime; D<br \/>\nFinition : Laiton antique<br \/>\nMat\u00e9riau de l&rsquo;abat-jour : Verre<br \/>\nCouleur de l&rsquo;abat-jour : blanc<br \/>\nNombre d&rsquo;abat-jour : 9<br \/>\nDimension de l&rsquo;abat-jour : 3.5&Prime; H x 6.25&Prime; D<br \/>\nPoids du produit : 25.36 lbs.<br \/>\nAvez-vous des questions sur ce produit ?<br \/>\nNos designers sont l\u00e0 pour vous aider. Appelez-nous au (514) 340-9351<\/p>\n","protected":false},"excerpt":{"rendered":"<p>Les nuages encapsul\u00e9s \u00e9mettent une cascade de lumi\u00e8re douce et scintillante, ajoutant du style et de la gr\u00e2ce \u00e0 tout espace. Le choix d&rsquo;un dais peint en laiton antique ou en noir mat avec des accents dor\u00e9s donne un aspect raffin\u00e9 et luxueux.<br \/>\nLe design \u00e9pur\u00e9 et \u00e9l\u00e9gant est parfait pour n&rsquo;importe quelle pi\u00e8ce, apportant une touche de glamour et de luxe. R\u00e9glable pour s&rsquo;adapter \u00e0 n&rsquo;importe quel espace gr\u00e2ce \u00e0 des d\u00e9charges de tension en hauteur.  <\/p>\n","protected":false},"featured_media":415686,"template":"","meta":{"_kad_blocks_custom_css":"","_kad_blocks_head_custom_js":"","_kad_blocks_body_custom_js":"","_kad_blocks_footer_custom_js":"","_kad_post_transparent":"","_kad_post_title":"","_kad_post_layout":"","_kad_post_sidebar_id":"","_kad_post_content_style":"","_kad_post_vertical_padding":"","_kad_post_feature":"","_kad_post_feature_position":"","_kad_post_header":false,"_kad_post_footer":false,"_kad_post_classname":""},"product_brand":[],"product_cat":[2195],"product_tag":[2196],"class_list":{"0":"post-415739","1":"product","2":"type-product","3":"status-publish","4":"has-post-thumbnail","6":"product_cat-chandelier","7":"product_tag-enlighten-fr","9":"first","10":"instock","11":"taxable","12":"shipping-taxable","13":"product-type-simple","14":"entry","15":"content-bg","16":"loop-entry"},"taxonomy_info":{"product_cat":[{"value":2195,"label":"Chandelier"}],"product_tag":[{"value":2196,"label":"ENLIGHTEN"}]},"featured_image_src_large":["https:\/\/www.avenuedesigncanada.com\/wp-content\/uploads\/2026\/04\/ADELFIA-Round-1024x1024.png",1024,1024,true],"author_info":[],"comment_info":"","_links":{"self":[{"href":"https:\/\/www.avenuedesigncanada.com\/fr\/wp-json\/wp\/v2\/product\/415739","targetHints":{"allow":["GET"]}}],"collection":[{"href":"https:\/\/www.avenuedesigncanada.com\/fr\/wp-json\/wp\/v2\/product"}],"about":[{"href":"https:\/\/www.avenuedesigncanada.com\/fr\/wp-json\/wp\/v2\/types\/product"}],"wp:featuredmedia":[{"embeddable":true,"href":"https:\/\/www.avenuedesigncanada.com\/fr\/wp-json\/wp\/v2\/media\/415686"}],"wp:attachment":[{"href":"https:\/\/www.avenuedesigncanada.com\/fr\/wp-json\/wp\/v2\/media?parent=415739"}],"wp:term":[{"taxonomy":"product_brand","embeddable":true,"href":"https:\/\/www.avenuedesigncanada.com\/fr\/wp-json\/wp\/v2\/product_brand?post=415739"},{"taxonomy":"product_cat","embeddable":true,"href":"https:\/\/www.avenuedesigncanada.com\/fr\/wp-json\/wp\/v2\/product_cat?post=415739"},{"taxonomy":"product_tag","embeddable":true,"href":"https:\/\/www.avenuedesigncanada.com\/fr\/wp-json\/wp\/v2\/product_tag?post=415739"}],"curies":[{"name":"wp","href":"https:\/\/api.w.org\/{rel}","templated":true}]}}