{"id":415740,"date":"2026-04-06T13:33:18","date_gmt":"2026-04-06T17:33:18","guid":{"rendered":"https:\/\/www.avenuedesigncanada.com\/product\/lustre-led-lineaire-amalfi-light\/"},"modified":"2026-04-06T13:50:54","modified_gmt":"2026-04-06T17:50:54","slug":"lustre-led-lineaire-amalfi-light","status":"publish","type":"product","link":"https:\/\/www.avenuedesigncanada.com\/fr\/product\/lustre-led-lineaire-amalfi-light\/","title":{"rendered":"Lustre LED lin\u00e9aire Amalfi Light"},"content":{"rendered":"<p><em>  Le lustre LED Amalfi Light pr\u00e9sente les caract\u00e9ristiques suivantes : <em><br \/>\nLongueur du c\u00e2ble : 96&Prime;<br \/>\nDimension du dais : 41&Prime; L x 10&Prime; L x 1.5&Prime; H<br \/>\nFinition : Noir mat<br \/>\nMat\u00e9riau de l&rsquo;abat-jour : Acrylique<br \/>\nCouleur de l&rsquo;abat-jour : givr\u00e9<br \/>\nNombre d&rsquo;abat-jour : 12<br \/>\nDimension de l&rsquo;abat-jour : 1.25&Prime; H x 1&Prime; D<br \/>\nPoids du produit : 23 lbs.<br \/>\nAvez-vous des questions sur ce produit ?<br \/>\nNos designers sont l\u00e0 pour vous aider. Appelez-nous au (514) 340-9351<\/p>\n","protected":false},"excerpt":{"rendered":"<p>Des tubes de lumi\u00e8re suspendus dans des manchons m\u00e9talliques altern\u00e9s cr\u00e9ent un effet \u00e0 plusieurs niveaux. Une collection visuellement \u00e9tonnante qui ajoutera un air de sophistication \u00e0 n&rsquo;importe quel espace.<br \/>\nDisponible en noir mat, plaqu\u00e9 or bross\u00e9, ou une combinaison des deux finitions.<br \/>\nR\u00e9glable pour s&rsquo;adapter \u00e0 n&rsquo;importe quel espace avec des soulagements de tension de hauteur facile. <\/p>\n","protected":false},"featured_media":415628,"template":"","meta":{"_kad_blocks_custom_css":"","_kad_blocks_head_custom_js":"","_kad_blocks_body_custom_js":"","_kad_blocks_footer_custom_js":"","_kad_post_transparent":"","_kad_post_title":"","_kad_post_layout":"","_kad_post_sidebar_id":"","_kad_post_content_style":"","_kad_post_vertical_padding":"","_kad_post_feature":"","_kad_post_feature_position":"","_kad_post_header":false,"_kad_post_footer":false,"_kad_post_classname":""},"product_brand":[],"product_cat":[2195],"product_tag":[2196],"class_list":{"0":"post-415740","1":"product","2":"type-product","3":"status-publish","4":"has-post-thumbnail","6":"product_cat-chandelier","7":"product_tag-enlighten-fr","9":"first","10":"instock","11":"taxable","12":"shipping-taxable","13":"product-type-simple","14":"entry","15":"content-bg","16":"loop-entry"},"taxonomy_info":{"product_cat":[{"value":2195,"label":"Chandelier"}],"product_tag":[{"value":2196,"label":"ENLIGHTEN"}]},"featured_image_src_large":["https:\/\/www.avenuedesigncanada.com\/wp-content\/uploads\/2026\/04\/AMALFI-10151-07-16-Light-Linear-LED-Chandelier-1024x1024.png",1024,1024,true],"author_info":[],"comment_info":"","_links":{"self":[{"href":"https:\/\/www.avenuedesigncanada.com\/fr\/wp-json\/wp\/v2\/product\/415740","targetHints":{"allow":["GET"]}}],"collection":[{"href":"https:\/\/www.avenuedesigncanada.com\/fr\/wp-json\/wp\/v2\/product"}],"about":[{"href":"https:\/\/www.avenuedesigncanada.com\/fr\/wp-json\/wp\/v2\/types\/product"}],"wp:featuredmedia":[{"embeddable":true,"href":"https:\/\/www.avenuedesigncanada.com\/fr\/wp-json\/wp\/v2\/media\/415628"}],"wp:attachment":[{"href":"https:\/\/www.avenuedesigncanada.com\/fr\/wp-json\/wp\/v2\/media?parent=415740"}],"wp:term":[{"taxonomy":"product_brand","embeddable":true,"href":"https:\/\/www.avenuedesigncanada.com\/fr\/wp-json\/wp\/v2\/product_brand?post=415740"},{"taxonomy":"product_cat","embeddable":true,"href":"https:\/\/www.avenuedesigncanada.com\/fr\/wp-json\/wp\/v2\/product_cat?post=415740"},{"taxonomy":"product_tag","embeddable":true,"href":"https:\/\/www.avenuedesigncanada.com\/fr\/wp-json\/wp\/v2\/product_tag?post=415740"}],"curies":[{"name":"wp","href":"https:\/\/api.w.org\/{rel}","templated":true}]}}