{"id":415742,"date":"2026-04-06T13:33:12","date_gmt":"2026-04-06T17:33:12","guid":{"rendered":"https:\/\/www.avenuedesigncanada.com\/product\/lustre-affilato-light-linear-led\/"},"modified":"2026-04-06T13:50:57","modified_gmt":"2026-04-06T17:50:57","slug":"lustre-affilato-light-linear-led","status":"publish","type":"product","link":"https:\/\/www.avenuedesigncanada.com\/fr\/product\/lustre-affilato-light-linear-led\/","title":{"rendered":"Lustre Affilato Light Linear LED"},"content":{"rendered":"<p><em>  Le lustre LED lin\u00e9aire Affilato Light pr\u00e9sente les caract\u00e9ristiques suivantes : <em><br \/>\nLongueur du c\u00e2ble : 144&Prime;<br \/>\nLongueur du c\u00e2ble : 96&Prime;<br \/>\nDimension du d\u00f4me : 29&Prime; L x 6&Prime; L<br \/>\nFinition : laiton satin\u00e9<br \/>\nCouleur de l&rsquo;abat-jour : laiton satin\u00e9<br \/>\nNombre d&rsquo;abat-jour : 6<br \/>\nPoids du produit : 22 lbs.<br \/>\nAvez-vous des questions sur ce produit ?<br \/>\nNos designers sont l\u00e0 pour vous aider. Appelez-nous au (514) 340-9351<\/p>\n","protected":false},"excerpt":{"rendered":"<p>Design moderne et \u00e9pur\u00e9 avec des pi\u00e8ces rectangulaires lumineuses.<br \/>\nCe luminaire cr\u00e9e une ambiance douce et accueillante dans n&rsquo;importe quelle pi\u00e8ce.<br \/>\nPropos\u00e9 en finition laiton satin\u00e9 ou noir satin\u00e9.<\/p>\n","protected":false},"featured_media":415698,"template":"","meta":{"_kad_blocks_custom_css":"","_kad_blocks_head_custom_js":"","_kad_blocks_body_custom_js":"","_kad_blocks_footer_custom_js":"","_kad_post_transparent":"","_kad_post_title":"","_kad_post_layout":"","_kad_post_sidebar_id":"","_kad_post_content_style":"","_kad_post_vertical_padding":"","_kad_post_feature":"","_kad_post_feature_position":"","_kad_post_header":false,"_kad_post_footer":false,"_kad_post_classname":""},"product_brand":[],"product_cat":[2195],"product_tag":[2196],"class_list":{"0":"post-415742","1":"product","2":"type-product","3":"status-publish","4":"has-post-thumbnail","6":"product_cat-chandelier","7":"product_tag-enlighten-fr","9":"first","10":"instock","11":"taxable","12":"shipping-taxable","13":"product-type-simple","14":"entry","15":"content-bg","16":"loop-entry"},"taxonomy_info":{"product_cat":[{"value":2195,"label":"Chandelier"}],"product_tag":[{"value":2196,"label":"ENLIGHTEN"}]},"featured_image_src_large":["https:\/\/www.avenuedesigncanada.com\/wp-content\/uploads\/2026\/04\/AFFILATO-12081-035-6-Light-Linear-LED-Chandelier-1024x1024.png",1024,1024,true],"author_info":[],"comment_info":"","_links":{"self":[{"href":"https:\/\/www.avenuedesigncanada.com\/fr\/wp-json\/wp\/v2\/product\/415742","targetHints":{"allow":["GET"]}}],"collection":[{"href":"https:\/\/www.avenuedesigncanada.com\/fr\/wp-json\/wp\/v2\/product"}],"about":[{"href":"https:\/\/www.avenuedesigncanada.com\/fr\/wp-json\/wp\/v2\/types\/product"}],"wp:featuredmedia":[{"embeddable":true,"href":"https:\/\/www.avenuedesigncanada.com\/fr\/wp-json\/wp\/v2\/media\/415698"}],"wp:attachment":[{"href":"https:\/\/www.avenuedesigncanada.com\/fr\/wp-json\/wp\/v2\/media?parent=415742"}],"wp:term":[{"taxonomy":"product_brand","embeddable":true,"href":"https:\/\/www.avenuedesigncanada.com\/fr\/wp-json\/wp\/v2\/product_brand?post=415742"},{"taxonomy":"product_cat","embeddable":true,"href":"https:\/\/www.avenuedesigncanada.com\/fr\/wp-json\/wp\/v2\/product_cat?post=415742"},{"taxonomy":"product_tag","embeddable":true,"href":"https:\/\/www.avenuedesigncanada.com\/fr\/wp-json\/wp\/v2\/product_tag?post=415742"}],"curies":[{"name":"wp","href":"https:\/\/api.w.org\/{rel}","templated":true}]}}