{"id":415743,"date":"2026-04-06T13:33:20","date_gmt":"2026-04-06T17:33:20","guid":{"rendered":"https:\/\/www.avenuedesigncanada.com\/product\/arezzo-petit-lustre-lineaire-a-led\/"},"modified":"2026-04-06T13:50:58","modified_gmt":"2026-04-06T17:50:58","slug":"arezzo-petit-lustre-lineaire-a-led","status":"publish","type":"product","link":"https:\/\/www.avenuedesigncanada.com\/fr\/product\/arezzo-petit-lustre-lineaire-a-led\/","title":{"rendered":"Arezzo &#8211; Petit lustre lin\u00e9aire \u00e0 LED"},"content":{"rendered":"<p><em>  Le petit lustre lin\u00e9aire \u00e0 LED Arezzo pr\u00e9sente les caract\u00e9ristiques suivantes : <em><br \/>\nLongueur du c\u00e2ble : 144&Prime;<br \/>\nRallonges : 2 x 3&Prime; + 2 x 6&Prime; + 2 x 12&Prime; + 4 x 18&Prime;. + 2 x 6&Prime; + 2 x 12&Prime; + 4 x 18&Prime;<br \/>\nDimension de l&rsquo;auvent : 16&Prime; L x 6&Prime; l. L x 6&Prime; W<br \/>\nFinition : Gris bross\u00e9 peint<br \/>\nMat\u00e9riau de l&rsquo;abat-jour : Verre<br \/>\nCouleur de l&rsquo;abat-jour : Texture claire<br \/>\nNombre d&rsquo;abat-jour : 5<br \/>\nPoids du produit : 31.3 lbs.<br \/>\nLes luminaires pesant 35 lbs. ou plus doivent \u00eatre support\u00e9s et install\u00e9s ind\u00e9pendamment de la bo\u00eete de sortie de plafond (jonction) et n\u00e9cessitent un support suppl\u00e9mentaire dans le plafond o\u00f9 le luminaire est install\u00e9<br \/>\nAvez-vous des questions \u00e0 propos de ce produit ?<br \/>\nNos designers sont l\u00e0 pour vous aider.  Appelez-nous au (514) 340-9351<\/p>\n","protected":false},"excerpt":{"rendered":"<p>La lumi\u00e8re \u00e9mise par le cadre sup\u00e9rieur met subtilement en valeur les \u00e9l\u00e9ments en verre fabriqu\u00e9s \u00e0 la main.<br \/>\nDes formes g\u00e9om\u00e9triques angulaires en verre sont suspendues sous le cadre, cr\u00e9ant une composition dynamique et visuellement frappante.<br \/>\nLes \u00e9l\u00e9ments en verre sont fabriqu\u00e9s de mani\u00e8re experte \u00e0 partir de verre textur\u00e9 et press\u00e9, soulignant leur qualit\u00e9 artisanale et leur caract\u00e8re distinctif.<br \/>\nLe design contemporain du luminaire met l&rsquo;accent sur une g\u00e9om\u00e9trie nette et le minimalisme, offrant une esth\u00e9tique sophistiqu\u00e9e et moderne.<\/p>\n","protected":false},"featured_media":415644,"template":"","meta":{"_kad_blocks_custom_css":"","_kad_blocks_head_custom_js":"","_kad_blocks_body_custom_js":"","_kad_blocks_footer_custom_js":"","_kad_post_transparent":"","_kad_post_title":"","_kad_post_layout":"","_kad_post_sidebar_id":"","_kad_post_content_style":"","_kad_post_vertical_padding":"","_kad_post_feature":"","_kad_post_feature_position":"","_kad_post_header":false,"_kad_post_footer":false,"_kad_post_classname":""},"product_brand":[],"product_cat":[2195],"product_tag":[2196],"class_list":{"0":"post-415743","1":"product","2":"type-product","3":"status-publish","4":"has-post-thumbnail","6":"product_cat-chandelier","7":"product_tag-enlighten-fr","9":"first","10":"instock","11":"taxable","12":"shipping-taxable","13":"product-type-simple","14":"entry","15":"content-bg","16":"loop-entry"},"taxonomy_info":{"product_cat":[{"value":2195,"label":"Chandelier"}],"product_tag":[{"value":2196,"label":"ENLIGHTEN"}]},"featured_image_src_large":["https:\/\/www.avenuedesigncanada.com\/wp-content\/uploads\/2026\/04\/AREZZO-12180-040-LARGE-LINEAR-LED-CHANDELIER-1024x1024.png",1024,1024,true],"author_info":[],"comment_info":"","_links":{"self":[{"href":"https:\/\/www.avenuedesigncanada.com\/fr\/wp-json\/wp\/v2\/product\/415743","targetHints":{"allow":["GET"]}}],"collection":[{"href":"https:\/\/www.avenuedesigncanada.com\/fr\/wp-json\/wp\/v2\/product"}],"about":[{"href":"https:\/\/www.avenuedesigncanada.com\/fr\/wp-json\/wp\/v2\/types\/product"}],"wp:featuredmedia":[{"embeddable":true,"href":"https:\/\/www.avenuedesigncanada.com\/fr\/wp-json\/wp\/v2\/media\/415644"}],"wp:attachment":[{"href":"https:\/\/www.avenuedesigncanada.com\/fr\/wp-json\/wp\/v2\/media?parent=415743"}],"wp:term":[{"taxonomy":"product_brand","embeddable":true,"href":"https:\/\/www.avenuedesigncanada.com\/fr\/wp-json\/wp\/v2\/product_brand?post=415743"},{"taxonomy":"product_cat","embeddable":true,"href":"https:\/\/www.avenuedesigncanada.com\/fr\/wp-json\/wp\/v2\/product_cat?post=415743"},{"taxonomy":"product_tag","embeddable":true,"href":"https:\/\/www.avenuedesigncanada.com\/fr\/wp-json\/wp\/v2\/product_tag?post=415743"}],"curies":[{"name":"wp","href":"https:\/\/api.w.org\/{rel}","templated":true}]}}