{"id":416054,"date":"2026-04-07T15:59:31","date_gmt":"2026-04-07T19:59:31","guid":{"rendered":"https:\/\/www.avenuedesigncanada.com\/product\/lustre-led-rond-soffio-light\/"},"modified":"2026-04-07T16:02:20","modified_gmt":"2026-04-07T20:02:20","slug":"lustre-led-rond-soffio-light","status":"publish","type":"product","link":"https:\/\/www.avenuedesigncanada.com\/fr\/product\/lustre-led-rond-soffio-light\/","title":{"rendered":"Lustre LED rond Soffio Light"},"content":{"rendered":"<p><em>  Le lustre LED rond Soffio Light pr\u00e9sente les caract\u00e9ristiques suivantes : <em><br \/>\nSource lumineuse LED \u00e0 gradation int\u00e9gr\u00e9e<br \/>\nLongueur du c\u00e2ble : 96&Prime;<br \/>\nDimension de l&rsquo;abat-jour : 1.5&Prime; H x 24&Prime; D<br \/>\nFini noir mat et or bross\u00e9 : Noir mat et or bross\u00e9<br \/>\nMat\u00e9riau de l&rsquo;abat-jour : Verre<br \/>\nCouleur de l&rsquo;abat-jour : Clair<br \/>\nNombre d&rsquo;abat-jour : 11<br \/>\nDimension de l&rsquo;abat-jour : 3.75&Prime; H x 4.75&Prime; D<br \/>\nPoids du produit : 25 lbs.<br \/>\nAvez-vous des questions sur ce produit ?<br \/>\nNos designers sont l\u00e0 pour vous aider. Appelez-nous au (514) 340-9351<\/p>\n","protected":false},"excerpt":{"rendered":"<p>Un look unique et sophistiqu\u00e9 avec des sph\u00e8res en verre grav\u00e9 et des tubes m\u00e9talliques fabriqu\u00e9s \u00e0 la main.<br \/>\nDisponible en noir mat, plaqu\u00e9 or bross\u00e9, ou une combinaison des deux finitions.<br \/>\nR\u00e9glable pour s&rsquo;adapter \u00e0 tout espace avec des d\u00e9charges de tension faciles \u00e0 mettre en place.<\/p>\n","protected":false},"featured_media":415915,"template":"","meta":{"_kad_blocks_custom_css":"","_kad_blocks_head_custom_js":"","_kad_blocks_body_custom_js":"","_kad_blocks_footer_custom_js":"","_kad_post_transparent":"","_kad_post_title":"","_kad_post_layout":"","_kad_post_sidebar_id":"","_kad_post_content_style":"","_kad_post_vertical_padding":"","_kad_post_feature":"","_kad_post_feature_position":"","_kad_post_header":false,"_kad_post_footer":false,"_kad_post_classname":""},"product_brand":[],"product_cat":[2195],"product_tag":[2196],"class_list":{"0":"post-416054","1":"product","2":"type-product","3":"status-publish","4":"has-post-thumbnail","6":"product_cat-chandelier","7":"product_tag-enlighten-fr","9":"first","10":"instock","11":"taxable","12":"shipping-taxable","13":"product-type-simple","14":"entry","15":"content-bg","16":"loop-entry"},"taxonomy_info":{"product_cat":[{"value":2195,"label":"Chandelier"}],"product_tag":[{"value":2196,"label":"ENLIGHTEN"}]},"featured_image_src_large":["https:\/\/www.avenuedesigncanada.com\/wp-content\/uploads\/2026\/04\/SOFFIO-12111-02-25-Light-Round-LED-Chandelier-1024x1024.png",1024,1024,true],"author_info":[],"comment_info":"","_links":{"self":[{"href":"https:\/\/www.avenuedesigncanada.com\/fr\/wp-json\/wp\/v2\/product\/416054","targetHints":{"allow":["GET"]}}],"collection":[{"href":"https:\/\/www.avenuedesigncanada.com\/fr\/wp-json\/wp\/v2\/product"}],"about":[{"href":"https:\/\/www.avenuedesigncanada.com\/fr\/wp-json\/wp\/v2\/types\/product"}],"wp:featuredmedia":[{"embeddable":true,"href":"https:\/\/www.avenuedesigncanada.com\/fr\/wp-json\/wp\/v2\/media\/415915"}],"wp:attachment":[{"href":"https:\/\/www.avenuedesigncanada.com\/fr\/wp-json\/wp\/v2\/media?parent=416054"}],"wp:term":[{"taxonomy":"product_brand","embeddable":true,"href":"https:\/\/www.avenuedesigncanada.com\/fr\/wp-json\/wp\/v2\/product_brand?post=416054"},{"taxonomy":"product_cat","embeddable":true,"href":"https:\/\/www.avenuedesigncanada.com\/fr\/wp-json\/wp\/v2\/product_cat?post=416054"},{"taxonomy":"product_tag","embeddable":true,"href":"https:\/\/www.avenuedesigncanada.com\/fr\/wp-json\/wp\/v2\/product_tag?post=416054"}],"curies":[{"name":"wp","href":"https:\/\/api.w.org\/{rel}","templated":true}]}}