{"id":416055,"date":"2026-04-07T15:59:41","date_gmt":"2026-04-07T19:59:41","guid":{"rendered":"https:\/\/www.avenuedesigncanada.com\/product\/lustre-led-ovale-sanremo\/"},"modified":"2026-04-07T16:02:22","modified_gmt":"2026-04-07T20:02:22","slug":"lustre-led-ovale-sanremo","status":"publish","type":"product","link":"https:\/\/www.avenuedesigncanada.com\/fr\/product\/lustre-led-ovale-sanremo\/","title":{"rendered":"Lustre LED ovale Sanremo"},"content":{"rendered":"<p><em>  Le lustre LED ovale Sanremo pr\u00e9sente les caract\u00e9ristiques suivantes : <em><br \/>\nLongueur du c\u00e2ble\/ fil : 144&Prime;<br \/>\nDimension de la vo\u00fbte : 14&Prime; L x 6&Prime; P L x 6&Prime; W<br \/>\nFinition : Gris bross\u00e9 peint<br \/>\nMat\u00e9riau de l&rsquo;abat-jour : Verre<br \/>\nCouleur de l&rsquo;abat-jour : Cognac<br \/>\nNombre d&rsquo;abat-jour : 1<br \/>\nDimension de l&rsquo;abat-jour : 36&Prime; L x 9.5&Prime; L<br \/>\nPoids du produit : 14.3 lbs.<br \/>\nLes luminaires pesant 35 lbs. ou plus doivent \u00eatre support\u00e9s et install\u00e9s ind\u00e9pendamment de la bo\u00eete de sortie de plafond (jonction) et n\u00e9cessitent un support suppl\u00e9mentaire dans le plafond o\u00f9 le luminaire est install\u00e9.<br \/>\nAvez-vous des questions sur ce produit ?<br \/>\nNos concepteurs sont l\u00e0 pour vous aider.  Appelez-nous au (514) 340-9351<\/p>\n","protected":false},"excerpt":{"rendered":"<p>Ce luminaire pr\u00e9sente une longue forme sculpturale en verre faite \u00e0 la main qui ressemble \u00e0 une feuille l\u00e9g\u00e8rement incurv\u00e9e avec un centre en m\u00e9tal.<br \/>\nSa surface m\u00e9lange des tons dor\u00e9s chatoyants avec des textures plus douces et argent\u00e9es, cr\u00e9ant un jeu dynamique d&rsquo;ombre et de lumi\u00e8re.<br \/>\nSuspendue par deux c\u00e2bles presque invisibles, la pi\u00e8ce semble flotter sans effort sous une canop\u00e9e \u00e9l\u00e9gante.<br \/>\nTemp\u00e9rature de couleur r\u00e9glable pour la source de lumi\u00e8re LED.<br \/>\nCette pi\u00e8ce \u00e9tonnante offre des temp\u00e9ratures de couleur polyvalentes, cr\u00e9ant une ambiance parfaite o\u00f9 qu&rsquo;elle brille.<\/p>\n","protected":false},"featured_media":415871,"template":"","meta":{"_kad_blocks_custom_css":"","_kad_blocks_head_custom_js":"","_kad_blocks_body_custom_js":"","_kad_blocks_footer_custom_js":"","_kad_post_transparent":"","_kad_post_title":"","_kad_post_layout":"","_kad_post_sidebar_id":"","_kad_post_content_style":"","_kad_post_vertical_padding":"","_kad_post_feature":"","_kad_post_feature_position":"","_kad_post_header":false,"_kad_post_footer":false,"_kad_post_classname":""},"product_brand":[],"product_cat":[2195],"product_tag":[2196],"class_list":{"0":"post-416055","1":"product","2":"type-product","3":"status-publish","4":"has-post-thumbnail","6":"product_cat-chandelier","7":"product_tag-enlighten-fr","9":"first","10":"instock","11":"taxable","12":"shipping-taxable","13":"product-type-simple","14":"entry","15":"content-bg","16":"loop-entry"},"taxonomy_info":{"product_cat":[{"value":2195,"label":"Chandelier"}],"product_tag":[{"value":2196,"label":"ENLIGHTEN"}]},"featured_image_src_large":["https:\/\/www.avenuedesigncanada.com\/wp-content\/uploads\/2026\/04\/SANREMO-12322-041-52_-Oval-LED-Chandelier-1024x1024.png",1024,1024,true],"author_info":[],"comment_info":"","_links":{"self":[{"href":"https:\/\/www.avenuedesigncanada.com\/fr\/wp-json\/wp\/v2\/product\/416055","targetHints":{"allow":["GET"]}}],"collection":[{"href":"https:\/\/www.avenuedesigncanada.com\/fr\/wp-json\/wp\/v2\/product"}],"about":[{"href":"https:\/\/www.avenuedesigncanada.com\/fr\/wp-json\/wp\/v2\/types\/product"}],"wp:featuredmedia":[{"embeddable":true,"href":"https:\/\/www.avenuedesigncanada.com\/fr\/wp-json\/wp\/v2\/media\/415871"}],"wp:attachment":[{"href":"https:\/\/www.avenuedesigncanada.com\/fr\/wp-json\/wp\/v2\/media?parent=416055"}],"wp:term":[{"taxonomy":"product_brand","embeddable":true,"href":"https:\/\/www.avenuedesigncanada.com\/fr\/wp-json\/wp\/v2\/product_brand?post=416055"},{"taxonomy":"product_cat","embeddable":true,"href":"https:\/\/www.avenuedesigncanada.com\/fr\/wp-json\/wp\/v2\/product_cat?post=416055"},{"taxonomy":"product_tag","embeddable":true,"href":"https:\/\/www.avenuedesigncanada.com\/fr\/wp-json\/wp\/v2\/product_tag?post=416055"}],"curies":[{"name":"wp","href":"https:\/\/api.w.org\/{rel}","templated":true}]}}