{"id":416058,"date":"2026-04-07T15:59:39","date_gmt":"2026-04-07T19:59:39","guid":{"rendered":"https:\/\/www.avenuedesigncanada.com\/product\/lustre-led-ovale-sorrento-light\/"},"modified":"2026-04-07T16:02:27","modified_gmt":"2026-04-07T20:02:27","slug":"lustre-led-ovale-sorrento-light","status":"publish","type":"product","link":"https:\/\/www.avenuedesigncanada.com\/fr\/product\/lustre-led-ovale-sorrento-light\/","title":{"rendered":"Lustre LED ovale Sorrento Light"},"content":{"rendered":"<p><em>  Le lustre LED ovale Sorrento Light pr\u00e9sente les caract\u00e9ristiques suivantes : <em><br \/>\nLongueur du c\u00e2ble : 144&Prime;<br \/>\nDimension de l&rsquo;abat-jour : 48&Prime; L x 14&Prime; L x 1.5&Prime; H<br \/>\nFinition : Noir<br \/>\nMat\u00e9riau de l&rsquo;abat-jour : Verre<br \/>\nCouleur de l&rsquo;abat-jour : Fum\u00e9<br \/>\nNombre d&rsquo;abat-jour : 16<br \/>\nDimension de l&rsquo;abat-jour : 11&Prime; L x 3.5&Prime; L x 3&Prime; H<br \/>\nPoids du produit : 38 lbs.<br \/>\nLes luminaires pesant 35 lbs. ou plus doivent \u00eatre support\u00e9s et install\u00e9s ind\u00e9pendamment de la bo\u00eete de sortie de plafond (jonction) et n\u00e9cessitent un support suppl\u00e9mentaire dans le plafond o\u00f9 le luminaire est install\u00e9.<br \/>\nAvez-vous des questions \u00e0 propos de ce produit ?<br \/>\nNos designers sont l\u00e0 pour vous aider.  Appelez-nous au (514) 340-9351<\/p>\n","protected":false},"excerpt":{"rendered":"<p>Le verre Piastra est soigneusement sculpt\u00e9 dans des options de verre clair, ambr\u00e9 et fum\u00e9 ; en outre, des feuilles de m\u00e9tal forg\u00e9es \u00e0 la main donnent un effet de cascade hypnotique \u00e0 n&rsquo;importe quel espace.<br \/>\nLe design unique permet des capacit\u00e9s personnalis\u00e9es pour s&rsquo;adapter \u00e0 n&rsquo;importe quel espace, apportant une touche de la beaut\u00e9 de la nature \u00e0 l&rsquo;int\u00e9rieur.<br \/>\nLes courbes douces contre la lumi\u00e8re scintillante cr\u00e9ent une pi\u00e8ce subtile mais accrocheuse qui \u00e9l\u00e8vera instantan\u00e9ment votre d\u00e9cor.<br \/>\nFinition \u00e9l\u00e9gante de la canop\u00e9e avec des reliefs de tension faciles \u00e0 r\u00e9gler en hauteur.<\/p>\n","protected":false},"featured_media":415949,"template":"","meta":{"_kad_blocks_custom_css":"","_kad_blocks_head_custom_js":"","_kad_blocks_body_custom_js":"","_kad_blocks_footer_custom_js":"","_kad_post_transparent":"","_kad_post_title":"","_kad_post_layout":"","_kad_post_sidebar_id":"","_kad_post_content_style":"","_kad_post_vertical_padding":"","_kad_post_feature":"","_kad_post_feature_position":"","_kad_post_header":false,"_kad_post_footer":false,"_kad_post_classname":""},"product_brand":[],"product_cat":[2195],"product_tag":[2196],"class_list":{"0":"post-416058","1":"product","2":"type-product","3":"status-publish","4":"has-post-thumbnail","6":"product_cat-chandelier","7":"product_tag-enlighten-fr","9":"first","10":"instock","11":"taxable","12":"shipping-taxable","13":"product-type-simple","14":"entry","15":"content-bg","16":"loop-entry"},"taxonomy_info":{"product_cat":[{"value":2195,"label":"Chandelier"}],"product_tag":[{"value":2196,"label":"ENLIGHTEN"}]},"featured_image_src_large":["https:\/\/www.avenuedesigncanada.com\/wp-content\/uploads\/2026\/04\/SORRENTO-10172-019-02-16-LIGHT-OVAL-LED-CHANDELIER-1024x1024.png",1024,1024,true],"author_info":[],"comment_info":"","_links":{"self":[{"href":"https:\/\/www.avenuedesigncanada.com\/fr\/wp-json\/wp\/v2\/product\/416058","targetHints":{"allow":["GET"]}}],"collection":[{"href":"https:\/\/www.avenuedesigncanada.com\/fr\/wp-json\/wp\/v2\/product"}],"about":[{"href":"https:\/\/www.avenuedesigncanada.com\/fr\/wp-json\/wp\/v2\/types\/product"}],"wp:featuredmedia":[{"embeddable":true,"href":"https:\/\/www.avenuedesigncanada.com\/fr\/wp-json\/wp\/v2\/media\/415949"}],"wp:attachment":[{"href":"https:\/\/www.avenuedesigncanada.com\/fr\/wp-json\/wp\/v2\/media?parent=416058"}],"wp:term":[{"taxonomy":"product_brand","embeddable":true,"href":"https:\/\/www.avenuedesigncanada.com\/fr\/wp-json\/wp\/v2\/product_brand?post=416058"},{"taxonomy":"product_cat","embeddable":true,"href":"https:\/\/www.avenuedesigncanada.com\/fr\/wp-json\/wp\/v2\/product_cat?post=416058"},{"taxonomy":"product_tag","embeddable":true,"href":"https:\/\/www.avenuedesigncanada.com\/fr\/wp-json\/wp\/v2\/product_tag?post=416058"}],"curies":[{"name":"wp","href":"https:\/\/api.w.org\/{rel}","templated":true}]}}