{"id":416059,"date":"2026-04-07T15:59:24","date_gmt":"2026-04-07T19:59:24","guid":{"rendered":"https:\/\/www.avenuedesigncanada.com\/product\/lustre-trapani\/"},"modified":"2026-04-07T16:11:18","modified_gmt":"2026-04-07T20:11:18","slug":"lustre-trapani","status":"publish","type":"product","link":"https:\/\/www.avenuedesigncanada.com\/fr\/product\/lustre-trapani\/","title":{"rendered":"Lustre Trapani"},"content":{"rendered":"<p><em>  Le lustre Trapani Light pr\u00e9sente les caract\u00e9ristiques suivantes : <em><br \/>\nDisponible en finition laiton doux et noir m\u00e9tallique<br \/>\nTiges d&rsquo;extension suppl\u00e9mentaires incluses pour r\u00e9pondre \u00e0 vos besoins<br \/>\nTiges d&rsquo;extension : 1 x 3&Prime; + 1 x 6&Prime; + 1 x 12&Prime; + 1 x 18&Prime; + 2 x 24&Prime;  + 1 x 6&Prime; + 1 x 12&Prime; + 1 x 18&Prime; + 2 x 24&Prime;<br \/>\nDimension du baldaquin : 1&Prime; H x 8&Prime; P H x 8&Prime; D<br \/>\nFinition : Noir m\u00e9tallique<br \/>\nPoids du produit : 25.3 lbs.<br \/>\nAvez-vous des questions sur ce produit ?<br \/>\nNos designers sont l\u00e0 pour vous aider. Appelez-nous au (514) 340-9351<\/p>\n","protected":false},"excerpt":{"rendered":"<p>L&rsquo;\u00e9manation de la lumi\u00e8re dans l&rsquo;espace environnant cr\u00e9e un magnifique effet de fleur \u00e9panouie.<br \/>\nChaque lame est pli\u00e9e \u00e0 la main pour cr\u00e9er un canal en forme de V pr\u00e9cis.<\/p>\n","protected":false},"featured_media":416037,"template":"","meta":{"_kad_blocks_custom_css":"","_kad_blocks_head_custom_js":"","_kad_blocks_body_custom_js":"","_kad_blocks_footer_custom_js":"","_kad_post_transparent":"","_kad_post_title":"","_kad_post_layout":"","_kad_post_sidebar_id":"","_kad_post_content_style":"","_kad_post_vertical_padding":"","_kad_post_feature":"","_kad_post_feature_position":"","_kad_post_header":false,"_kad_post_footer":false,"_kad_post_classname":""},"product_brand":[],"product_cat":[2195],"product_tag":[2196],"class_list":{"0":"post-416059","1":"product","2":"type-product","3":"status-publish","4":"has-post-thumbnail","6":"product_cat-chandelier","7":"product_tag-enlighten-fr","9":"first","10":"instock","11":"taxable","12":"shipping-taxable","13":"product-type-simple","14":"entry","15":"content-bg","16":"loop-entry"},"taxonomy_info":{"product_cat":[{"value":2195,"label":"Chandelier"}],"product_tag":[{"value":2196,"label":"ENLIGHTEN"}]},"featured_image_src_large":["https:\/\/www.avenuedesigncanada.com\/wp-content\/uploads\/2026\/04\/TRAPANI-10128-05-7-Light-Chandelier-1-1024x1024.png",1024,1024,true],"author_info":[],"comment_info":"","_links":{"self":[{"href":"https:\/\/www.avenuedesigncanada.com\/fr\/wp-json\/wp\/v2\/product\/416059","targetHints":{"allow":["GET"]}}],"collection":[{"href":"https:\/\/www.avenuedesigncanada.com\/fr\/wp-json\/wp\/v2\/product"}],"about":[{"href":"https:\/\/www.avenuedesigncanada.com\/fr\/wp-json\/wp\/v2\/types\/product"}],"wp:featuredmedia":[{"embeddable":true,"href":"https:\/\/www.avenuedesigncanada.com\/fr\/wp-json\/wp\/v2\/media\/416037"}],"wp:attachment":[{"href":"https:\/\/www.avenuedesigncanada.com\/fr\/wp-json\/wp\/v2\/media?parent=416059"}],"wp:term":[{"taxonomy":"product_brand","embeddable":true,"href":"https:\/\/www.avenuedesigncanada.com\/fr\/wp-json\/wp\/v2\/product_brand?post=416059"},{"taxonomy":"product_cat","embeddable":true,"href":"https:\/\/www.avenuedesigncanada.com\/fr\/wp-json\/wp\/v2\/product_cat?post=416059"},{"taxonomy":"product_tag","embeddable":true,"href":"https:\/\/www.avenuedesigncanada.com\/fr\/wp-json\/wp\/v2\/product_tag?post=416059"}],"curies":[{"name":"wp","href":"https:\/\/api.w.org\/{rel}","templated":true}]}}