{"id":416060,"date":"2026-04-07T15:59:29","date_gmt":"2026-04-07T19:59:29","guid":{"rendered":"https:\/\/www.avenuedesigncanada.com\/product\/lustre-lineaire-siena-light\/"},"modified":"2026-04-07T16:11:19","modified_gmt":"2026-04-07T20:11:19","slug":"lustre-lineaire-siena-light","status":"publish","type":"product","link":"https:\/\/www.avenuedesigncanada.com\/fr\/product\/lustre-lineaire-siena-light\/","title":{"rendered":"Lustre lin\u00e9aire Siena Light"},"content":{"rendered":"<p><em>  Le lustre lin\u00e9aire Siena Light pr\u00e9sente les caract\u00e9ristiques suivantes : <em><br \/>\nOffert dans un fini or doux et noir<br \/>\nSource lumineuse DEL \u00e0 gradation int\u00e9gr\u00e9e<br \/>\nRallonges additionnelles incluses pour r\u00e9pondre \u00e0 vos besoins<br \/>\nRallonges : 2 x 3&Prime; + 2 x 6&Prime; + 2 x 12&Prime; + 4 x 18&Prime; Dimension de la vo\u00fbte : 19,5 cm + 2 x 6&Prime; + 2 x 12&Prime; + 4 x 18&Prime;<br \/>\nDimension du dais : 19&Prime; L x 5,5&Prime; l x 5,5&Prime; l x 5,5&Prime; l. L x 5.5&Prime; L x 1.5&Prime; H<br \/>\nFinition : Noir bross\u00e9<br \/>\nMat\u00e9riau de l&rsquo;abat-jour : Verre<br \/>\nCouleur de l&rsquo;abat-jour : Clair<br \/>\nNombre d&rsquo;abat-jour : 8<br \/>\nDimension de l&rsquo;abat-jour : 5.5&Prime; L x 5&Prime; W x 0.75&Prime; H<br \/>\nPoids du produit : 34.1 lbs.<br \/>\nAvez-vous des questions sur ce produit ?<br \/>\nNos designers sont l\u00e0 pour vous aider. Appelez-nous au (514) 340-9351<\/p>\n","protected":false},"excerpt":{"rendered":"<p>La diffusion parfaite de la lumi\u00e8re est obtenue gr\u00e2ce au verre piastra fabriqu\u00e9 \u00e0 la main.<br \/>\nDes \u00e9l\u00e9ments modernes combin\u00e9s \u00e0 une touche classique \u00e9l\u00e8vent l&rsquo;exp\u00e9rience de l&rsquo;\u00e9clairage transitionnel.<\/p>\n","protected":false},"featured_media":415905,"template":"","meta":{"_kad_blocks_custom_css":"","_kad_blocks_head_custom_js":"","_kad_blocks_body_custom_js":"","_kad_blocks_footer_custom_js":"","_kad_post_transparent":"","_kad_post_title":"","_kad_post_layout":"","_kad_post_sidebar_id":"","_kad_post_content_style":"","_kad_post_vertical_padding":"","_kad_post_feature":"","_kad_post_feature_position":"","_kad_post_header":false,"_kad_post_footer":false,"_kad_post_classname":""},"product_brand":[],"product_cat":[2195],"product_tag":[2196],"class_list":{"0":"post-416060","1":"product","2":"type-product","3":"status-publish","4":"has-post-thumbnail","6":"product_cat-chandelier","7":"product_tag-enlighten-fr","9":"first","10":"instock","11":"taxable","12":"shipping-taxable","13":"product-type-simple","14":"entry","15":"content-bg","16":"loop-entry"},"taxonomy_info":{"product_cat":[{"value":2195,"label":"Chandelier"}],"product_tag":[{"value":2196,"label":"ENLIGHTEN"}]},"featured_image_src_large":["https:\/\/www.avenuedesigncanada.com\/wp-content\/uploads\/2026\/04\/SIENA-10173-014-6-LIGHT-LINEAR-LED-CHANDELIER-1024x1024.png",1024,1024,true],"author_info":[],"comment_info":"","_links":{"self":[{"href":"https:\/\/www.avenuedesigncanada.com\/fr\/wp-json\/wp\/v2\/product\/416060","targetHints":{"allow":["GET"]}}],"collection":[{"href":"https:\/\/www.avenuedesigncanada.com\/fr\/wp-json\/wp\/v2\/product"}],"about":[{"href":"https:\/\/www.avenuedesigncanada.com\/fr\/wp-json\/wp\/v2\/types\/product"}],"wp:featuredmedia":[{"embeddable":true,"href":"https:\/\/www.avenuedesigncanada.com\/fr\/wp-json\/wp\/v2\/media\/415905"}],"wp:attachment":[{"href":"https:\/\/www.avenuedesigncanada.com\/fr\/wp-json\/wp\/v2\/media?parent=416060"}],"wp:term":[{"taxonomy":"product_brand","embeddable":true,"href":"https:\/\/www.avenuedesigncanada.com\/fr\/wp-json\/wp\/v2\/product_brand?post=416060"},{"taxonomy":"product_cat","embeddable":true,"href":"https:\/\/www.avenuedesigncanada.com\/fr\/wp-json\/wp\/v2\/product_cat?post=416060"},{"taxonomy":"product_tag","embeddable":true,"href":"https:\/\/www.avenuedesigncanada.com\/fr\/wp-json\/wp\/v2\/product_tag?post=416060"}],"curies":[{"name":"wp","href":"https:\/\/api.w.org\/{rel}","templated":true}]}}