{"id":416061,"date":"2026-04-07T15:59:22","date_gmt":"2026-04-07T19:59:22","guid":{"rendered":"https:\/\/www.avenuedesigncanada.com\/product\/lustre-led-lineaire-torino-light\/"},"modified":"2026-04-07T16:11:19","modified_gmt":"2026-04-07T20:11:19","slug":"lustre-led-lineaire-torino-light","status":"publish","type":"product","link":"https:\/\/www.avenuedesigncanada.com\/fr\/product\/lustre-led-lineaire-torino-light\/","title":{"rendered":"Lustre LED lin\u00e9aire Torino Light"},"content":{"rendered":"<p><em>  Le lustre DEL lin\u00e9aire Torino Light pr\u00e9sente les caract\u00e9ristiques suivantes : <em><br \/>\nLongueur du c\u00e2ble : 96&Prime;<br \/>\nDimension de l&rsquo;auvent : 16.5&Prime; L x 5.5&Prime; L x 2&Prime; H<br \/>\nFinition : Gris vintage bross\u00e9<br \/>\nMat\u00e9riau de l&rsquo;abat-jour : Acrylique Poids du produit : 30 lbs : Acrylique<br \/>\nCouleur de l&rsquo;abat-jour : blanc<br \/>\nPoids du produit : 30 lbs.<br \/>\nVous avez des questions sur ce produit ?<br \/>\nNos designers sont l\u00e0 pour vous aider. Appelez-nous au (514) 340-9351<\/p>\n","protected":false},"excerpt":{"rendered":"<p>Le luminaire rectangulaire pr\u00e9sente des d\u00e9coupes circulaires frappantes qui cr\u00e9ent un design audacieux et moderne tout en permettant \u00e0 la lumi\u00e8re de briller \u00e0 travers un motif dynamique.<br \/>\nChaque d\u00e9coupe circulaire est \u00e9clair\u00e9e \u00e0 l&rsquo;int\u00e9rieur, projetant une douce lueur ambiante qui met en valeur le design du luminaire et cr\u00e9e un effet visuel captivant.<br \/>\nCe luminaire est fabriqu\u00e9 en m\u00e9tal avec une finition bross\u00e9e \u00e0 la main, ajoutant une texture raffin\u00e9e et une touche unique et \u00e9l\u00e9gante.<br \/>\nLe design moderne apporte un aspect frais et contemporain \u00e0 n&rsquo;importe quel espace, am\u00e9liorant sans effort l&rsquo;atmosph\u00e8re gr\u00e2ce \u00e0 ses lignes \u00e9pur\u00e9es.<\/p>\n","protected":false},"featured_media":415985,"template":"","meta":{"_kad_blocks_custom_css":"","_kad_blocks_head_custom_js":"","_kad_blocks_body_custom_js":"","_kad_blocks_footer_custom_js":"","_kad_post_transparent":"","_kad_post_title":"","_kad_post_layout":"","_kad_post_sidebar_id":"","_kad_post_content_style":"","_kad_post_vertical_padding":"","_kad_post_feature":"","_kad_post_feature_position":"","_kad_post_header":false,"_kad_post_footer":false,"_kad_post_classname":""},"product_brand":[],"product_cat":[2195],"product_tag":[2196],"class_list":{"0":"post-416061","1":"product","2":"type-product","3":"status-publish","4":"has-post-thumbnail","6":"product_cat-chandelier","7":"product_tag-enlighten-fr","9":"first","10":"instock","11":"taxable","12":"shipping-taxable","13":"product-type-simple","14":"entry","15":"content-bg","16":"loop-entry"},"taxonomy_info":{"product_cat":[{"value":2195,"label":"Chandelier"}],"product_tag":[{"value":2196,"label":"ENLIGHTEN"}]},"featured_image_src_large":["https:\/\/www.avenuedesigncanada.com\/wp-content\/uploads\/2026\/04\/TORINO-12195-042-10-LIGHT-LINEAR-LED-CHANDELIER-1024x1024.png",1024,1024,true],"author_info":[],"comment_info":"","_links":{"self":[{"href":"https:\/\/www.avenuedesigncanada.com\/fr\/wp-json\/wp\/v2\/product\/416061","targetHints":{"allow":["GET"]}}],"collection":[{"href":"https:\/\/www.avenuedesigncanada.com\/fr\/wp-json\/wp\/v2\/product"}],"about":[{"href":"https:\/\/www.avenuedesigncanada.com\/fr\/wp-json\/wp\/v2\/types\/product"}],"wp:featuredmedia":[{"embeddable":true,"href":"https:\/\/www.avenuedesigncanada.com\/fr\/wp-json\/wp\/v2\/media\/415985"}],"wp:attachment":[{"href":"https:\/\/www.avenuedesigncanada.com\/fr\/wp-json\/wp\/v2\/media?parent=416061"}],"wp:term":[{"taxonomy":"product_brand","embeddable":true,"href":"https:\/\/www.avenuedesigncanada.com\/fr\/wp-json\/wp\/v2\/product_brand?post=416061"},{"taxonomy":"product_cat","embeddable":true,"href":"https:\/\/www.avenuedesigncanada.com\/fr\/wp-json\/wp\/v2\/product_cat?post=416061"},{"taxonomy":"product_tag","embeddable":true,"href":"https:\/\/www.avenuedesigncanada.com\/fr\/wp-json\/wp\/v2\/product_tag?post=416061"}],"curies":[{"name":"wp","href":"https:\/\/api.w.org\/{rel}","templated":true}]}}