{"id":416062,"date":"2026-04-07T15:59:26","date_gmt":"2026-04-07T19:59:26","guid":{"rendered":"https:\/\/www.avenuedesigncanada.com\/product\/lustre-led-lineaire-savona-light\/"},"modified":"2026-04-07T16:11:20","modified_gmt":"2026-04-07T20:11:20","slug":"lustre-led-lineaire-savona-light","status":"publish","type":"product","link":"https:\/\/www.avenuedesigncanada.com\/fr\/product\/lustre-led-lineaire-savona-light\/","title":{"rendered":"Lustre LED lin\u00e9aire Savona Light"},"content":{"rendered":"<p><em>  Le lustre LED lin\u00e9aire Savona Light pr\u00e9sente les caract\u00e9ristiques suivantes : <em><br \/>\nTiges d&rsquo;extension : 3&Prime; + 6&Prime; + 12&Prime; + 18&Prime; + 18&Prime;<br \/>\nDimension du dais : 41&Prime; L x 5.5&Prime; W<br \/>\nFinition : Chrome<br \/>\nMat\u00e9riau de l&rsquo;abat-jour : Verre<br \/>\nCouleur de l&rsquo;abat-jour : Fum\u00e9<br \/>\nNombre d&rsquo;abat-jour : 1<br \/>\nDimension de l&rsquo;abat-jour : 21.5&Prime; L x 7&Prime; W x 3.5&Prime; H<br \/>\nPoids du produit : 19.7 lbs.<br \/>\nAvez-vous des questions sur ce produit ?<br \/>\nNos designers sont l\u00e0 pour vous aider. Appelez-nous au (514) 340-9351<\/p>\n","protected":false},"excerpt":{"rendered":"<p>Le verre Piastra est soigneusement sculpt\u00e9 dans des options de verre clair, ambr\u00e9 et fum\u00e9.<br \/>\nLe design unique permet des capacit\u00e9s personnalis\u00e9es pour s&rsquo;adapter \u00e0 n&rsquo;importe quel espace, apportant une touche de la beaut\u00e9 de la nature \u00e0 l&rsquo;int\u00e9rieur.<br \/>\nLes courbes douces contre la lumi\u00e8re scintillante cr\u00e9ent une pi\u00e8ce subtile mais accrocheuse qui \u00e9l\u00e8vera instantan\u00e9ment votre d\u00e9cor.<br \/>\nFinition chrom\u00e9e de la canop\u00e9e avec des tiges d&rsquo;extension incluses.<\/p>\n","protected":false},"featured_media":415893,"template":"","meta":{"_kad_blocks_custom_css":"","_kad_blocks_head_custom_js":"","_kad_blocks_body_custom_js":"","_kad_blocks_footer_custom_js":"","_kad_post_transparent":"","_kad_post_title":"","_kad_post_layout":"","_kad_post_sidebar_id":"","_kad_post_content_style":"","_kad_post_vertical_padding":"","_kad_post_feature":"","_kad_post_feature_position":"","_kad_post_header":false,"_kad_post_footer":false,"_kad_post_classname":""},"product_brand":[],"product_cat":[2195],"product_tag":[2196],"class_list":{"0":"post-416062","1":"product","2":"type-product","3":"status-publish","4":"has-post-thumbnail","6":"product_cat-chandelier","7":"product_tag-enlighten-fr","9":"first","10":"instock","11":"taxable","12":"shipping-taxable","13":"product-type-simple","14":"entry","15":"content-bg","16":"loop-entry"},"taxonomy_info":{"product_cat":[{"value":2195,"label":"Chandelier"}],"product_tag":[{"value":2196,"label":"ENLIGHTEN"}]},"featured_image_src_large":["https:\/\/www.avenuedesigncanada.com\/wp-content\/uploads\/2026\/04\/SAVONA-12116-023-6-LIGHT-LED-GRAND-CHANDELIER-1024x1024.png",1024,1024,true],"author_info":[],"comment_info":"","_links":{"self":[{"href":"https:\/\/www.avenuedesigncanada.com\/fr\/wp-json\/wp\/v2\/product\/416062","targetHints":{"allow":["GET"]}}],"collection":[{"href":"https:\/\/www.avenuedesigncanada.com\/fr\/wp-json\/wp\/v2\/product"}],"about":[{"href":"https:\/\/www.avenuedesigncanada.com\/fr\/wp-json\/wp\/v2\/types\/product"}],"wp:featuredmedia":[{"embeddable":true,"href":"https:\/\/www.avenuedesigncanada.com\/fr\/wp-json\/wp\/v2\/media\/415893"}],"wp:attachment":[{"href":"https:\/\/www.avenuedesigncanada.com\/fr\/wp-json\/wp\/v2\/media?parent=416062"}],"wp:term":[{"taxonomy":"product_brand","embeddable":true,"href":"https:\/\/www.avenuedesigncanada.com\/fr\/wp-json\/wp\/v2\/product_brand?post=416062"},{"taxonomy":"product_cat","embeddable":true,"href":"https:\/\/www.avenuedesigncanada.com\/fr\/wp-json\/wp\/v2\/product_cat?post=416062"},{"taxonomy":"product_tag","embeddable":true,"href":"https:\/\/www.avenuedesigncanada.com\/fr\/wp-json\/wp\/v2\/product_tag?post=416062"}],"curies":[{"name":"wp","href":"https:\/\/api.w.org\/{rel}","templated":true}]}}